{"id":93287,"date":"2024-11-13T14:48:39","date_gmt":"2024-11-13T18:48:39","guid":{"rendered":"https:\/\/tns.m5.ca\/terms-conditions-visitnovascotia\/"},"modified":"2024-11-26T09:48:58","modified_gmt":"2024-11-26T13:48:58","slug":"terms-conditions-visitnovascotia","status":"publish","type":"page","link":"https:\/\/novascotia.com\/fr\/terms-conditions-visitnovascotia\/","title":{"rendered":"Terms &amp; Conditions: #VisitNovaScotia"},"content":{"rendered":"    <section  class=\"section-banner default no-overlay\">\n                                <picture class=\"bg-image\">\n                                                <img decoding=\"async\" width=\"960\" height=\"540\" src=\"https:\/\/novascotia.com\/wp-content\/uploads\/2024\/09\/blomidon-estates-winery-selfie-1920x1080-66f19a6e2ec21.webp\" class=\"attachment-full size-full\" alt=\"Friends taking a selfie on the deck at Blomidon Estate Winery in Nova Scotia&#039;s Annapolis Valley\" srcset=\"https:\/\/novascotia.com\/wp-content\/uploads\/2024\/09\/blomidon-estates-winery-selfie-1920x1080-66f19a6e2ec21.webp 960w, https:\/\/novascotia.com\/wp-content\/uploads\/2024\/09\/blomidon-estates-winery-selfie-1920x1080-66f19a6e2ec21-300x169.webp 300w, https:\/\/novascotia.com\/wp-content\/uploads\/2024\/09\/blomidon-estates-winery-selfie-1920x1080-66f19a6e2ec21-768x432.webp 768w\" sizes=\"(max-width: 960px) 100vw, 960px\" \/>            <\/picture>\n                            <div class=\"container\">\n                <div class=\"inner-holder\">\n                                            <div class=\"content w-large\">\n                                                            <h1>Conditions g\u00e9n\u00e9rales d\u2019utilisation : #VisitNovaScotia<\/h1>\n                                                                                <\/div>\n                                    <\/div>\n            <\/div>\n            <\/section>\n<section class=\"section-breadcrumb\">\n    <div class=\"container\">\n    <div class=\"breadcrumbs\" typeof=\"BreadcrumbList\" vocab=\"https:\/\/schema.org\/\">\n            <ul class=\"breadcrumbs-list\">\n            <li class=\"home\"><span property=\"itemListElement\" typeof=\"ListItem\"><a property=\"item\" typeof=\"WebPage\" title=\"Go to Tourism Nova Scotia.\" href=\"https:\/\/novascotia.com\/fr\/\" class=\"home\" ><span property=\"name\">Home<\/span><\/a><meta property=\"position\" content=\"1\"><\/span><\/li>\n<li class=\"post-root post post-post\"><span property=\"itemListElement\" typeof=\"ListItem\"><a property=\"item\" typeof=\"WebPage\" title=\"Aller \u00e0 Notre blog.\" href=\"https:\/\/novascotia.com\/fr\/blog\/\" class=\"post-root post post-post\" aria-current=\"page\"><span property=\"name\">Notre blog<\/span><\/a><meta property=\"position\" content=\"2\"><\/span><\/li>\n        <\/ul>\n    <\/div>\n    <\/div>\n<\/section>\n\n\n\n\n<div style=\"height:100px\" aria-hidden=\"true\" class=\"wp-block-spacer\"><\/div>\n\n\n    <section  class=\"text-component\">\n        <div class=\"container\">\n                    <div class=\"inner\">\n                <p>Bonjour! Si vous consultez cette page, c\u2019est sans doute parce que nous vous avons demand\u00e9 les droits d\u2019utilisation d\u2019une photo ou d\u2019une vid\u00e9o que vous avez partag\u00e9e sur les m\u00e9dias sociaux.<\/p>\n<p>Qu\u2019est-ce que cela signifie de nous donner les droits sur votre contenu en r\u00e9pondant avec #yesvisitnovascotia? Voici des r\u00e9ponses aux questions fr\u00e9quemment pos\u00e9es ainsi que les conditions g\u00e9n\u00e9rales d\u2019utilisation :<\/p>\n<h2>FAQ<\/h2>\n<p><strong>Pourquoi demandez-vous les droits sur ma photo\/vid\u00e9o?<\/strong><br \/>\nParce qu\u2019on l\u2019aime, tout simplement! Et nous esp\u00e9rons que vous nous permettrez de la partager avec le monde entier afin d\u2019encourager plus de gens \u00e0 visiter la Nouvelle-\u00c9cosse.<\/p>\n<p><strong>O\u00f9 et comment utiliserez-vous ma photo\/vid\u00e9o?<\/strong><br \/>\nIl se peut que nous cherchions simplement \u00e0 partager la photo\/vid\u00e9o sur notre page Instagram. Les autres endroits o\u00f9 nous pouvons utiliser la photo\/vid\u00e9o comprennent, sans s&rsquo;y limiter, nos diff\u00e9rentes plateformes de m\u00e9dias sociaux (y compris Instagram, Facebook et Twitter) &#8211; \u00e0 la fois dans les messages organiques et payants &#8211; ici sur NovaScotia.com, dans notre guide de voyage annuel et dans les placements publicitaires num\u00e9riques.<\/p>\n<p><strong>Pourquoi dites-vous que vous allez \u00ab peut-\u00eatre \u00bb la partager et non \u00ab certainement \u00bb la partager?<\/strong><br \/>\nDans le domaine du marketing, les plans changent constamment. Il est possible que nous ne l\u2019utilisions pas \u00e0 l\u2019endroit o\u00f9 nous l\u2019avions pr\u00e9vu \u00e0 l\u2019origine, ou que nous utilisions un contenu diff\u00e9rent \u00e0 la place.<\/p>\n<p><strong>Allez-vous mentionner qu\u2019il s\u2019agit de ma photo\/vid\u00e9o?<\/strong><br \/>\nNous afficherons votre nom d\u2019utilisateur, votre pr\u00e9nom ou votre photo chaque fois que nous le pourrons, mais il est possible que certains types de placements ne nous le permettent pas. S\u2019il est possible de le faire, nous le ferons absolument!<\/p>\n<p><strong>Allez-vous modifier ma photo\/vid\u00e9o?<\/strong><br \/>\nDans certains cas, nous devrons recadrer la photo\/vid\u00e9o pour qu&rsquo;elle s&rsquo;adapte mieux aux dimensions de l&rsquo;affichage ou apporter d&rsquo;autres modifications, mais nous essaierons toujours de limiter les retouches au minimum. Vous avez pris une belle photo\/vid\u00e9o et nous ne voulons surtout pas y toucher!<\/p>\n<p><strong>Vais-je recevoir une notification si vous utilisez ma photo\/vid\u00e9o?<\/strong><br \/>\nNous aimerions pouvoir avertir tout le monde, mais en raison du volume \u00e9lev\u00e9 de CGU que nous partageons, nous ne sommes pas en mesure de le faire chaque fois qu&rsquo;une image est susceptible d\u2019\u00eatre utilis\u00e9e.<\/p>\n<h2>Conditions de demande de droits sur les mots-clics<\/h2>\n<p>Conditions d\u2019utilisation pour les fournisseurs de contenu de Tourisme Nouvelle-\u00c9cosse, novascotia.com.<\/p>\n<p>Tourisme Nouvelle-\u00c9cosse est une soci\u00e9t\u00e9 d&rsquo;\u00c9tat provinciale dirig\u00e9e par le secteur priv\u00e9, dont le si\u00e8ge se trouve au 8 Water Street, Windsor, Nouvelle-\u00c9cosse, B0N 2T0.<\/p>\n<p>EN CLIQUANT SUR \u00ab J&rsquo;ACCEPTE LES CONDITIONS G\u00c9N\u00c9RALES \u00bb, JE CONFIRME QUE J&rsquo;AI ATTEINT L&rsquo;\u00c2GE DE LA MAJORIT\u00c9 DANS MA JURIDICTION DE R\u00c9SIDENCE ET QUE JE SUIS L\u00c9GALEMENT AUTORIS\u00c9 \u00c0 CONCLURE CE CONSENTEMENT ET CETTE D\u00c9CHARGE EN MON NOM PROPRE, QUE J&rsquo;AI LU, COMPRIS ET ACCEPT\u00c9 LES CONDITIONS G\u00c9N\u00c9RALES DE CE CONSENTEMENT ET DE CETTE D\u00c9CHARGE ET QUE J&rsquo;AI L&rsquo;INTENTION DE CONCLURE UN ACCORD DE RENONCIATION \u00c0 MES DROITS, Y COMPRIS MON DROIT DE D\u00c9POSER UNE PLAINTE, EN CE QUI CONCERNE L&rsquo;UTILISATION DE MON CONTENU (TEL QUE D\u00c9FINI CI-DESSOUS).<\/p>\n<p>Moyennant bonne et valable contrepartie, y compris la possibilit\u00e9 de participer aux initiatives touristiques de Tourisme Nouvelle-\u00c9cosse, dont la r\u00e9ception et la suffisance sont par la pr\u00e9sente reconnues, je, en mon nom et au nom de mes successeurs, h\u00e9ritiers et ayants droit, conviens par la pr\u00e9sente avec Tourisme Nouvelle-\u00c9cosse de ce qui suit :<\/p>\n<ol>\n<li>Licence. En cliquant sur \u00ab J&rsquo;accepte les conditions \u00bb ci-dessous, vous : (i) accordez \u00e0 Tourisme Nouvelle-\u00c9cosse et \u00e0 ses sous-licenci\u00e9s et ayants droit, \u00e0 perp\u00e9tuit\u00e9, une licence non exclusive, pouvant faire l&rsquo;objet d&rsquo;une sous-licence, cessible et enti\u00e8rement transf\u00e9rable pour utiliser, publier, afficher, reproduire, distribuer, diffuser, communiquer, modifier, traduire, \u00e9diter ou utiliser autrement vos photos, vid\u00e9os, commentaires, votre nom d&rsquo;utilisateur, votre image, votre ressemblance, votre voix ou d&rsquo;autres renseignements personnels qui peuvent y figurer (collectivement, le \u00ab contenu \u00bb), en tout ou en partie, \u00e0 des fins publicitaires ou promotionnelles, y compris, mais sans s&rsquo;y limiter, l&rsquo;utilisation du contenu sur des sites Web, y compris dans les m\u00e9dias sociaux tels que Facebook, Twitter, Instagram, Google+, YouTube, sur des sites Web destin\u00e9s aux consommateurs, dans des vid\u00e9os en ligne, le marketing par courriel et d&rsquo;autres plateformes num\u00e9riques (collectivement \u00ab l\u2019objet \u00bb); et<br \/>\n(ii) renoncez \u00e0 tous les droits moraux sur votre contenu en faveur de Tourisme Nouvelle-\u00c9cosse (et de toute personne autoris\u00e9e par Tourisme Nouvelle-\u00c9cosse \u00e0 utiliser le contenu).<\/li>\n<li>D\u00e9clarations et garanties. En cliquant sur \u00ab Confirmer \u00bb ci-dessous, vous garantissez, d\u00e9clarez et acceptez ce qui suit : i . Vous avez atteint l&rsquo;\u00e2ge de la majorit\u00e9 dans votre juridiction de r\u00e9sidence;<br \/>\nii. Votre contenu (et chacun de ses \u00e9l\u00e9ments) est enti\u00e8rement original (c&rsquo;est-\u00e0-dire que vous \u00eates le photographe\/vid\u00e9aste original),vous en \u00eates l&rsquo;unique propri\u00e9taire et vous avez obtenu tous les droits, autorisations et licences auxiliaires n\u00e9cessaires pour le contenu (et tous ses \u00e9l\u00e9ments) afin d&rsquo;accepter les pr\u00e9sentes conditions g\u00e9n\u00e9rales);<br \/>\niii. Vous avez d\u00e9j\u00e0 publi\u00e9 publiquement votre contenu sur votre compte Instagram, Facebook, Twitter ou tout autre compte de m\u00e9dias sociaux de ce type et votre contenu n&rsquo;a pas \u00e9t\u00e9 sc\u00e9naris\u00e9, produit professionnellement, contract\u00e9, dirig\u00e9 ou pay\u00e9;<br \/>\niv. Votre contenu (et chacun de ses \u00e9l\u00e9ments) n\u2019enfreint aucune loi, ordonnance ou r\u00e9glementation ni aucun statut,;<br \/>\nv. votre contenu (et chacun de ses \u00e9l\u00e9ments) ne contient aucune r\u00e9f\u00e9rence \u00e0 des tiers identifiables ou \u00e0 leur image, sauf si le consentement de tous ces individus et de leurs parents ou tuteurs l\u00e9gaux a \u00e9t\u00e9 obtenu s&rsquo;ils n&rsquo;ont pas atteint l&rsquo;\u00e2ge de la majorit\u00e9 dans leur juridiction de r\u00e9sidence;<br \/>\nvi. Votre contenu (et chacun de ses \u00e9l\u00e9ments) ne donnera lieu \u00e0 aucune r\u00e9clamation, quelle qu&rsquo;elle soit, y compris, mais sans s&rsquo;y limiter, des r\u00e9clamations pour violation, atteinte \u00e0 la vie priv\u00e9e ou \u00e0 la publicit\u00e9, ni ne portera atteinte aux droits et\/ou aux int\u00e9r\u00eats d&rsquo;un tiers;<br \/>\nvii. Vous n&rsquo;avez aucun droit d&rsquo;approbation, aucune demande de compensation ou d&rsquo;avantage suppl\u00e9mentaire, et aucune r\u00e9clamation (y compris, mais sans s&rsquo;y limiter, les r\u00e9clamations fond\u00e9es sur l&rsquo;atteinte \u00e0 la vie priv\u00e9e, la diffamation ou le droit de publicit\u00e9) d\u00e9coulant de votre contenu dans le cadre des pr\u00e9sentes conditions g\u00e9n\u00e9rales;<br \/>\nviii. Votre contenu (et chacun de ses \u00e9l\u00e9ments) n&rsquo;est ni diffamatoire, ni calomnieux, ni pornographique, ni obsc\u00e8ne, et il ne contient pas, ne repr\u00e9sente pas, n&rsquo;inclut pas, ou n&rsquo;implique pas, sans s&rsquo;y limiter, l&rsquo;un des \u00e9l\u00e9ments suivants et n\u2019en discute pas : des repr\u00e9sentations ou de comportements dangereux; de la nudit\u00e9 (partielle ou autre); de la consommation d&rsquo;alcool\/de drogues ou le tabagisme; une activit\u00e9 sexuelle explicite ou graphique, ou des insinuations sexuelles; un langage et\/ou des symboles grossiers, vulgaires ou offensants; des caract\u00e9risations d\u00e9sobligeantes de tout groupe ethnique, racial, sexuel, religieux ou autre; un contenu qui approuve ou tol\u00e8re un comportement ou une conduite ill\u00e9gale, inappropri\u00e9e ou risqu\u00e9e; les renseignements personnels de personnes qui n&rsquo;ont pas donn\u00e9 leur consentement; les num\u00e9ros de t\u00e9l\u00e9phone et\/ou les adresses (physiques ou \u00e9lectroniques); les messages commerciaux, les comparaisons ou les sollicitations de produits ou de services; les produits, les marques de commerce, les marques et\/ou les logos de tiers identifiables; et\/ou tout autre contenu qui est ou qui pourrait \u00eatre consid\u00e9r\u00e9 comme inappropri\u00e9, d\u00e9nigrant, inad\u00e9quat ou offensant, et n\u2019en discute pas, le tout tel que d\u00e9termin\u00e9 par Tourisme Nouvelle-\u00c9cosse, \u00e0 sa seule et enti\u00e8re discr\u00e9tion.<\/li>\n<li>Indemnit\u00e9. Par les pr\u00e9sentes, vous acceptez de lib\u00e9rer, d&rsquo;indemniser et de d\u00e9gager de toute responsabilit\u00e9 Tourisme Nouvelle-\u00c9cosse, ses agences de publicit\u00e9 et de promotion et chacun de leurs mandataires, employ\u00e9s, administrateurs, successeurs et ayants droit respectifs \u00e0 l&rsquo;\u00e9gard de toute r\u00e9clamation li\u00e9e, directement ou indirectement, \u00e0 votre contenu &#8211; y compris, sans s&rsquo;y limiter, les r\u00e9clamations fond\u00e9es sur les droits de publicit\u00e9, la diffamation, l&rsquo;atteinte \u00e0 la vie priv\u00e9e, la violation des droits d&rsquo;auteur, la violation des marques de commerce ou toute autre cause d&rsquo;action li\u00e9e \u00e0 la propri\u00e9t\u00e9 intellectuelle ou toute autre cause d&rsquo;action.<\/li>\n<li>Protection de la vie priv\u00e9e. Vous comprenez que tous les renseignements personnels qui se trouvent dans votre contenu sont recueillis en vertu des lois applicables en mati\u00e8re de protection de la vie priv\u00e9e, y compris la Loi sur l\u2019acc\u00e8s \u00e0 l\u2019information et la protection de la vie priv\u00e9e de la Nouvelle-\u00c9cosse, aux fins \u00e9nonc\u00e9es ci-dessus, conform\u00e9ment \u00e0 la politique de protection de la vie priv\u00e9e de Tourisme Nouvelle-\u00c9cosse. Vous comprenez que vous pouvez adresser toute question concernant la collecte de vos renseignements personnels en vertu des pr\u00e9sentes conditions \u00e0 Tourisme Nouvelle-\u00c9cosse en utilisant les renseignements \u00e9nonc\u00e9s dans notre Politique de confidentialit\u00e9. \u00c0 moins que vous n&rsquo;avisiez Tourisme Nouvelle-\u00c9cosse du contraire par \u00e9crit, vous consentez, \u00e0 compter de la date \u00e0 laquelle vous acceptez les pr\u00e9sentes modalit\u00e9s, aux fins suivantes : i. le stockage de votre Contenu et de vos renseignements personnels, \u00e0 l&rsquo;int\u00e9rieur ou \u00e0 l&rsquo;ext\u00e9rieur du Canada, par Tourisme Nouvelle-\u00c9cosse et ses fournisseurs de services, ses repr\u00e9sentants ou d&rsquo;autres tiers; ii. l&rsquo;acc\u00e8s \u00e0 votre contenu et \u00e0 vos renseignements personnels, \u00e0 l&rsquo;int\u00e9rieur ou \u00e0 l&rsquo;ext\u00e9rieur du Canada, par Tourisme Nouvelle-\u00c9cosse, ses fournisseurs de services, ses repr\u00e9sentants ou d&rsquo;autres tiers et le grand public; et iii. la divulgation de votre contenu et de vos renseignements personnels, \u00e0 l&rsquo;int\u00e9rieur ou \u00e0 l&rsquo;ext\u00e9rieur du Canada, aux fournisseurs de services, aux repr\u00e9sentants ou \u00e0 d&rsquo;autres tiers de Tourisme Nouvelle-\u00c9cosse et au grand public.<\/li>\n<li>R\u00e9silier. Si vous souhaitez que votre contenu soit retir\u00e9 du site Web de Tourisme Nouvelle-\u00c9cosse, vous devrez envoyer un message \u00e0 l&rsquo;adresse suivante : novascotia@novascotia.ca. Apr\u00e8s que Tourisme Nouvelle-\u00c9cosse a accus\u00e9 r\u00e9ception de votre demande par courriel, veuillez pr\u00e9voir un d\u00e9lai de 30 jours pour que des mesures soient prises.<\/li>\n<\/ol>\n            <\/div>\n                <\/div>\n    <\/section>\n","protected":false},"excerpt":{"rendered":"","protected":false},"author":54,"featured_media":0,"parent":0,"menu_order":0,"comment_status":"closed","ping_status":"closed","template":"","meta":{"_acf_changed":false,"_searchwp_excluded":"","footnotes":""},"class_list":["post-93287","page","type-page","status-publish","hentry"],"acf":[],"yoast_head":"<!-- This site is optimized with the Yoast SEO plugin v27.5 - https:\/\/yoast.com\/product\/yoast-seo-wordpress\/ -->\n<title>Terms &amp; Conditions: #VisitNovaScotia - Tourism Nova Scotia<\/title>\n<meta name=\"description\" content=\"Consultez les conditions d&#039;utilisation du site Web du tourisme de la Nouvelle-\u00c9cosse, vos droits et responsabilit\u00e9s, ainsi que les directives l\u00e9gales.\" \/>\n<meta name=\"robots\" content=\"index, follow, max-snippet:-1, max-image-preview:large, max-video-preview:-1\" \/>\n<link rel=\"canonical\" href=\"https:\/\/novascotia.com\/fr\/terms-conditions-visitnovascotia\/\" \/>\n<meta property=\"og:locale\" content=\"fr_FR\" \/>\n<meta property=\"og:type\" content=\"article\" \/>\n<meta property=\"og:title\" content=\"Terms &amp; Conditions: #VisitNovaScotia - Tourism Nova Scotia\" \/>\n<meta property=\"og:description\" content=\"Consultez les conditions d&#039;utilisation du site Web du tourisme de la Nouvelle-\u00c9cosse, vos droits et responsabilit\u00e9s, ainsi que les directives l\u00e9gales.\" \/>\n<meta property=\"og:url\" content=\"https:\/\/novascotia.com\/fr\/terms-conditions-visitnovascotia\/\" \/>\n<meta property=\"og:site_name\" content=\"Tourism Nova Scotia\" \/>\n<meta property=\"article:publisher\" content=\"https:\/\/www.facebook.com\/novascotia\" \/>\n<meta property=\"article:modified_time\" content=\"2024-11-26T13:48:58+00:00\" \/>\n<meta name=\"twitter:card\" content=\"summary_large_image\" \/>\n<meta name=\"twitter:site\" content=\"@VisitNovaScotia\" \/>\n<script type=\"application\/ld+json\" class=\"yoast-schema-graph\">{\"@context\":\"https:\\\/\\\/schema.org\",\"@graph\":[{\"@type\":\"WebPage\",\"@id\":\"https:\\\/\\\/novascotia.com\\\/fr\\\/terms-conditions-visitnovascotia\\\/\",\"url\":\"https:\\\/\\\/novascotia.com\\\/fr\\\/terms-conditions-visitnovascotia\\\/\",\"name\":\"Terms &amp; Conditions: #VisitNovaScotia - Tourism Nova Scotia\",\"isPartOf\":{\"@id\":\"https:\\\/\\\/novascotia.com\\\/fr\\\/#website\"},\"datePublished\":\"2024-11-13T18:48:39+00:00\",\"dateModified\":\"2024-11-26T13:48:58+00:00\",\"description\":\"Consultez les conditions d'utilisation du site Web du tourisme de la Nouvelle-\u00c9cosse, vos droits et responsabilit\u00e9s, ainsi que les directives l\u00e9gales.\",\"breadcrumb\":{\"@id\":\"https:\\\/\\\/novascotia.com\\\/fr\\\/terms-conditions-visitnovascotia\\\/#breadcrumb\"},\"inLanguage\":\"fr-FR\",\"potentialAction\":[{\"@type\":\"ReadAction\",\"target\":[\"https:\\\/\\\/novascotia.com\\\/fr\\\/terms-conditions-visitnovascotia\\\/\"]}]},{\"@type\":\"BreadcrumbList\",\"@id\":\"https:\\\/\\\/novascotia.com\\\/fr\\\/terms-conditions-visitnovascotia\\\/#breadcrumb\",\"itemListElement\":[{\"@type\":\"ListItem\",\"position\":1,\"name\":\"Home\",\"item\":\"https:\\\/\\\/novascotia.com\\\/fr\\\/\"},{\"@type\":\"ListItem\",\"position\":2,\"name\":\"Terms &amp; Conditions: #VisitNovaScotia\"}]},{\"@type\":\"WebSite\",\"@id\":\"https:\\\/\\\/novascotia.com\\\/fr\\\/#website\",\"url\":\"https:\\\/\\\/novascotia.com\\\/fr\\\/\",\"name\":\"Tourism Nova Scotia\",\"description\":\"Plan Your Trip to Nova Scotia\",\"potentialAction\":[{\"@type\":\"SearchAction\",\"target\":{\"@type\":\"EntryPoint\",\"urlTemplate\":\"https:\\\/\\\/novascotia.com\\\/fr\\\/?s={search_term_string}\"},\"query-input\":{\"@type\":\"PropertyValueSpecification\",\"valueRequired\":true,\"valueName\":\"search_term_string\"}}],\"inLanguage\":\"fr-FR\"}]}<\/script>\n<!-- \/ Yoast SEO plugin. -->","yoast_head_json":{"title":"Terms &amp; Conditions: #VisitNovaScotia - Tourism Nova Scotia","description":"Consultez les conditions d'utilisation du site Web du tourisme de la Nouvelle-\u00c9cosse, vos droits et responsabilit\u00e9s, ainsi que les directives l\u00e9gales.","robots":{"index":"index","follow":"follow","max-snippet":"max-snippet:-1","max-image-preview":"max-image-preview:large","max-video-preview":"max-video-preview:-1"},"canonical":"https:\/\/novascotia.com\/fr\/terms-conditions-visitnovascotia\/","og_locale":"fr_FR","og_type":"article","og_title":"Terms &amp; Conditions: #VisitNovaScotia - Tourism Nova Scotia","og_description":"Consultez les conditions d'utilisation du site Web du tourisme de la Nouvelle-\u00c9cosse, vos droits et responsabilit\u00e9s, ainsi que les directives l\u00e9gales.","og_url":"https:\/\/novascotia.com\/fr\/terms-conditions-visitnovascotia\/","og_site_name":"Tourism Nova Scotia","article_publisher":"https:\/\/www.facebook.com\/novascotia","article_modified_time":"2024-11-26T13:48:58+00:00","twitter_card":"summary_large_image","twitter_site":"@VisitNovaScotia","schema":{"@context":"https:\/\/schema.org","@graph":[{"@type":"WebPage","@id":"https:\/\/novascotia.com\/fr\/terms-conditions-visitnovascotia\/","url":"https:\/\/novascotia.com\/fr\/terms-conditions-visitnovascotia\/","name":"Terms &amp; Conditions: #VisitNovaScotia - Tourism Nova Scotia","isPartOf":{"@id":"https:\/\/novascotia.com\/fr\/#website"},"datePublished":"2024-11-13T18:48:39+00:00","dateModified":"2024-11-26T13:48:58+00:00","description":"Consultez les conditions d'utilisation du site Web du tourisme de la Nouvelle-\u00c9cosse, vos droits et responsabilit\u00e9s, ainsi que les directives l\u00e9gales.","breadcrumb":{"@id":"https:\/\/novascotia.com\/fr\/terms-conditions-visitnovascotia\/#breadcrumb"},"inLanguage":"fr-FR","potentialAction":[{"@type":"ReadAction","target":["https:\/\/novascotia.com\/fr\/terms-conditions-visitnovascotia\/"]}]},{"@type":"BreadcrumbList","@id":"https:\/\/novascotia.com\/fr\/terms-conditions-visitnovascotia\/#breadcrumb","itemListElement":[{"@type":"ListItem","position":1,"name":"Home","item":"https:\/\/novascotia.com\/fr\/"},{"@type":"ListItem","position":2,"name":"Terms &amp; Conditions: #VisitNovaScotia"}]},{"@type":"WebSite","@id":"https:\/\/novascotia.com\/fr\/#website","url":"https:\/\/novascotia.com\/fr\/","name":"Tourism Nova Scotia","description":"Plan Your Trip to Nova Scotia","potentialAction":[{"@type":"SearchAction","target":{"@type":"EntryPoint","urlTemplate":"https:\/\/novascotia.com\/fr\/?s={search_term_string}"},"query-input":{"@type":"PropertyValueSpecification","valueRequired":true,"valueName":"search_term_string"}}],"inLanguage":"fr-FR"}]}},"_links":{"self":[{"href":"https:\/\/novascotia.com\/fr\/wp-json\/wp\/v2\/pages\/93287","targetHints":{"allow":["GET"]}}],"collection":[{"href":"https:\/\/novascotia.com\/fr\/wp-json\/wp\/v2\/pages"}],"about":[{"href":"https:\/\/novascotia.com\/fr\/wp-json\/wp\/v2\/types\/page"}],"author":[{"embeddable":true,"href":"https:\/\/novascotia.com\/fr\/wp-json\/wp\/v2\/users\/54"}],"replies":[{"embeddable":true,"href":"https:\/\/novascotia.com\/fr\/wp-json\/wp\/v2\/comments?post=93287"}],"version-history":[{"count":0,"href":"https:\/\/novascotia.com\/fr\/wp-json\/wp\/v2\/pages\/93287\/revisions"}],"wp:attachment":[{"href":"https:\/\/novascotia.com\/fr\/wp-json\/wp\/v2\/media?parent=93287"}],"curies":[{"name":"wp","href":"https:\/\/api.w.org\/{rel}","templated":true}]}}