{"id":92620,"date":"2024-09-26T21:17:24","date_gmt":"2024-09-27T00:17:24","guid":{"rendered":"https:\/\/tns.m5.ca\/conditions-dutilisation\/"},"modified":"2024-12-09T21:51:51","modified_gmt":"2024-12-10T01:51:51","slug":"conditions-dutilisation","status":"publish","type":"page","link":"https:\/\/novascotia.com\/fr\/conditions-dutilisation\/","title":{"rendered":"Conditions d&rsquo;utilisation"},"content":{"rendered":"    <section  class=\"section-banner default no-overlay\">\n                                <picture class=\"bg-image\">\n                                                <img decoding=\"async\" width=\"1920\" height=\"1080\" src=\"https:\/\/novascotia.com\/wp-content\/uploads\/2024\/12\/Yachting579-1920x1080-1.webp\" class=\"attachment-full size-full\" alt=\"\" srcset=\"https:\/\/novascotia.com\/wp-content\/uploads\/2024\/12\/Yachting579-1920x1080-1.webp 1920w, https:\/\/novascotia.com\/wp-content\/uploads\/2024\/12\/Yachting579-1920x1080-1-300x169.webp 300w, https:\/\/novascotia.com\/wp-content\/uploads\/2024\/12\/Yachting579-1920x1080-1-1024x576.webp 1024w, https:\/\/novascotia.com\/wp-content\/uploads\/2024\/12\/Yachting579-1920x1080-1-768x432.webp 768w, https:\/\/novascotia.com\/wp-content\/uploads\/2024\/12\/Yachting579-1920x1080-1-1536x864.webp 1536w\" sizes=\"(max-width: 1920px) 100vw, 1920px\" \/>            <\/picture>\n                            <div class=\"container\">\n                <div class=\"inner-holder\">\n                                            <div class=\"content w-large\">\n                                                            <h1>Conditions d\u2019utilisation<\/h1>\n                                                                                <\/div>\n                                    <\/div>\n            <\/div>\n            <\/section>\n<section class=\"section-breadcrumb\">\n    <div class=\"container\">\n    <div class=\"breadcrumbs\" typeof=\"BreadcrumbList\" vocab=\"https:\/\/schema.org\/\">\n            <ul class=\"breadcrumbs-list\">\n            <li class=\"home\"><span property=\"itemListElement\" typeof=\"ListItem\"><a property=\"item\" typeof=\"WebPage\" title=\"Go to Tourism Nova Scotia.\" href=\"https:\/\/novascotia.com\/fr\/\" class=\"home\" ><span property=\"name\">Home<\/span><\/a><meta property=\"position\" content=\"1\"><\/span><\/li>\n<li class=\"post-root post post-post\"><span property=\"itemListElement\" typeof=\"ListItem\"><a property=\"item\" typeof=\"WebPage\" title=\"Aller \u00e0 Notre blog.\" href=\"https:\/\/novascotia.com\/fr\/blog\/\" class=\"post-root post post-post\" aria-current=\"page\"><span property=\"name\">Notre blog<\/span><\/a><meta property=\"position\" content=\"2\"><\/span><\/li>\n        <\/ul>\n    <\/div>\n    <\/div>\n<\/section>\n\n\n\n\n<div style=\"height:100px\" aria-hidden=\"true\" class=\"wp-block-spacer\"><\/div>\n\n\n    <section  class=\"text-component\">\n        <div class=\"container\">\n                    <div class=\"inner\">\n                <h2>NovaScotia.com<\/h2>\n<p>L&rsquo;acc\u00e8s et l&rsquo;utilisation de tout ou d\u2019une partie de ce site Web (le \u00ab site \u00bb) sont subordonn\u00e9s \u00e0 l&rsquo;acceptation et au respect des conditions suivantes.<\/p>\n<p>En continuant d\u2019acc\u00e9der \u00e0 ce site, vous indiquez que vous avez lu, compris et accept\u00e9 les pr\u00e9sentes conditions d&rsquo;utilisation et que vous vous y conformerez.<\/p>\n<p><strong>Exactitude des informations<\/strong><\/p>\n<p>Tourisme Nouvelle-\u00c9cosse n&rsquo;est pas responsable de l&rsquo;exactitude de l&rsquo;information contenue dans le pr\u00e9sent site ou dans les sites tiers li\u00e9s. Bien que Tourisme Nouvelle-\u00c9cosse s&rsquo;efforce de veiller \u00e0 ce que l&rsquo;information soit aussi actuelle et exacte que possible, elle ne peut garantir que l&rsquo;information est exacte, compl\u00e8te ou appropri\u00e9e. Veuillez v\u00e9rifier les renseignements tels que les heures d&rsquo;ouverture, les tarifs, les conditions de r\u00e9servation et la description de la propri\u00e9t\u00e9 ou de l&rsquo;exp\u00e9rience directement aupr\u00e8s de l&rsquo;entreprise ou de l&rsquo;organisation avant de visiter ou d\u2019effectuer une r\u00e9servation.<\/p>\n<p><strong>Garantie de la qualit\u00e9<\/strong><\/p>\n<p>L&rsquo;inclusion dans le pr\u00e9sent site ou dans les sites tiers li\u00e9s ne signifie pas que Tourisme Nouvelle-\u00c9cosse approuve les produits, les exploitants, les \u00e9v\u00e9nements, les services, les exp\u00e9riences, les propri\u00e9t\u00e9s ou les installations.<\/p>\n<p>Tourisme Nouvelle-\u00c9cosse n&rsquo;a pas v\u00e9rifi\u00e9 les normes de qualit\u00e9 des produits figurant sur le site et ne peut donc pas garantir leur niveau de qualit\u00e9.<\/p>\n<p><strong>Liens vers d\u2019autres sites Internet<\/strong><\/p>\n<p>Le pr\u00e9sent site contient des liens vers des sites cr\u00e9\u00e9s et g\u00e9r\u00e9s par des tiers autres que Tourisme Nouvelle-\u00c9cosse et la province de la Nouvelle-\u00c9cosse. Ces tiers sont enti\u00e8rement responsables de l&rsquo;information contenue dans leurs sites Web respectifs. Le fait de fournir des liens vers ces sites ne signifie pas que le tiers est affili\u00e9 ou associ\u00e9 \u00e0 Tourisme Nouvelle-\u00c9cosse.<\/p>\n<p>Les exploitants de ces sites Web peuvent imposer leurs propres conditions d\u2019acc\u00e8s ou d\u2019utilisation de leurs sites. Il vous incombe de vous informer de ces conditions d&rsquo;utilisation et de vous y conformer.<\/p>\n<p>Bien que Tourisme Nouvelle-\u00c9cosse s&rsquo;efforce de v\u00e9rifier r\u00e9guli\u00e8rement tous les liens, il est possible qu&rsquo;un site particulier auquel vous tentez d&rsquo;acc\u00e9der ne soit pas op\u00e9rationnel ou que le lien soit bris\u00e9.<\/p>\n<p><strong>\u00c9l\u00e9ments tiers int\u00e9gr\u00e9s<\/strong><\/p>\n<p>Des \u00e9l\u00e9ments de sites et de plateformes tiers sont int\u00e9gr\u00e9s \u00e0 ce site pour am\u00e9liorer votre exp\u00e9rience. On parle notamment de Google Maps, TripAdvisor et CrowdRiff. Votre utilisation de ces fonctionnalit\u00e9s sera r\u00e9gie par les conditions g\u00e9n\u00e9rales de ces sites.<\/p>\n<p><strong>Avis de confidentialit\u00e9<\/strong><\/p>\n<p>Bien que Tourisme Nouvelle-\u00c9cosse prenne toutes les mesures raisonnables pour assurer la s\u00e9curit\u00e9 du pr\u00e9sent site, Internet n&rsquo;est pas un moyen de communication s\u00fbr et la s\u00e9curit\u00e9 et la protection des renseignements personnels ne peuvent \u00eatre garanties. Le courrier \u00e9lectronique est particuli\u00e8rement vuln\u00e9rable \u00e0 l&rsquo;interception et \u00e0 la falsification. Tourisme Nouvelle-\u00c9cosse n&rsquo;est pas responsable des dommages que vous pourriez subir en raison d\u2019une transmission de renseignements confidentiels par Internet ou de l&rsquo;autorisation implicite ou explicite donn\u00e9e \u00e0 Tourisme Nouvelle-\u00c9cosse ou \u00e0 d&rsquo;autres personnes de vous transmettre des renseignements confidentiels de cette fa\u00e7on.<\/p>\n<p><strong>Collecte de renseignements personnels<\/strong><\/p>\n<p>Veuillez consulter la politique de confidentialit\u00e9 de la province de la Nouvelle-\u00c9cosse pour savoir comment la province de la Nouvelle-\u00c9cosse et Tourisme Nouvelle-\u00c9cosse recueillent, utilisent et divulguent les renseignements personnels. Cette <a href=\"https:\/\/novascotia.com\/fr\/politique-de-confidentialite\/\">politique de confidentialit\u00e9<\/a> est incorpor\u00e9e aux pr\u00e9sentes conditions d&rsquo;utilisation et en fait partie.<\/p>\n<p><strong>Exclusion de responsabilit\u00e9<\/strong><\/p>\n<p>Tourisme Nouvelle-\u00c9cosse d\u00e9cline toute garantie, repr\u00e9sentation et condition concernant l&rsquo;utilisation du site ou l&rsquo;information ou les services fournis, y compris toute garantie implicite de qualit\u00e9 marchande, d&rsquo;adaptation \u00e0 un usage particulier et d&rsquo;absence de contrefa\u00e7on, qu&rsquo;elle soit d\u00e9lib\u00e9r\u00e9e ou implicite, ou qu&rsquo;elle d\u00e9coule d&rsquo;une transaction, d&rsquo;un usage ou d&rsquo;une pratique commerciale.<\/p>\n<p>Tourisme Nouvelle-\u00c9cosse n&rsquo;est pas responsable des dommages directs, indirects, sp\u00e9ciaux, accessoires, cons\u00e9cutifs ou autres, quels qu&rsquo;ils soient et quelle qu&rsquo;en soit la cause, d\u00e9coulant de l&rsquo;utilisation du site ou de la confiance accord\u00e9e \u00e0 l&rsquo;information disponible sur le site, y compris la perte de jouissance, la perte de donn\u00e9es, la perte de b\u00e9n\u00e9fices commerciaux, l&rsquo;interruption des affaires, les blessures personnelles ou toute autre perte p\u00e9cuniaire, qu&rsquo;elle soit fond\u00e9e sur la n\u00e9gligence, la rupture de contrat ou toute autre cause d&rsquo;action, m\u00eame si Tourisme Nouvelle-\u00c9cosse a \u00e9t\u00e9 inform\u00e9e de la possibilit\u00e9 de tels dommages.<\/p>\n<p>Tourisme Nouvelle-\u00c9cosse n&rsquo;\u00e9met pas de remboursement et n&rsquo;offre pas de compensation ou de recours pour les exp\u00e9riences insatisfaisantes r\u00e9sultant de l&rsquo;utilisation de l&rsquo;information contenue dans le pr\u00e9sent site ou dans les sites li\u00e9s.<\/p>\n<p><strong>Indemnit\u00e9<\/strong><\/p>\n<p>Dans la mesure maximale permise par la loi applicable, vous d\u00e9fendrez, indemniserez et d\u00e9gagerez de toute responsabilit\u00e9 Tourisme Nouvelle-\u00c9cosse, ses soci\u00e9t\u00e9s affili\u00e9es et apparent\u00e9es, ainsi que chacun de leurs administrateurs, dirigeants, employ\u00e9s, actionnaires, consultants et mandataires respectifs \u00e0 l&rsquo;\u00e9gard des r\u00e9clamations, demandes, actions, poursuites, proc\u00e9dures, dommages, responsabilit\u00e9s, blessures, co\u00fbts ou d\u00e9penses de quelque nature que ce soit d\u00e9coulant, directement ou indirectement, de ce qui suit et s\u2019y liant : (i) votre violation des pr\u00e9sentes conditions d&rsquo;utilisation; ou (ii) votre utilisation du pr\u00e9sent site, le contenu du pr\u00e9sent site et le placement ou la transmission de toute information ou de tout autre mat\u00e9riel sur le pr\u00e9sent site par vous ou par d&rsquo;autres personnes utilisant votre compte. Vous convenez d&rsquo;aviser Tourisme Nouvelle-\u00c9cosse d\u00e8s que vous avez connaissance d&rsquo;une utilisation non autoris\u00e9e de votre compte et de prendre les mesures raisonnables qui s&rsquo;imposent pour emp\u00eacher qu&rsquo;un tel \u00e9v\u00e9nement ne se reproduise.<\/p>\n<p><strong>Propri\u00e9t\u00e9<\/strong><\/p>\n<p>Tourisme Nouvelle-\u00c9cosse conserve tous les droits, y compris les droits d&rsquo;auteur, sur l&rsquo;information et le mat\u00e9riel contenus dans le pr\u00e9sent site, y compris, mais sans s&rsquo;y limiter, le code HTML et tout autre code utilis\u00e9 pour g\u00e9n\u00e9rer une partie quelconque du pr\u00e9sent site. Certains documents de tiers ont accord\u00e9 \u00e0 Tourisme Nouvelle-\u00c9cosse une licence d&rsquo;utilisation de leur propri\u00e9t\u00e9. Tout tiers ayant de l&rsquo;information (y compris des images, des vid\u00e9os, des articles et d&rsquo;autres contenus) li\u00e9e \u00e0 ce site ou int\u00e9gr\u00e9e \u00e0 celui-ci, mais non h\u00e9berg\u00e9e sur ce site, continue de d\u00e9tenir les droits, y compris les droits d&rsquo;auteur, sur ce contenu. Aucun contenu ou mat\u00e9riel de ce site ne peut \u00eatre copi\u00e9, reproduit, republi\u00e9, distribu\u00e9, vendu, transf\u00e9r\u00e9 ou modifi\u00e9, et aucune \u0153uvre d\u00e9riv\u00e9e ou compilation ne peut \u00eatre r\u00e9alis\u00e9e sans autorisation \u00e9crite pr\u00e9alable.<\/p>\n<p>Tout tiers poss\u00e9dant des informations (y compris des images, des vid\u00e9os, des articles et d&rsquo;autres contenus) li\u00e9es \u00e0 ce site mais non h\u00e9berg\u00e9es sur celui-ci continue \u00e0 d\u00e9tenir les droits, y compris les droits d&rsquo;auteur, sur ce contenu.<\/p>\n<p><strong>Utilisation ill\u00e9gale et interdite<\/strong><\/p>\n<p>Ce site est strictement r\u00e9serv\u00e9 \u00e0 un usage personnel et non commercial. Vous ne pouvez pas modifier, copier, transmettre, distribuer, afficher, publier ou reproduire ce site ou une partie de celui-ci \u00e0 des fins autres que votre usage personnel et non commercial.<\/p>\n<p>Vous acceptez que votre utilisation du site, ainsi que les informations et les services fournis, ne viole aucune loi locale, provinciale, d&rsquo;\u00c9tat, f\u00e9d\u00e9rale, nationale, internationale ou autre, y compris, mais sans s&rsquo;y limiter, tout r\u00e8glement ayant force de loi. Certaines juridictions peuvent imposer des restrictions \u00e0 l&rsquo;utilisation de l&rsquo;Internet par leurs r\u00e9sidents.<\/p>\n<p><strong>Liens vers le pr\u00e9sent site Web<\/strong><\/p>\n<p>Tourisme Nouvelle-\u00c9cosse invite les tiers \u00e0 \u00e9tablir des liens avec le pr\u00e9sent site afin de promouvoir la Nouvelle-\u00c9cosse en tant que destination touristique. Vous n&rsquo;avez pas besoin d&rsquo;autorisation pour cr\u00e9er un lien vers ce site. Toutefois, en \u00e9tablissant un lien vers le pr\u00e9sent site, vous acceptez de respecter les pratiques suivantes en mati\u00e8re d&rsquo;\u00e9tablissement de liens :<\/p>\n<ul>\n<li>Vous n\u2019utilisez que des liens textuels;<\/li>\n<li>Vous n\u2019utilisez pas les logos officiels de la province de la Nouvelle-\u00c9cosse ni ceux de Tourisme Nouvelle-\u00c9cosse comme aide \u00e0 la navigation;<\/li>\n<li>Vous veillez \u00e0 ce que la pr\u00e9sence d\u2019un lien ne cr\u00e9e pas de confusion chez l\u2019utilisateur quant \u00e0 la source du mat\u00e9riel \u00e0 travers des pratiques telles que le cadrage;<\/li>\n<li>Vous vous conformez aux pr\u00e9sentes conditions d\u2019utilisation.<\/li>\n<\/ul>\n<p><strong>Choix de la loi<\/strong><\/p>\n<p>Les lois de la Nouvelle-\u00c9cosse et du Canada r\u00e9gissent l&rsquo;interpr\u00e9tation, la validit\u00e9 et l&rsquo;effet des pr\u00e9sentes conditions d&rsquo;utilisation, en d\u00e9pit de tout conflit de dispositions l\u00e9gales de votre lieu de r\u00e9sidence ou de votre emplacement physique. Vous acceptez par la pr\u00e9sente de vous soumettre \u00e0 la comp\u00e9tence exclusive des tribunaux de la province de Nouvelle-\u00c9cosse pour toute action ou proc\u00e9dure intent\u00e9e en vertu des pr\u00e9sentes conditions d&rsquo;utilisation ou li\u00e9e \u00e0 celles-ci ou \u00e0 votre utilisation du site ou du contenu, des informations et des services fournis.<\/p>\n<p><strong>Langues<\/strong><\/p>\n<p>Pour votre commodit\u00e9, Tourisme Nouvelle-\u00c9cosse fournit certaines pages du pr\u00e9sent site en fran\u00e7ais et en allemand. M\u00eame si Tourisme Nouvelle-\u00c9cosse fait de son mieux pour s&rsquo;assurer que le contenu est correctement traduit, en cas d&rsquo;incoh\u00e9rence entre les versions anglaise et non anglaise du pr\u00e9sent site, la version anglaise pr\u00e9vaut.<\/p>\n<p><strong>Modifications des pr\u00e9sentes conditions d\u2019utilisation<\/strong><\/p>\n<p>Tourisme Nouvelle-\u00c9cosse se r\u00e9serve le droit de modifier les pr\u00e9sentes conditions d&rsquo;utilisation en tout temps. Un avis de ces modifications sera affich\u00e9 sur la page d&rsquo;accueil du site. Votre utilisation du site est r\u00e9gie par les conditions d&rsquo;utilisation en vigueur au moment de cette utilisation. Il vous est donc conseill\u00e9 de consulter r\u00e9guli\u00e8rement ces conditions d&rsquo;utilisation.<\/p>\n            <\/div>\n                <\/div>\n    <\/section>\n","protected":false},"excerpt":{"rendered":"","protected":false},"author":1,"featured_media":0,"parent":0,"menu_order":0,"comment_status":"closed","ping_status":"closed","template":"","meta":{"_acf_changed":false,"_searchwp_excluded":"","footnotes":""},"class_list":["post-92620","page","type-page","status-publish","hentry"],"acf":[],"yoast_head":"<!-- This site is optimized with the Yoast SEO plugin v27.5 - https:\/\/yoast.com\/product\/yoast-seo-wordpress\/ -->\n<title>Conditions d&#039;utilisation - Tourism Nova Scotia<\/title>\n<meta name=\"robots\" content=\"index, follow, max-snippet:-1, max-image-preview:large, max-video-preview:-1\" \/>\n<link rel=\"canonical\" href=\"https:\/\/novascotia.com\/fr\/conditions-dutilisation\/\" \/>\n<meta property=\"og:locale\" content=\"fr_FR\" \/>\n<meta property=\"og:type\" content=\"article\" \/>\n<meta property=\"og:title\" content=\"Conditions d&#039;utilisation - Tourism Nova Scotia\" \/>\n<meta property=\"og:url\" content=\"https:\/\/novascotia.com\/fr\/conditions-dutilisation\/\" \/>\n<meta property=\"og:site_name\" content=\"Tourism Nova Scotia\" \/>\n<meta property=\"article:publisher\" content=\"https:\/\/www.facebook.com\/novascotia\" \/>\n<meta property=\"article:modified_time\" content=\"2024-12-10T01:51:51+00:00\" \/>\n<meta name=\"twitter:card\" content=\"summary_large_image\" \/>\n<meta name=\"twitter:site\" content=\"@VisitNovaScotia\" \/>\n<script type=\"application\/ld+json\" class=\"yoast-schema-graph\">{\"@context\":\"https:\\\/\\\/schema.org\",\"@graph\":[{\"@type\":\"WebPage\",\"@id\":\"https:\\\/\\\/novascotia.com\\\/fr\\\/conditions-dutilisation\\\/\",\"url\":\"https:\\\/\\\/novascotia.com\\\/fr\\\/conditions-dutilisation\\\/\",\"name\":\"Conditions d'utilisation - Tourism Nova Scotia\",\"isPartOf\":{\"@id\":\"https:\\\/\\\/novascotia.com\\\/fr\\\/#website\"},\"datePublished\":\"2024-09-27T00:17:24+00:00\",\"dateModified\":\"2024-12-10T01:51:51+00:00\",\"breadcrumb\":{\"@id\":\"https:\\\/\\\/novascotia.com\\\/fr\\\/conditions-dutilisation\\\/#breadcrumb\"},\"inLanguage\":\"fr-FR\",\"potentialAction\":[{\"@type\":\"ReadAction\",\"target\":[\"https:\\\/\\\/novascotia.com\\\/fr\\\/conditions-dutilisation\\\/\"]}]},{\"@type\":\"BreadcrumbList\",\"@id\":\"https:\\\/\\\/novascotia.com\\\/fr\\\/conditions-dutilisation\\\/#breadcrumb\",\"itemListElement\":[{\"@type\":\"ListItem\",\"position\":1,\"name\":\"Home\",\"item\":\"https:\\\/\\\/novascotia.com\\\/fr\\\/\"},{\"@type\":\"ListItem\",\"position\":2,\"name\":\"Conditions d&#8217;utilisation\"}]},{\"@type\":\"WebSite\",\"@id\":\"https:\\\/\\\/novascotia.com\\\/fr\\\/#website\",\"url\":\"https:\\\/\\\/novascotia.com\\\/fr\\\/\",\"name\":\"Tourism Nova Scotia\",\"description\":\"Plan Your Trip to Nova Scotia\",\"potentialAction\":[{\"@type\":\"SearchAction\",\"target\":{\"@type\":\"EntryPoint\",\"urlTemplate\":\"https:\\\/\\\/novascotia.com\\\/fr\\\/?s={search_term_string}\"},\"query-input\":{\"@type\":\"PropertyValueSpecification\",\"valueRequired\":true,\"valueName\":\"search_term_string\"}}],\"inLanguage\":\"fr-FR\"}]}<\/script>\n<!-- \/ Yoast SEO plugin. -->","yoast_head_json":{"title":"Conditions d'utilisation - Tourism Nova Scotia","robots":{"index":"index","follow":"follow","max-snippet":"max-snippet:-1","max-image-preview":"max-image-preview:large","max-video-preview":"max-video-preview:-1"},"canonical":"https:\/\/novascotia.com\/fr\/conditions-dutilisation\/","og_locale":"fr_FR","og_type":"article","og_title":"Conditions d'utilisation - Tourism Nova Scotia","og_url":"https:\/\/novascotia.com\/fr\/conditions-dutilisation\/","og_site_name":"Tourism Nova Scotia","article_publisher":"https:\/\/www.facebook.com\/novascotia","article_modified_time":"2024-12-10T01:51:51+00:00","twitter_card":"summary_large_image","twitter_site":"@VisitNovaScotia","schema":{"@context":"https:\/\/schema.org","@graph":[{"@type":"WebPage","@id":"https:\/\/novascotia.com\/fr\/conditions-dutilisation\/","url":"https:\/\/novascotia.com\/fr\/conditions-dutilisation\/","name":"Conditions d'utilisation - Tourism Nova Scotia","isPartOf":{"@id":"https:\/\/novascotia.com\/fr\/#website"},"datePublished":"2024-09-27T00:17:24+00:00","dateModified":"2024-12-10T01:51:51+00:00","breadcrumb":{"@id":"https:\/\/novascotia.com\/fr\/conditions-dutilisation\/#breadcrumb"},"inLanguage":"fr-FR","potentialAction":[{"@type":"ReadAction","target":["https:\/\/novascotia.com\/fr\/conditions-dutilisation\/"]}]},{"@type":"BreadcrumbList","@id":"https:\/\/novascotia.com\/fr\/conditions-dutilisation\/#breadcrumb","itemListElement":[{"@type":"ListItem","position":1,"name":"Home","item":"https:\/\/novascotia.com\/fr\/"},{"@type":"ListItem","position":2,"name":"Conditions d&#8217;utilisation"}]},{"@type":"WebSite","@id":"https:\/\/novascotia.com\/fr\/#website","url":"https:\/\/novascotia.com\/fr\/","name":"Tourism Nova Scotia","description":"Plan Your Trip to Nova Scotia","potentialAction":[{"@type":"SearchAction","target":{"@type":"EntryPoint","urlTemplate":"https:\/\/novascotia.com\/fr\/?s={search_term_string}"},"query-input":{"@type":"PropertyValueSpecification","valueRequired":true,"valueName":"search_term_string"}}],"inLanguage":"fr-FR"}]}},"_links":{"self":[{"href":"https:\/\/novascotia.com\/fr\/wp-json\/wp\/v2\/pages\/92620","targetHints":{"allow":["GET"]}}],"collection":[{"href":"https:\/\/novascotia.com\/fr\/wp-json\/wp\/v2\/pages"}],"about":[{"href":"https:\/\/novascotia.com\/fr\/wp-json\/wp\/v2\/types\/page"}],"author":[{"embeddable":true,"href":"https:\/\/novascotia.com\/fr\/wp-json\/wp\/v2\/users\/1"}],"replies":[{"embeddable":true,"href":"https:\/\/novascotia.com\/fr\/wp-json\/wp\/v2\/comments?post=92620"}],"version-history":[{"count":0,"href":"https:\/\/novascotia.com\/fr\/wp-json\/wp\/v2\/pages\/92620\/revisions"}],"wp:attachment":[{"href":"https:\/\/novascotia.com\/fr\/wp-json\/wp\/v2\/media?parent=92620"}],"curies":[{"name":"wp","href":"https:\/\/api.w.org\/{rel}","templated":true}]}}