{"id":92616,"date":"2024-02-06T14:19:25","date_gmt":"2024-02-06T18:19:25","guid":{"rendered":"https:\/\/tns.m5.ca\/politique-de-confidentialite\/"},"modified":"2024-12-04T14:54:17","modified_gmt":"2024-12-04T18:54:17","slug":"politique-de-confidentialite","status":"publish","type":"page","link":"https:\/\/novascotia.com\/fr\/politique-de-confidentialite\/","title":{"rendered":"Politique de confidentialit\u00e9"},"content":{"rendered":"    <section  class=\"section-banner default no-overlay\">\n                                <picture class=\"bg-image\">\n                                                <img decoding=\"async\" width=\"2000\" height=\"1500\" src=\"https:\/\/novascotia.com\/wp-content\/uploads\/2024\/12\/UNESCO-Lunenburg-2.webp\" class=\"attachment-full size-full\" alt=\"\" srcset=\"https:\/\/novascotia.com\/wp-content\/uploads\/2024\/12\/UNESCO-Lunenburg-2.webp 2000w, https:\/\/novascotia.com\/wp-content\/uploads\/2024\/12\/UNESCO-Lunenburg-2-300x225.webp 300w, https:\/\/novascotia.com\/wp-content\/uploads\/2024\/12\/UNESCO-Lunenburg-2-1024x768.webp 1024w, https:\/\/novascotia.com\/wp-content\/uploads\/2024\/12\/UNESCO-Lunenburg-2-768x576.webp 768w, https:\/\/novascotia.com\/wp-content\/uploads\/2024\/12\/UNESCO-Lunenburg-2-1536x1152.webp 1536w\" sizes=\"(max-width: 2000px) 100vw, 2000px\" \/>            <\/picture>\n                            <div class=\"container\">\n                <div class=\"inner-holder\">\n                                            <div class=\"content w-large\">\n                                                            <h1>Politique de confidentialit\u00e9<\/h1>\n                                                                                <\/div>\n                                    <\/div>\n            <\/div>\n            <\/section>\n<section class=\"section-breadcrumb\">\n    <div class=\"container\">\n    <div class=\"breadcrumbs\" typeof=\"BreadcrumbList\" vocab=\"https:\/\/schema.org\/\">\n            <ul class=\"breadcrumbs-list\">\n            <li class=\"home\"><span property=\"itemListElement\" typeof=\"ListItem\"><a property=\"item\" typeof=\"WebPage\" title=\"Go to Tourism Nova Scotia.\" href=\"https:\/\/novascotia.com\/fr\/\" class=\"home\" ><span property=\"name\">Home<\/span><\/a><meta property=\"position\" content=\"1\"><\/span><\/li>\n<li class=\"post-root post post-post\"><span property=\"itemListElement\" typeof=\"ListItem\"><a property=\"item\" typeof=\"WebPage\" title=\"Aller \u00e0 Notre blog.\" href=\"https:\/\/novascotia.com\/fr\/blog\/\" class=\"post-root post post-post\" aria-current=\"page\"><span property=\"name\">Notre blog<\/span><\/a><meta property=\"position\" content=\"2\"><\/span><\/li>\n        <\/ul>\n    <\/div>\n    <\/div>\n<\/section>\n\n\n\n    <section  class=\"text-component\">\n        <div class=\"container\">\n                    <div class=\"inner\">\n                <p>&nbsp;<\/p>\n<p>When you submit your personal information on this webpage, whether it is for business listing registration, subscription to our newsletters, signing up for surveys, map or literature request, or an information request, we use this information to communicate with you effectively and address your needs. Your details are only collected, used, and disclosed as per the authority granted Tourism Nova Scotia (TNS) by the Nova Scotia \u00a0<a href=\"https:\/\/nslegislature.ca\/sites\/default\/files\/legc\/statutes\/freedom%20of%20information%20and%20protection%20of%20privacy.pdf\">Freedom of Information and Protection of Privacy (FOIPOP) Act<\/a>.<\/p>\n<p>We collect and use your personal information for the following purposes:<\/p>\n<ul>\n<li>For registration of user account profile for your organization.<\/li>\n<li>To identify the contact person of your choice for listings, subscriptions, updates or other purposes.<\/li>\n<li>To send correspondence between TNS and your contact person when necessary.<\/li>\n<li>To generate periodic aggregated reports based on program analysis and reviews, following the program mandate and government policy directives, ensuring effective administration and overall integrity.<\/li>\n<li>Your monthly occupancy number is used for TNS statistical research purposes and reporting. Occupancy data is only provided in an aggregated format and no single property\u2019s data is identifiable with it.<\/li>\n<\/ul>\n<p>We use and disclose your personal information for the purposes described above.\u00a0 We may only use or disclose your personal information for another purpose if we are authorized by law to do so, or if we obtain your consent. We will not publish any personal information (as defined by FOIPOP Act) on our website as it is for internal use only.<\/p>\n<p>To read more about how government respects your privacy when interacting with us, review the Government of Nova Scotia\u2019s full\u00a0<a href=\"https:\/\/beta.novascotia.ca\/privacy\">Privacy Statement<\/a>\u00a0and\u00a0<a href=\"https:\/\/tourismns.ca\/terms-and-conditions\">Tourism Nova Scotia Terms and Conditions<\/a>.<\/p>\n<p>If you engage with any organization listed on our website or click links directing you to other sites, like partner organizations, hotel and accommodations, tours, attractions or social media pages etc., please review their privacy policies. They operate under different policies than TNS, and we have no control over how they handle the personal information you share with them. TNS is also not responsible for the availability, accuracy, or reliability of the content on any linked site, and the inclusion of these links does not imply endorsement of the linked site or its content.<\/p>\n<p>&nbsp;<\/p>\n<p>By providing your personal information on this webpage, you acknowledge that you have read and understood this privacy notice and that the information you provide is correct and accurate.<\/p>\n<p>For questions about how your personal information is handled by Tourism Nova Scotia (TNS), you may contact us at\u00a0<a href=\"tel:9027986700\">902-798-6700<\/a>\u00a0or\u00a0<a href=\"mailto:tns@novascotia.ca\">tns@novascotia.ca<\/a>.<\/p>\n<p>&nbsp;<\/p>\n            <\/div>\n                <\/div>\n    <\/section>\n\n\n\n<p><\/p>\n","protected":false},"excerpt":{"rendered":"","protected":false},"author":1,"featured_media":0,"parent":0,"menu_order":0,"comment_status":"closed","ping_status":"closed","template":"","meta":{"_acf_changed":false,"_searchwp_excluded":"","footnotes":""},"class_list":["post-92616","page","type-page","status-publish","hentry"],"acf":[],"yoast_head":"<!-- This site is optimized with the Yoast SEO plugin v27.5 - https:\/\/yoast.com\/product\/yoast-seo-wordpress\/ -->\n<title>Politique de confidentialit\u00e9 - Tourism Nova Scotia<\/title>\n<meta name=\"description\" content=\"Les sites Web du gouvernement de Nouvelle-\u00c9cosse sont couverts par la Loi sur l&#039;acc\u00e8s \u00e0 l&#039;information et la protection de la vie priv\u00e9e. Apprenez-en plus ici.\" \/>\n<meta name=\"robots\" content=\"index, follow, max-snippet:-1, max-image-preview:large, max-video-preview:-1\" \/>\n<link rel=\"canonical\" href=\"https:\/\/novascotia.com\/fr\/politique-de-confidentialite\/\" \/>\n<meta property=\"og:locale\" content=\"fr_FR\" \/>\n<meta property=\"og:type\" content=\"article\" \/>\n<meta property=\"og:title\" content=\"Politique de confidentialit\u00e9 - Tourism Nova Scotia\" \/>\n<meta property=\"og:description\" content=\"Les sites Web du gouvernement de Nouvelle-\u00c9cosse sont couverts par la Loi sur l&#039;acc\u00e8s \u00e0 l&#039;information et la protection de la vie priv\u00e9e. Apprenez-en plus ici.\" \/>\n<meta property=\"og:url\" content=\"https:\/\/novascotia.com\/fr\/politique-de-confidentialite\/\" \/>\n<meta property=\"og:site_name\" content=\"Tourism Nova Scotia\" \/>\n<meta property=\"article:publisher\" content=\"https:\/\/www.facebook.com\/novascotia\" \/>\n<meta property=\"article:modified_time\" content=\"2024-12-04T18:54:17+00:00\" \/>\n<meta name=\"twitter:card\" content=\"summary_large_image\" \/>\n<meta name=\"twitter:site\" content=\"@VisitNovaScotia\" \/>\n<script type=\"application\/ld+json\" class=\"yoast-schema-graph\">{\"@context\":\"https:\\\/\\\/schema.org\",\"@graph\":[{\"@type\":\"WebPage\",\"@id\":\"https:\\\/\\\/novascotia.com\\\/fr\\\/politique-de-confidentialite\\\/\",\"url\":\"https:\\\/\\\/novascotia.com\\\/fr\\\/politique-de-confidentialite\\\/\",\"name\":\"Politique de confidentialit\u00e9 - Tourism Nova Scotia\",\"isPartOf\":{\"@id\":\"https:\\\/\\\/novascotia.com\\\/fr\\\/#website\"},\"datePublished\":\"2024-02-06T18:19:25+00:00\",\"dateModified\":\"2024-12-04T18:54:17+00:00\",\"description\":\"Les sites Web du gouvernement de Nouvelle-\u00c9cosse sont couverts par la Loi sur l'acc\u00e8s \u00e0 l'information et la protection de la vie priv\u00e9e. Apprenez-en plus ici.\",\"breadcrumb\":{\"@id\":\"https:\\\/\\\/novascotia.com\\\/fr\\\/politique-de-confidentialite\\\/#breadcrumb\"},\"inLanguage\":\"fr-FR\",\"potentialAction\":[{\"@type\":\"ReadAction\",\"target\":[\"https:\\\/\\\/novascotia.com\\\/fr\\\/politique-de-confidentialite\\\/\"]}]},{\"@type\":\"BreadcrumbList\",\"@id\":\"https:\\\/\\\/novascotia.com\\\/fr\\\/politique-de-confidentialite\\\/#breadcrumb\",\"itemListElement\":[{\"@type\":\"ListItem\",\"position\":1,\"name\":\"Home\",\"item\":\"https:\\\/\\\/novascotia.com\\\/fr\\\/\"},{\"@type\":\"ListItem\",\"position\":2,\"name\":\"Politique de confidentialit\u00e9\"}]},{\"@type\":\"WebSite\",\"@id\":\"https:\\\/\\\/novascotia.com\\\/fr\\\/#website\",\"url\":\"https:\\\/\\\/novascotia.com\\\/fr\\\/\",\"name\":\"Tourism Nova Scotia\",\"description\":\"Plan Your Trip to Nova Scotia\",\"potentialAction\":[{\"@type\":\"SearchAction\",\"target\":{\"@type\":\"EntryPoint\",\"urlTemplate\":\"https:\\\/\\\/novascotia.com\\\/fr\\\/?s={search_term_string}\"},\"query-input\":{\"@type\":\"PropertyValueSpecification\",\"valueRequired\":true,\"valueName\":\"search_term_string\"}}],\"inLanguage\":\"fr-FR\"}]}<\/script>\n<!-- \/ Yoast SEO plugin. -->","yoast_head_json":{"title":"Politique de confidentialit\u00e9 - Tourism Nova Scotia","description":"Les sites Web du gouvernement de Nouvelle-\u00c9cosse sont couverts par la Loi sur l'acc\u00e8s \u00e0 l'information et la protection de la vie priv\u00e9e. Apprenez-en plus ici.","robots":{"index":"index","follow":"follow","max-snippet":"max-snippet:-1","max-image-preview":"max-image-preview:large","max-video-preview":"max-video-preview:-1"},"canonical":"https:\/\/novascotia.com\/fr\/politique-de-confidentialite\/","og_locale":"fr_FR","og_type":"article","og_title":"Politique de confidentialit\u00e9 - Tourism Nova Scotia","og_description":"Les sites Web du gouvernement de Nouvelle-\u00c9cosse sont couverts par la Loi sur l'acc\u00e8s \u00e0 l'information et la protection de la vie priv\u00e9e. Apprenez-en plus ici.","og_url":"https:\/\/novascotia.com\/fr\/politique-de-confidentialite\/","og_site_name":"Tourism Nova Scotia","article_publisher":"https:\/\/www.facebook.com\/novascotia","article_modified_time":"2024-12-04T18:54:17+00:00","twitter_card":"summary_large_image","twitter_site":"@VisitNovaScotia","schema":{"@context":"https:\/\/schema.org","@graph":[{"@type":"WebPage","@id":"https:\/\/novascotia.com\/fr\/politique-de-confidentialite\/","url":"https:\/\/novascotia.com\/fr\/politique-de-confidentialite\/","name":"Politique de confidentialit\u00e9 - Tourism Nova Scotia","isPartOf":{"@id":"https:\/\/novascotia.com\/fr\/#website"},"datePublished":"2024-02-06T18:19:25+00:00","dateModified":"2024-12-04T18:54:17+00:00","description":"Les sites Web du gouvernement de Nouvelle-\u00c9cosse sont couverts par la Loi sur l'acc\u00e8s \u00e0 l'information et la protection de la vie priv\u00e9e. Apprenez-en plus ici.","breadcrumb":{"@id":"https:\/\/novascotia.com\/fr\/politique-de-confidentialite\/#breadcrumb"},"inLanguage":"fr-FR","potentialAction":[{"@type":"ReadAction","target":["https:\/\/novascotia.com\/fr\/politique-de-confidentialite\/"]}]},{"@type":"BreadcrumbList","@id":"https:\/\/novascotia.com\/fr\/politique-de-confidentialite\/#breadcrumb","itemListElement":[{"@type":"ListItem","position":1,"name":"Home","item":"https:\/\/novascotia.com\/fr\/"},{"@type":"ListItem","position":2,"name":"Politique de confidentialit\u00e9"}]},{"@type":"WebSite","@id":"https:\/\/novascotia.com\/fr\/#website","url":"https:\/\/novascotia.com\/fr\/","name":"Tourism Nova Scotia","description":"Plan Your Trip to Nova Scotia","potentialAction":[{"@type":"SearchAction","target":{"@type":"EntryPoint","urlTemplate":"https:\/\/novascotia.com\/fr\/?s={search_term_string}"},"query-input":{"@type":"PropertyValueSpecification","valueRequired":true,"valueName":"search_term_string"}}],"inLanguage":"fr-FR"}]}},"_links":{"self":[{"href":"https:\/\/novascotia.com\/fr\/wp-json\/wp\/v2\/pages\/92616","targetHints":{"allow":["GET"]}}],"collection":[{"href":"https:\/\/novascotia.com\/fr\/wp-json\/wp\/v2\/pages"}],"about":[{"href":"https:\/\/novascotia.com\/fr\/wp-json\/wp\/v2\/types\/page"}],"author":[{"embeddable":true,"href":"https:\/\/novascotia.com\/fr\/wp-json\/wp\/v2\/users\/1"}],"replies":[{"embeddable":true,"href":"https:\/\/novascotia.com\/fr\/wp-json\/wp\/v2\/comments?post=92616"}],"version-history":[{"count":0,"href":"https:\/\/novascotia.com\/fr\/wp-json\/wp\/v2\/pages\/92616\/revisions"}],"wp:attachment":[{"href":"https:\/\/novascotia.com\/fr\/wp-json\/wp\/v2\/media?parent=92616"}],"curies":[{"name":"wp","href":"https:\/\/api.w.org\/{rel}","templated":true}]}}