{"id":92582,"date":"2024-09-25T09:12:30","date_gmt":"2024-09-25T12:12:30","guid":{"rendered":"https:\/\/tns.m5.ca\/planifiez-votre-aventure\/centre-dinformation-touristique\/"},"modified":"2026-04-21T13:44:31","modified_gmt":"2026-04-21T16:44:31","slug":"centre-dinformation-touristique","status":"publish","type":"page","link":"https:\/\/novascotia.com\/fr\/planifiez-votre-aventure\/centre-dinformation-touristique\/","title":{"rendered":"Centre d\u2019information touristique"},"content":{"rendered":"    <section  class=\"section-banner default no-overlay\">\n                                <picture class=\"bg-image\">\n                                                <img decoding=\"async\" width=\"1600\" height=\"1500\" src=\"https:\/\/novascotia.com\/wp-content\/uploads\/2026\/02\/AmherstVIC-NSsign-1600x1500-1.jpg\" class=\"attachment-full size-full\" alt=\"Welcome to Nova Scotia sign greets everyone as they enter Nova Scotia in Amherst.\" srcset=\"https:\/\/novascotia.com\/wp-content\/uploads\/2026\/02\/AmherstVIC-NSsign-1600x1500-1.jpg 1600w, https:\/\/novascotia.com\/wp-content\/uploads\/2026\/02\/AmherstVIC-NSsign-1600x1500-1-300x281.jpg 300w, https:\/\/novascotia.com\/wp-content\/uploads\/2026\/02\/AmherstVIC-NSsign-1600x1500-1-1024x960.jpg 1024w, https:\/\/novascotia.com\/wp-content\/uploads\/2026\/02\/AmherstVIC-NSsign-1600x1500-1-768x720.jpg 768w, https:\/\/novascotia.com\/wp-content\/uploads\/2026\/02\/AmherstVIC-NSsign-1600x1500-1-1536x1440.jpg 1536w\" sizes=\"(max-width: 1600px) 100vw, 1600px\" style=\"object-position:50% 63%\" \/>            <\/picture>\n                            <div class=\"container\">\n                <div class=\"inner-holder\">\n                                            <div class=\"content w-large\">\n                                                            <h1>Centre d\u2019information touristique<\/h1>\n                                                                                <\/div>\n                                    <\/div>\n            <\/div>\n            <\/section>\n<section class=\"section-breadcrumb\">\n    <div class=\"container\">\n    <div class=\"breadcrumbs\" typeof=\"BreadcrumbList\" vocab=\"https:\/\/schema.org\/\">\n            <ul class=\"breadcrumbs-list\">\n            <li class=\"home\"><span property=\"itemListElement\" typeof=\"ListItem\"><a property=\"item\" typeof=\"WebPage\" title=\"Go to Tourism Nova Scotia.\" href=\"https:\/\/novascotia.com\/fr\/\" class=\"home\" ><span property=\"name\">Home<\/span><\/a><meta property=\"position\" content=\"1\"><\/span><\/li>\n<li class=\"post-root post post-post\"><span property=\"itemListElement\" typeof=\"ListItem\"><a property=\"item\" typeof=\"WebPage\" title=\"Aller \u00e0 Notre blog.\" href=\"https:\/\/novascotia.com\/fr\/blog\/\" class=\"post-root post post-post\" aria-current=\"page\"><span property=\"name\">Notre blog<\/span><\/a><meta property=\"position\" content=\"2\"><\/span><\/li>\n        <\/ul>\n    <\/div>\n    <\/div>\n<\/section>\n\n\n\n\n    <section  class=\"section-cards-grid  \">\n        <div class=\"container\">\n                            <header class=\"entry-header\">\n                                            <h2 class=\"h1\">Vous planifiez des vacances en Nouvelle-\u00c9cosse?<\/h2>\n                                        <p style=\"text-align: left\">Les agents du service client\u00e8le de Service Nouvelle-\u00c9cosse sont disponibles \u00e0 l\u2019adresse suivante :<\/p>\n<ul style=\"text-align: left\">\n<li><strong>Num\u00e9ro sans frais (en Am\u00e9rique du Nord) :<\/strong> 1-800-565-0000<\/li>\n<li><strong>Appels locaux et \u00e0 l\u2019ext\u00e9rieur de l\u2019Am\u00e9rique du Nord :<\/strong> 1-902-742-0511<\/li>\n<li><strong>Courriel :<\/strong> <a href=\"mailto:explore@novascotia.ca\" target=\"_blank\" rel=\"noopener\">explore@novascotia.ca<\/a><\/li>\n<\/ul>\n<p style=\"text-align: left\">Les agents du service client prennent les appels : Du lundi au vendredi, de 8h30 \u00e0 16h30, heure de l\u2019Atlantique (ferm\u00e9 les jours f\u00e9ri\u00e9s).<\/p>\n<p style=\"text-align: left\">Quand vous visitez la Nouvelle\u2011\u00c9cosse, passez dans un centre d\u2019information touristique (CIT) pour obtenir des renseignements sur les exp\u00e9riences de voyage offertes dans la province et pour jaser avec des conseillers touristiques sympathiques et bien inform\u00e9s, qui seront ravis de vous aider \u00e0 profiter pleinement de vos vacances en Nouvelle\u2011\u00c9cosse.<\/p>\n                <\/header>\n                                        <div class=\"cards-grid two-mod wave-blue\">\n                                                                                                <div class=\"card-block\">\n                                                                    <figure>\n                                        <img decoding=\"async\" width=\"2000\" height=\"1500\" src=\"https:\/\/novascotia.com\/wp-content\/uploads\/2025\/11\/AmherstVIC-NS-sign-2000x1500-2.jpg\" class=\"attachment-full size-full\" alt=\"The Welcome to Nova Scotia sign next to the small lighthouse greets travellers arriving at the Nova Scotia and New Brunswick border as they enter Nova Scotia  at Amherst.\" srcset=\"https:\/\/novascotia.com\/wp-content\/uploads\/2025\/11\/AmherstVIC-NS-sign-2000x1500-2.jpg 2000w, https:\/\/novascotia.com\/wp-content\/uploads\/2025\/11\/AmherstVIC-NS-sign-2000x1500-2-300x225.jpg 300w, https:\/\/novascotia.com\/wp-content\/uploads\/2025\/11\/AmherstVIC-NS-sign-2000x1500-2-1024x768.jpg 1024w, https:\/\/novascotia.com\/wp-content\/uploads\/2025\/11\/AmherstVIC-NS-sign-2000x1500-2-768x576.jpg 768w, https:\/\/novascotia.com\/wp-content\/uploads\/2025\/11\/AmherstVIC-NS-sign-2000x1500-2-1536x1152.jpg 1536w\" sizes=\"(max-width: 2000px) 100vw, 2000px\" \/>                                    <\/figure>\n                                                                                                    <div class=\"entry-body\">\n                                                                                    <h3>Centre d\u2019information touristique d\u2019Amherst<\/h3>\n                                                                                <p><strong>\u00c0 la fronti\u00e8re de la Nouvelle-\u00c9cosse et du Nouveau-Brunswick<\/strong><br \/>\n90, boucle Cumberland<br \/>\nP: 902-667-8429<\/p>\n<p>R\u00e9ouverture le 1er mai 2026<br \/>\nOuvert tous les jours de 9h \u00e0 17h<\/p>\n<p>La boutique sur place est ouverte de mai \u00e0 octobre.<\/p>\n                                                                                    <a class=\"btn\" href=\"https:\/\/g.page\/TNSamherst\" target=\"_blank\">\n                                                Itin\u00e9raire via Google Maps                                            <\/a>\n                                                                            <\/div>\n                                                            <\/div>\n                                                                                                                        <div class=\"card-block\">\n                                                                    <figure>\n                                        <img decoding=\"async\" width=\"1920\" height=\"1080\" src=\"https:\/\/novascotia.com\/wp-content\/uploads\/2025\/08\/PictouWaterfront-VIC-1920x1080-1.jpg\" class=\"attachment-full size-full\" alt=\"Two people standing in the doorway of a community visitor information centre in Pictou County during the summer months in Nova Scotia.\" srcset=\"https:\/\/novascotia.com\/wp-content\/uploads\/2025\/08\/PictouWaterfront-VIC-1920x1080-1.jpg 1920w, https:\/\/novascotia.com\/wp-content\/uploads\/2025\/08\/PictouWaterfront-VIC-1920x1080-1-300x169.jpg 300w, https:\/\/novascotia.com\/wp-content\/uploads\/2025\/08\/PictouWaterfront-VIC-1920x1080-1-1024x576.jpg 1024w, https:\/\/novascotia.com\/wp-content\/uploads\/2025\/08\/PictouWaterfront-VIC-1920x1080-1-768x432.jpg 768w, https:\/\/novascotia.com\/wp-content\/uploads\/2025\/08\/PictouWaterfront-VIC-1920x1080-1-1536x864.jpg 1536w\" sizes=\"(max-width: 1920px) 100vw, 1920px\" \/>                                    <\/figure>\n                                                                                                    <div class=\"entry-body\">\n                                                                                    <h3>Centres d\u2019information touristique communautaires<\/h3>\n                                                                                <p>G\u00e9r\u00e9s par les municipalit\u00e9s, les villes et les organismes communautaires en partenariat avec Tourisme Nouvelle\u2011\u00c9cosse, ces centres vous offrent un accueil chaleureux. Le personnel sur place pourra vous partager ses connaissances locales et vous faire des recommandations pour vous aider \u00e0 d\u00e9couvrir encore plus de tr\u00e9sors en Nouvelle\u2011\u00c9cosse.<\/p>\n                                                                                    <a class=\"btn\" href=\"https:\/\/novascotia.com\/wp-content\/uploads\/2025\/09\/2025-Community-VIC-Locations-Sept2025.pdf\" target=\"_blank\">\n                                                Trouver un centre VIC communautaire (.pdf) (en anglais)                                            <\/a>\n                                                                            <\/div>\n                                                            <\/div>\n                                                            <\/div>\n                    <\/div>\n    <\/section>\n\n\n\n    <section  class=\"section-cards-grid  \">\n        <div class=\"container\">\n                            <header class=\"entry-header\">\n                                            <h2 class=\"h1\">Ressources suppl\u00e9mentaires pour planifier votre voyage<\/h2>\n                                                        <\/header>\n                                        <div class=\"cards-grid three-mod wave-blue\">\n                                                                                                <div class=\"card-block\">\n                                                                    <figure>\n                                        <img decoding=\"async\" width=\"1920\" height=\"1080\" src=\"https:\/\/novascotia.com\/wp-content\/uploads\/2024\/11\/sandy-point-lighthouse-1920x1080-6734e0e932bb7.webp\" class=\"attachment-full size-full\" alt=\"Discover more of what to see and do throughout the province when you view our regional partners&#039; travel guides.\" srcset=\"https:\/\/novascotia.com\/wp-content\/uploads\/2024\/11\/sandy-point-lighthouse-1920x1080-6734e0e932bb7.webp 1920w, https:\/\/novascotia.com\/wp-content\/uploads\/2024\/11\/sandy-point-lighthouse-1920x1080-6734e0e932bb7-300x169.webp 300w, https:\/\/novascotia.com\/wp-content\/uploads\/2024\/11\/sandy-point-lighthouse-1920x1080-6734e0e932bb7-1024x576.webp 1024w, https:\/\/novascotia.com\/wp-content\/uploads\/2024\/11\/sandy-point-lighthouse-1920x1080-6734e0e932bb7-768x432.webp 768w, https:\/\/novascotia.com\/wp-content\/uploads\/2024\/11\/sandy-point-lighthouse-1920x1080-6734e0e932bb7-1536x864.webp 1536w\" sizes=\"(max-width: 1920px) 100vw, 1920px\" \/>                                    <\/figure>\n                                                                                                    <div class=\"entry-body\">\n                                                                                    <h3>Guides de voyage r\u00e9gionaux<\/h3>\n                                                                                <p>Vous voulez explorer des r\u00e9gions pr\u00e9cises de la Nouvelle\u2011\u00c9cosse? Cliquez ici pour consulter les guides de voyage cr\u00e9\u00e9s par les partenaires touristiques r\u00e9gionaux de la province.<\/p>\n                                                                                    <a class=\"btn\" href=\"https:\/\/novascotia.com\/plan-your-visit\/doers-dreamers-travel-guide\/regional-travel-guides\/\" target=\"_self\">\n                                                Voir les guides de voyage r\u00e9gionaux                                            <\/a>\n                                                                            <\/div>\n                                                            <\/div>\n                                                                                                                        <div class=\"card-block\">\n                                                                    <figure>\n                                        <img decoding=\"async\" width=\"2000\" height=\"1500\" src=\"https:\/\/novascotia.com\/wp-content\/uploads\/2024\/06\/SeafoamLavenderFarm-photo-smile-2000x1500-1.jpg\" class=\"attachment-full size-full\" alt=\"Person crouched down taking a photo with their smartphone of the blooming lavender at Seafoam Lavender Farm in Nova Scotia.\" srcset=\"https:\/\/novascotia.com\/wp-content\/uploads\/2024\/06\/SeafoamLavenderFarm-photo-smile-2000x1500-1.jpg 2000w, https:\/\/novascotia.com\/wp-content\/uploads\/2024\/06\/SeafoamLavenderFarm-photo-smile-2000x1500-1-300x225.jpg 300w, https:\/\/novascotia.com\/wp-content\/uploads\/2024\/06\/SeafoamLavenderFarm-photo-smile-2000x1500-1-1024x768.jpg 1024w, https:\/\/novascotia.com\/wp-content\/uploads\/2024\/06\/SeafoamLavenderFarm-photo-smile-2000x1500-1-768x576.jpg 768w, https:\/\/novascotia.com\/wp-content\/uploads\/2024\/06\/SeafoamLavenderFarm-photo-smile-2000x1500-1-1536x1152.jpg 1536w\" sizes=\"(max-width: 2000px) 100vw, 2000px\" \/>                                    <\/figure>\n                                                                                                    <div class=\"entry-body\">\n                                                                                    <h3>Outil de carte interactive<\/h3>\n                                                                                <p>Vous cherchez quoi faire, o\u00f9 loger et plus encore dans une r\u00e9gion pr\u00e9cise? Utilisez l\u2019outil de carte interactive pour d\u00e9couvrir ce que vous devriez ajouter \u00e0 votre liste d\u2019incontournables pour votre voyage en Nouvelle\u2011\u00c9cosse.<\/p>\n                                                                                    <a class=\"btn\" href=\"https:\/\/novascotia.com\/fr\/carte\/\" target=\"_self\">\n                                                Voir la carte interactive                                            <\/a>\n                                                                            <\/div>\n                                                            <\/div>\n                                                                                                                        <div class=\"card-block\">\n                                                                    <figure>\n                                        <img decoding=\"async\" width=\"2000\" height=\"1500\" src=\"https:\/\/novascotia.com\/wp-content\/uploads\/2024\/09\/Black-Brook-Beach-Views.jpg\" class=\"attachment-full size-full\" alt=\"Taking photos at black brook beach\" srcset=\"https:\/\/novascotia.com\/wp-content\/uploads\/2024\/09\/Black-Brook-Beach-Views.jpg 2000w, https:\/\/novascotia.com\/wp-content\/uploads\/2024\/09\/Black-Brook-Beach-Views-300x225.jpg 300w, https:\/\/novascotia.com\/wp-content\/uploads\/2024\/09\/Black-Brook-Beach-Views-1024x768.jpg 1024w, https:\/\/novascotia.com\/wp-content\/uploads\/2024\/09\/Black-Brook-Beach-Views-768x576.jpg 768w, https:\/\/novascotia.com\/wp-content\/uploads\/2024\/09\/Black-Brook-Beach-Views-1536x1152.jpg 1536w\" sizes=\"(max-width: 2000px) 100vw, 2000px\" \/>                                    <\/figure>\n                                                                                                    <div class=\"entry-body\">\n                                                                                    <h3>Carte routi\u00e8re imprim\u00e9e de la Nouvelle\u2011\u00c9cosse<\/h3>\n                                                                                <p>Vous pouvez vous procurer une carte routi\u00e8re imprim\u00e9e dans un <a href=\"https:\/\/novascotia.com\/fr\/planifiez-votre-aventure\/centre-dinformation-touristique\/\">centre d\u2019information touristique<\/a>, ou demander qu\u2019on vous en fasse parvenir une par la poste, en fran\u00e7ais ou en anglais, avant votre visite.<\/p>\n                                                                                    <a class=\"btn\" href=\"https:\/\/novascotia.com\/fr\/planifiez-votre-aventure\/cartes-routiere\/\" target=\"_self\">\n                                                Demander une carte routi\u00e8re                                            <\/a>\n                                                                            <\/div>\n                                                            <\/div>\n                                                            <\/div>\n                    <\/div>\n    <\/section>\n","protected":false},"excerpt":{"rendered":"","protected":false},"author":1,"featured_media":155820,"parent":92492,"menu_order":0,"comment_status":"closed","ping_status":"closed","template":"","meta":{"_acf_changed":false,"_searchwp_excluded":"","footnotes":""},"class_list":["post-92582","page","type-page","status-publish","has-post-thumbnail","hentry"],"acf":[],"yoast_head":"<!-- This site is optimized with the Yoast SEO plugin v27.5 - https:\/\/yoast.com\/product\/yoast-seo-wordpress\/ -->\n<title>Centre d\u2019information touristique - Tourism Nova Scotia<\/title>\n<meta name=\"robots\" content=\"index, follow, max-snippet:-1, max-image-preview:large, max-video-preview:-1\" \/>\n<link rel=\"canonical\" href=\"https:\/\/novascotia.com\/fr\/planifiez-votre-aventure\/centre-dinformation-touristique\/\" \/>\n<meta property=\"og:locale\" content=\"fr_FR\" \/>\n<meta property=\"og:type\" content=\"article\" \/>\n<meta property=\"og:title\" content=\"Centre d\u2019information touristique - Tourism Nova Scotia\" \/>\n<meta property=\"og:url\" content=\"https:\/\/novascotia.com\/fr\/planifiez-votre-aventure\/centre-dinformation-touristique\/\" \/>\n<meta property=\"og:site_name\" content=\"Tourism Nova Scotia\" \/>\n<meta property=\"article:publisher\" content=\"https:\/\/www.facebook.com\/novascotia\" \/>\n<meta property=\"article:modified_time\" content=\"2026-04-21T16:44:31+00:00\" \/>\n<meta property=\"og:image\" content=\"https:\/\/novascotia.com\/wp-content\/uploads\/2026\/02\/AmherstVIC-NSsign-1600x1500-1.jpg\" \/>\n\t<meta property=\"og:image:width\" content=\"1600\" \/>\n\t<meta property=\"og:image:height\" content=\"1500\" \/>\n\t<meta property=\"og:image:type\" content=\"image\/jpeg\" \/>\n<meta name=\"twitter:card\" content=\"summary_large_image\" \/>\n<meta name=\"twitter:site\" content=\"@VisitNovaScotia\" \/>\n<meta name=\"twitter:label1\" content=\"Dur\u00e9e de lecture estim\u00e9e\" \/>\n\t<meta name=\"twitter:data1\" content=\"1 minute\" \/>\n<script type=\"application\/ld+json\" class=\"yoast-schema-graph\">{\"@context\":\"https:\\\/\\\/schema.org\",\"@graph\":[{\"@type\":\"WebPage\",\"@id\":\"https:\\\/\\\/novascotia.com\\\/fr\\\/planifiez-votre-aventure\\\/centre-dinformation-touristique\\\/\",\"url\":\"https:\\\/\\\/novascotia.com\\\/fr\\\/planifiez-votre-aventure\\\/centre-dinformation-touristique\\\/\",\"name\":\"Centre d\u2019information touristique - Tourism Nova Scotia\",\"isPartOf\":{\"@id\":\"https:\\\/\\\/novascotia.com\\\/fr\\\/#website\"},\"primaryImageOfPage\":{\"@id\":\"https:\\\/\\\/novascotia.com\\\/fr\\\/planifiez-votre-aventure\\\/centre-dinformation-touristique\\\/#primaryimage\"},\"image\":{\"@id\":\"https:\\\/\\\/novascotia.com\\\/fr\\\/planifiez-votre-aventure\\\/centre-dinformation-touristique\\\/#primaryimage\"},\"thumbnailUrl\":\"https:\\\/\\\/novascotia.com\\\/wp-content\\\/uploads\\\/2026\\\/02\\\/AmherstVIC-NSsign-1600x1500-1.jpg\",\"datePublished\":\"2024-09-25T12:12:30+00:00\",\"dateModified\":\"2026-04-21T16:44:31+00:00\",\"breadcrumb\":{\"@id\":\"https:\\\/\\\/novascotia.com\\\/fr\\\/planifiez-votre-aventure\\\/centre-dinformation-touristique\\\/#breadcrumb\"},\"inLanguage\":\"fr-FR\",\"potentialAction\":[{\"@type\":\"ReadAction\",\"target\":[\"https:\\\/\\\/novascotia.com\\\/fr\\\/planifiez-votre-aventure\\\/centre-dinformation-touristique\\\/\"]}]},{\"@type\":\"ImageObject\",\"inLanguage\":\"fr-FR\",\"@id\":\"https:\\\/\\\/novascotia.com\\\/fr\\\/planifiez-votre-aventure\\\/centre-dinformation-touristique\\\/#primaryimage\",\"url\":\"https:\\\/\\\/novascotia.com\\\/wp-content\\\/uploads\\\/2026\\\/02\\\/AmherstVIC-NSsign-1600x1500-1.jpg\",\"contentUrl\":\"https:\\\/\\\/novascotia.com\\\/wp-content\\\/uploads\\\/2026\\\/02\\\/AmherstVIC-NSsign-1600x1500-1.jpg\",\"width\":1600,\"height\":1500,\"caption\":\"Welcome to Nova Scotia sign greets everyone as they enter Nova Scotia in Amherst.\"},{\"@type\":\"BreadcrumbList\",\"@id\":\"https:\\\/\\\/novascotia.com\\\/fr\\\/planifiez-votre-aventure\\\/centre-dinformation-touristique\\\/#breadcrumb\",\"itemListElement\":[{\"@type\":\"ListItem\",\"position\":1,\"name\":\"Home\",\"item\":\"https:\\\/\\\/novascotia.com\\\/fr\\\/\"},{\"@type\":\"ListItem\",\"position\":2,\"name\":\"Planifiez votre aventure\",\"item\":\"https:\\\/\\\/novascotia.com\\\/fr\\\/planifiez-votre-aventure\\\/\"},{\"@type\":\"ListItem\",\"position\":3,\"name\":\"Centre d\u2019information touristique\"}]},{\"@type\":\"WebSite\",\"@id\":\"https:\\\/\\\/novascotia.com\\\/fr\\\/#website\",\"url\":\"https:\\\/\\\/novascotia.com\\\/fr\\\/\",\"name\":\"Tourism Nova Scotia\",\"description\":\"Plan Your Trip to Nova Scotia\",\"potentialAction\":[{\"@type\":\"SearchAction\",\"target\":{\"@type\":\"EntryPoint\",\"urlTemplate\":\"https:\\\/\\\/novascotia.com\\\/fr\\\/?s={search_term_string}\"},\"query-input\":{\"@type\":\"PropertyValueSpecification\",\"valueRequired\":true,\"valueName\":\"search_term_string\"}}],\"inLanguage\":\"fr-FR\"}]}<\/script>\n<!-- \/ Yoast SEO plugin. -->","yoast_head_json":{"title":"Centre d\u2019information touristique - Tourism Nova Scotia","robots":{"index":"index","follow":"follow","max-snippet":"max-snippet:-1","max-image-preview":"max-image-preview:large","max-video-preview":"max-video-preview:-1"},"canonical":"https:\/\/novascotia.com\/fr\/planifiez-votre-aventure\/centre-dinformation-touristique\/","og_locale":"fr_FR","og_type":"article","og_title":"Centre d\u2019information touristique - Tourism Nova Scotia","og_url":"https:\/\/novascotia.com\/fr\/planifiez-votre-aventure\/centre-dinformation-touristique\/","og_site_name":"Tourism Nova Scotia","article_publisher":"https:\/\/www.facebook.com\/novascotia","article_modified_time":"2026-04-21T16:44:31+00:00","og_image":[{"width":1600,"height":1500,"url":"https:\/\/novascotia.com\/wp-content\/uploads\/2026\/02\/AmherstVIC-NSsign-1600x1500-1.jpg","type":"image\/jpeg"}],"twitter_card":"summary_large_image","twitter_site":"@VisitNovaScotia","twitter_misc":{"Dur\u00e9e de lecture estim\u00e9e":"1 minute"},"schema":{"@context":"https:\/\/schema.org","@graph":[{"@type":"WebPage","@id":"https:\/\/novascotia.com\/fr\/planifiez-votre-aventure\/centre-dinformation-touristique\/","url":"https:\/\/novascotia.com\/fr\/planifiez-votre-aventure\/centre-dinformation-touristique\/","name":"Centre d\u2019information touristique - Tourism Nova Scotia","isPartOf":{"@id":"https:\/\/novascotia.com\/fr\/#website"},"primaryImageOfPage":{"@id":"https:\/\/novascotia.com\/fr\/planifiez-votre-aventure\/centre-dinformation-touristique\/#primaryimage"},"image":{"@id":"https:\/\/novascotia.com\/fr\/planifiez-votre-aventure\/centre-dinformation-touristique\/#primaryimage"},"thumbnailUrl":"https:\/\/novascotia.com\/wp-content\/uploads\/2026\/02\/AmherstVIC-NSsign-1600x1500-1.jpg","datePublished":"2024-09-25T12:12:30+00:00","dateModified":"2026-04-21T16:44:31+00:00","breadcrumb":{"@id":"https:\/\/novascotia.com\/fr\/planifiez-votre-aventure\/centre-dinformation-touristique\/#breadcrumb"},"inLanguage":"fr-FR","potentialAction":[{"@type":"ReadAction","target":["https:\/\/novascotia.com\/fr\/planifiez-votre-aventure\/centre-dinformation-touristique\/"]}]},{"@type":"ImageObject","inLanguage":"fr-FR","@id":"https:\/\/novascotia.com\/fr\/planifiez-votre-aventure\/centre-dinformation-touristique\/#primaryimage","url":"https:\/\/novascotia.com\/wp-content\/uploads\/2026\/02\/AmherstVIC-NSsign-1600x1500-1.jpg","contentUrl":"https:\/\/novascotia.com\/wp-content\/uploads\/2026\/02\/AmherstVIC-NSsign-1600x1500-1.jpg","width":1600,"height":1500,"caption":"Welcome to Nova Scotia sign greets everyone as they enter Nova Scotia in Amherst."},{"@type":"BreadcrumbList","@id":"https:\/\/novascotia.com\/fr\/planifiez-votre-aventure\/centre-dinformation-touristique\/#breadcrumb","itemListElement":[{"@type":"ListItem","position":1,"name":"Home","item":"https:\/\/novascotia.com\/fr\/"},{"@type":"ListItem","position":2,"name":"Planifiez votre aventure","item":"https:\/\/novascotia.com\/fr\/planifiez-votre-aventure\/"},{"@type":"ListItem","position":3,"name":"Centre d\u2019information touristique"}]},{"@type":"WebSite","@id":"https:\/\/novascotia.com\/fr\/#website","url":"https:\/\/novascotia.com\/fr\/","name":"Tourism Nova Scotia","description":"Plan Your Trip to Nova Scotia","potentialAction":[{"@type":"SearchAction","target":{"@type":"EntryPoint","urlTemplate":"https:\/\/novascotia.com\/fr\/?s={search_term_string}"},"query-input":{"@type":"PropertyValueSpecification","valueRequired":true,"valueName":"search_term_string"}}],"inLanguage":"fr-FR"}]}},"_links":{"self":[{"href":"https:\/\/novascotia.com\/fr\/wp-json\/wp\/v2\/pages\/92582","targetHints":{"allow":["GET"]}}],"collection":[{"href":"https:\/\/novascotia.com\/fr\/wp-json\/wp\/v2\/pages"}],"about":[{"href":"https:\/\/novascotia.com\/fr\/wp-json\/wp\/v2\/types\/page"}],"author":[{"embeddable":true,"href":"https:\/\/novascotia.com\/fr\/wp-json\/wp\/v2\/users\/1"}],"replies":[{"embeddable":true,"href":"https:\/\/novascotia.com\/fr\/wp-json\/wp\/v2\/comments?post=92582"}],"version-history":[{"count":9,"href":"https:\/\/novascotia.com\/fr\/wp-json\/wp\/v2\/pages\/92582\/revisions"}],"predecessor-version":[{"id":164397,"href":"https:\/\/novascotia.com\/fr\/wp-json\/wp\/v2\/pages\/92582\/revisions\/164397"}],"up":[{"embeddable":true,"href":"https:\/\/novascotia.com\/fr\/wp-json\/wp\/v2\/pages\/92492"}],"wp:featuredmedia":[{"embeddable":true,"href":"https:\/\/novascotia.com\/fr\/wp-json\/wp\/v2\/media\/155820"}],"wp:attachment":[{"href":"https:\/\/novascotia.com\/fr\/wp-json\/wp\/v2\/media?parent=92582"}],"curies":[{"name":"wp","href":"https:\/\/api.w.org\/{rel}","templated":true}]}}