{"id":92206,"date":"2024-09-25T09:11:38","date_gmt":"2024-09-25T12:11:38","guid":{"rendered":"https:\/\/tns.m5.ca\/temperature\/"},"modified":"2024-12-02T11:13:31","modified_gmt":"2024-12-02T15:13:31","slug":"temperature","status":"publish","type":"page","link":"https:\/\/novascotia.com\/fr\/planifiez-votre-aventure\/temperature\/","title":{"rendered":"Temp\u00e9rature"},"content":{"rendered":"    <section  class=\"section-banner default no-overlay\">\n                                <picture class=\"bg-image\">\n                                                <img decoding=\"async\" width=\"1920\" height=\"1080\" src=\"https:\/\/novascotia.com\/wp-content\/uploads\/2024\/09\/rainbow-skyline-trail-1920x1080-66f8c56a7bfa0.webp\" class=\"attachment-full size-full\" alt=\"\" srcset=\"https:\/\/novascotia.com\/wp-content\/uploads\/2024\/09\/rainbow-skyline-trail-1920x1080-66f8c56a7bfa0.webp 1920w, https:\/\/novascotia.com\/wp-content\/uploads\/2024\/09\/rainbow-skyline-trail-1920x1080-66f8c56a7bfa0-300x169.webp 300w, https:\/\/novascotia.com\/wp-content\/uploads\/2024\/09\/rainbow-skyline-trail-1920x1080-66f8c56a7bfa0-1024x576.webp 1024w, https:\/\/novascotia.com\/wp-content\/uploads\/2024\/09\/rainbow-skyline-trail-1920x1080-66f8c56a7bfa0-768x432.webp 768w, https:\/\/novascotia.com\/wp-content\/uploads\/2024\/09\/rainbow-skyline-trail-1920x1080-66f8c56a7bfa0-1536x864.webp 1536w\" sizes=\"(max-width: 1920px) 100vw, 1920px\" \/>            <\/picture>\n                            <div class=\"container\">\n                <div class=\"inner-holder\">\n                                            <div class=\"content w-large\">\n                                                            <h1>Temp\u00e9rature<\/h1>\n                                                        <p>Le climat de la Nouvelle-\u00c9cosse peut se r\u00e9sumer en un seul mot \u2013 mod\u00e9r\u00e9. Il est rarement tr\u00e8s chaud ou tr\u00e8s froid. La temp\u00e9rature quotidienne fluctue en fonction de l\u2019heure de la journ\u00e9e et de votre proximit\u00e9 de l\u2019oc\u00e9an. Si vous passez le matin \u00e0 Halifax, l\u2019apr\u00e8s-midi \u00e0 Wolfville et la soir\u00e9e \u00e0 Yarmouth, le climat et la temp\u00e9rature peuvent \u00eatre tr\u00e8s diff\u00e9rents. N\u2019oubliez donc pas d\u2019emporter un chandail molletonn\u00e9 ou de laine que vous pouvez enlever ou rev\u00eatir pour \u00eatre \u00e0 l\u2019aise, o\u00f9 que vous soyez.<\/p>\n                        <\/div>\n                                    <\/div>\n            <\/div>\n            <\/section>\n<section class=\"section-breadcrumb\">\n    <div class=\"container\">\n    <div class=\"breadcrumbs\" typeof=\"BreadcrumbList\" vocab=\"https:\/\/schema.org\/\">\n            <ul class=\"breadcrumbs-list\">\n            <li class=\"home\"><span property=\"itemListElement\" typeof=\"ListItem\"><a property=\"item\" typeof=\"WebPage\" title=\"Go to Tourism Nova Scotia.\" href=\"https:\/\/novascotia.com\/fr\/\" class=\"home\" ><span property=\"name\">Home<\/span><\/a><meta property=\"position\" content=\"1\"><\/span><\/li>\n<li class=\"post-root post post-post\"><span property=\"itemListElement\" typeof=\"ListItem\"><a property=\"item\" typeof=\"WebPage\" title=\"Aller \u00e0 Notre blog.\" href=\"https:\/\/novascotia.com\/fr\/blog\/\" class=\"post-root post post-post\" aria-current=\"page\"><span property=\"name\">Notre blog<\/span><\/a><meta property=\"position\" content=\"2\"><\/span><\/li>\n        <\/ul>\n    <\/div>\n    <\/div>\n<\/section>\n\n\n\n\n    <section  class=\"section-cards-grid  \">\n        <div class=\"container\">\n                                        <div class=\"cards-grid two-mod \">\n                                                                                                <div class=\"card-block\">\n                                                                    <figure>\n                                        <img decoding=\"async\" width=\"600\" height=\"338\" src=\"https:\/\/novascotia.com\/wp-content\/uploads\/2024\/09\/melmerby-beach-couple-running-1920x1080-66f8c5e54d22f.webp\" class=\"attachment-full size-full\" alt=\"\" srcset=\"https:\/\/novascotia.com\/wp-content\/uploads\/2024\/09\/melmerby-beach-couple-running-1920x1080-66f8c5e54d22f.webp 600w, https:\/\/novascotia.com\/wp-content\/uploads\/2024\/09\/melmerby-beach-couple-running-1920x1080-66f8c5e54d22f-300x169.webp 300w\" sizes=\"(max-width: 600px) 100vw, 600px\" \/>                                    <\/figure>\n                                                                                                    <div class=\"entry-body\">\n                                                                                    <h3>\u00c9t\u00e9<\/h3>\n                                                                                <p>De la mi-juin \u00e0 la mi-septembre : 20 \u00e0 25 \u00b0C (70 \u00e0 80 \u00b0F) mais peut atteindre 30 C \u00e0 32 C (86 \u00e0 90 \u00b0F) avec l&rsquo;humidit\u00e9.<\/p>\n                                                                            <\/div>\n                                                            <\/div>\n                                                                                                                        <div class=\"card-block\">\n                                                                    <figure>\n                                        <img decoding=\"async\" width=\"600\" height=\"338\" src=\"https:\/\/novascotia.com\/wp-content\/uploads\/2024\/09\/mahonebay-fallleaves-1920x1080-66f8c5e5495d2.webp\" class=\"attachment-full size-full\" alt=\"The view of Mahone Bay, Nova Scotia&#039;s iconic Three Churches from across the water\" srcset=\"https:\/\/novascotia.com\/wp-content\/uploads\/2024\/09\/mahonebay-fallleaves-1920x1080-66f8c5e5495d2.webp 600w, https:\/\/novascotia.com\/wp-content\/uploads\/2024\/09\/mahonebay-fallleaves-1920x1080-66f8c5e5495d2-300x169.webp 300w\" sizes=\"(max-width: 600px) 100vw, 600px\" \/>                                    <\/figure>\n                                                                                                    <div class=\"entry-body\">\n                                                                                    <h3>Automne<\/h3>\n                                                                                <p>De la mi-septembre \u00e0 la mi-novembre : 10 \u00e0 20 \u00b0C (50 \u00e0 70 \u00b0F)<\/p>\n<p>De la mi-novembre \u00e0 la mi-d\u00e9cembre : 0 \u00e0 10 \u00b0C (30 \u00e0 50 \u00b0F)<\/p>\n                                                                            <\/div>\n                                                            <\/div>\n                                                                                                                        <div class=\"card-block\">\n                                                                    <figure>\n                                        <img decoding=\"async\" width=\"600\" height=\"338\" src=\"https:\/\/novascotia.com\/wp-content\/uploads\/2024\/09\/winter-skyline-snowshoe-1920x1080-66f8c5e477220.webp\" class=\"attachment-full size-full\" alt=\"\" srcset=\"https:\/\/novascotia.com\/wp-content\/uploads\/2024\/09\/winter-skyline-snowshoe-1920x1080-66f8c5e477220.webp 600w, https:\/\/novascotia.com\/wp-content\/uploads\/2024\/09\/winter-skyline-snowshoe-1920x1080-66f8c5e477220-300x169.webp 300w\" sizes=\"(max-width: 600px) 100vw, 600px\" \/>                                    <\/figure>\n                                                                                                    <div class=\"entry-body\">\n                                                                                    <h3>Hiver<\/h3>\n                                                                                <p>De la mi-d\u00e9cembre \u00e0 la mi-mars : + 5 \u00e0 -15 \u00b0C (5 \u00e0 41 \u00b0F)<\/p>\n                                                                            <\/div>\n                                                            <\/div>\n                                                                                                                        <div class=\"card-block\">\n                                                                    <figure>\n                                        <img decoding=\"async\" width=\"600\" height=\"338\" src=\"https:\/\/novascotia.com\/wp-content\/uploads\/2024\/09\/apple-blossoms-1920x1080-66f8c5e478eb5.webp\" class=\"attachment-full size-full\" alt=\"\" srcset=\"https:\/\/novascotia.com\/wp-content\/uploads\/2024\/09\/apple-blossoms-1920x1080-66f8c5e478eb5.webp 600w, https:\/\/novascotia.com\/wp-content\/uploads\/2024\/09\/apple-blossoms-1920x1080-66f8c5e478eb5-300x169.webp 300w\" sizes=\"(max-width: 600px) 100vw, 600px\" \/>                                    <\/figure>\n                                                                                                    <div class=\"entry-body\">\n                                                                                    <h3>Printemps<\/h3>\n                                                                                <p>De la mi-mars \u00e0 la fin d\u2019avril :  0 \u00e0 10 \u00b0C (32 \u00e0 50 \u00b0F) <\/p>\n<p>Fin d\u2019avril \u00e0 la mi-juin : 10 \u00e0 20 \u00b0C (50 \u00e0 70 \u00b0F)<\/p>\n                                                                            <\/div>\n                                                            <\/div>\n                                                            <\/div>\n                    <\/div>\n    <\/section>\n\n\n    <section  class=\"section-cta default\">\n        <div class=\"container\">\n            <div class=\"full-cta-wrap\">\n                                    <picture class=\"entry-bg\">\n                                                                        <img decoding=\"async\" width=\"1920\" height=\"1080\" src=\"https:\/\/novascotia.com\/wp-content\/uploads\/2024\/09\/peggys-cove-sunrise-1920x1080-66f8c71582fde.webp\" class=\"attachment-full size-full\" alt=\"A person stands by Peggy&#039;s Cove Lighthouse on the rocks at sunset\" srcset=\"https:\/\/novascotia.com\/wp-content\/uploads\/2024\/09\/peggys-cove-sunrise-1920x1080-66f8c71582fde.webp 1920w, https:\/\/novascotia.com\/wp-content\/uploads\/2024\/09\/peggys-cove-sunrise-1920x1080-66f8c71582fde-300x169.webp 300w, https:\/\/novascotia.com\/wp-content\/uploads\/2024\/09\/peggys-cove-sunrise-1920x1080-66f8c71582fde-1024x576.webp 1024w, https:\/\/novascotia.com\/wp-content\/uploads\/2024\/09\/peggys-cove-sunrise-1920x1080-66f8c71582fde-768x432.webp 768w, https:\/\/novascotia.com\/wp-content\/uploads\/2024\/09\/peggys-cove-sunrise-1920x1080-66f8c71582fde-1536x864.webp 1536w\" sizes=\"(max-width: 1920px) 100vw, 1920px\" \/>                    <\/picture>\n                                                    <div class=\"full-cta-item blue\">\n                                                    <h2 class=\"h2\">Pr\u00e9visions m\u00e9t\u00e9orologiques<\/h2>\n                                                <p>Pour que vous ayez une journ\u00e9e agr\u00e9able en Nouvelle-\u00c9cosse, v\u00e9rifiez les toutes derni\u00e8res conditions m\u00e9t\u00e9orologiques sur le site Web d\u2019Environnement Canada.  En Nouvelle-\u00c9cosse, les pr\u00e9visions m\u00e9t\u00e9orologiques sont mesur\u00e9es en degr\u00e9s Celsius. Veuillez aussi noter les heures du lever et du coucher du soleil pour que vous puissiez prendre la photo parfaite de ces moments glorieux en bordure de l\u2019oc\u00e9an. <\/p>\n                                                    <a class=\"btn btn-primary\" href=\"https:\/\/meteo.gc.ca\/forecast\/canada\/index_f.html?id=NS\" target=\"_blank\" role=\"button\">\n                                En Savoir Plus                            <\/a>\n                                                                    <\/div>\n                            <\/div>\n        <\/div>\n    <\/section>\n\n\n    <section  class=\"section-crowdriff\">\n                    <figure class=\"header-image restrict_height_1\" >\n                <img decoding=\"async\" width=\"1920\" height=\"679\" src=\"https:\/\/novascotia.com\/wp-content\/uploads\/2024\/09\/gallerytop-66f6bf09e84a3.webp\" class=\"attachment-full size-full\" alt=\"\" srcset=\"https:\/\/novascotia.com\/wp-content\/uploads\/2024\/09\/gallerytop-66f6bf09e84a3.webp 1920w, https:\/\/novascotia.com\/wp-content\/uploads\/2024\/09\/gallerytop-66f6bf09e84a3-300x106.webp 300w, https:\/\/novascotia.com\/wp-content\/uploads\/2024\/09\/gallerytop-66f6bf09e84a3-1024x362.webp 1024w, https:\/\/novascotia.com\/wp-content\/uploads\/2024\/09\/gallerytop-66f6bf09e84a3-768x272.webp 768w, https:\/\/novascotia.com\/wp-content\/uploads\/2024\/09\/gallerytop-66f6bf09e84a3-1536x543.webp 1536w\" sizes=\"(max-width: 1920px) 100vw, 1920px\" \/>                                    <div class=\"instagram-frame\">\n                        <div class=\"head\">\n                            <div class=\"head-icon\">\n                                <a href=\"#\" target=\"_self\">\n                                    <span class=\"accessibility\">Link to Instagram page<\/span>\n                                    <svg width=\"53\" height=\"53\" viewBox=\"0 0 53 53\" fill=\"none\" xmlns=\"http:\/\/www.w3.org\/2000\/svg\" aria-hidden=\"true\"><g fill=\"#2C3967\"><path d=\"M26.505 5.563c6.87 0 7.68.03 10.39.15 2.51.11 3.87.53 4.78.89 1.2.47 2.06 1.02 2.96 1.92.9.9 1.46 1.76 1.92 2.96.35.91.77 2.27.89 4.78.12 2.71.15 3.53.15 10.39 0 6.86-.03 7.68-.15 10.39-.11 2.51-.53 3.87-.89 4.78-.47 1.2-1.02 2.06-1.92 2.96-.9.9-1.76 1.46-2.96 1.92-.91.35-2.27.77-4.78.89-2.71.12-3.52.15-10.39.15-6.87 0-7.68-.03-10.39-.15-2.51-.11-3.87-.53-4.78-.89-1.2-.47-2.06-1.02-2.96-1.92-.9-.9-1.46-1.76-1.92-2.96-.35-.91-.77-2.27-.89-4.78-.12-2.71-.15-3.53-.15-10.39 0-6.86.03-7.68.15-10.39.11-2.51.53-3.87.89-4.78.47-1.2 1.02-2.06 1.92-2.96.9-.9 1.76-1.46 2.96-1.92.91-.35 2.27-.77 4.78-.89 2.71-.12 3.53-.15 10.39-.15Zm0-4.63c-6.98 0-7.86.03-10.6.15-2.74.12-4.61.56-6.24 1.2-1.69.66-3.13 1.54-4.55 2.97-1.43 1.43-2.31 2.86-2.97 4.55-.64 1.64-1.07 3.51-1.2 6.24-.13 2.74-.15 3.62-.15 10.6 0 6.98.03 7.86.15 10.6.12 2.74.56 4.61 1.2 6.24.66 1.69 1.54 3.13 2.97 4.55 1.43 1.43 2.86 2.31 4.55 2.97 1.64.64 3.51 1.07 6.24 1.2 2.74.13 3.62.15 10.6.15 6.98 0 7.86-.03 10.6-.15 2.74-.12 4.61-.56 6.24-1.2 1.69-.66 3.13-1.54 4.55-2.97 1.43-1.43 2.31-2.86 2.97-4.55.64-1.64 1.07-3.51 1.2-6.24.13-2.74.15-3.62.15-10.6 0-6.98-.03-7.86-.15-10.6-.12-2.74-.56-4.61-1.2-6.24-.66-1.69-1.54-3.13-2.97-4.55-1.43-1.43-2.86-2.31-4.55-2.97-1.64-.64-3.51-1.07-6.24-1.2-2.74-.13-3.62-.15-10.6-.15Z\"\/><path d=\"M26.505 13.443c-7.29 0-13.21 5.91-13.21 13.21 0 7.3 5.91 13.21 13.21 13.21 7.3 0 13.21-5.91 13.21-13.21 0-7.3-5.91-13.21-13.21-13.21Zm0 21.78c-4.73 0-8.57-3.84-8.57-8.57s3.84-8.57 8.57-8.57 8.57 3.84 8.57 8.57-3.84 8.57-8.57 8.57ZM40.225 16.012a3.09 3.09 0 1 0 0-6.18 3.09 3.09 0 0 0 0 6.18Z\"\/><\/g><\/svg>\n                                <\/a>\n                            <\/div>\n                                                            <div class=\"head-title\">\n                                    <p>Identifiez-nous sur vos photos de voyage pour qu\u2019elles soient mises en vedette.<\/p>\n                                <\/div>\n                                                                                <\/div>\n                        <div class=\"body-frame\"><\/div>\n                    <\/div>\n                            <\/figure>\n                            <div class=\"crowdriff-block\">\n                <script id=\"cr-init__ffd2751cd24be768\" src=\"https:\/\/starling.crowdriff.com\/js\/crowdriff.js\" lang=\"en\" async><\/script>            <\/div>\n            <\/section>\n","protected":false},"excerpt":{"rendered":"","protected":false},"author":1,"featured_media":58131,"parent":92492,"menu_order":0,"comment_status":"closed","ping_status":"closed","template":"","meta":{"_acf_changed":false,"_searchwp_excluded":"","footnotes":""},"class_list":["post-92206","page","type-page","status-publish","has-post-thumbnail","hentry"],"acf":[],"yoast_head":"<!-- This site is optimized with the Yoast SEO plugin v27.3 - https:\/\/yoast.com\/product\/yoast-seo-wordpress\/ -->\n<title>Temp\u00e9rature - Tourism Nova Scotia<\/title>\n<meta name=\"robots\" content=\"index, follow, max-snippet:-1, max-image-preview:large, max-video-preview:-1\" \/>\n<link rel=\"canonical\" href=\"https:\/\/novascotia.com\/fr\/planifiez-votre-aventure\/temperature\/\" \/>\n<meta property=\"og:locale\" content=\"fr_FR\" \/>\n<meta property=\"og:type\" content=\"article\" \/>\n<meta property=\"og:title\" content=\"Temp\u00e9rature - Tourism Nova Scotia\" \/>\n<meta property=\"og:url\" content=\"https:\/\/novascotia.com\/fr\/planifiez-votre-aventure\/temperature\/\" \/>\n<meta property=\"og:site_name\" content=\"Tourism Nova Scotia\" \/>\n<meta property=\"article:publisher\" content=\"https:\/\/www.facebook.com\/novascotia\" \/>\n<meta property=\"article:modified_time\" content=\"2024-12-02T15:13:31+00:00\" \/>\n<meta property=\"og:image\" content=\"https:\/\/novascotia.com\/wp-content\/uploads\/2024\/09\/rainbow-skyline-trail-1920x1080-66f8c56a7bfa0.webp\" \/>\n\t<meta property=\"og:image:width\" content=\"1920\" \/>\n\t<meta property=\"og:image:height\" content=\"1080\" \/>\n\t<meta property=\"og:image:type\" content=\"image\/webp\" \/>\n<meta name=\"twitter:card\" content=\"summary_large_image\" \/>\n<meta name=\"twitter:site\" content=\"@VisitNovaScotia\" \/>\n<meta name=\"twitter:label1\" content=\"Dur\u00e9e de lecture estim\u00e9e\" \/>\n\t<meta name=\"twitter:data1\" content=\"1 minute\" \/>\n<script type=\"application\/ld+json\" class=\"yoast-schema-graph\">{\"@context\":\"https:\\\/\\\/schema.org\",\"@graph\":[{\"@type\":\"WebPage\",\"@id\":\"https:\\\/\\\/novascotia.com\\\/fr\\\/planifiez-votre-aventure\\\/temperature\\\/\",\"url\":\"https:\\\/\\\/novascotia.com\\\/fr\\\/planifiez-votre-aventure\\\/temperature\\\/\",\"name\":\"Temp\u00e9rature - Tourism Nova Scotia\",\"isPartOf\":{\"@id\":\"https:\\\/\\\/novascotia.com\\\/fr\\\/#website\"},\"primaryImageOfPage\":{\"@id\":\"https:\\\/\\\/novascotia.com\\\/fr\\\/planifiez-votre-aventure\\\/temperature\\\/#primaryimage\"},\"image\":{\"@id\":\"https:\\\/\\\/novascotia.com\\\/fr\\\/planifiez-votre-aventure\\\/temperature\\\/#primaryimage\"},\"thumbnailUrl\":\"https:\\\/\\\/novascotia.com\\\/wp-content\\\/uploads\\\/2024\\\/09\\\/rainbow-skyline-trail-1920x1080-66f8c56a7bfa0.webp\",\"datePublished\":\"2024-09-25T12:11:38+00:00\",\"dateModified\":\"2024-12-02T15:13:31+00:00\",\"breadcrumb\":{\"@id\":\"https:\\\/\\\/novascotia.com\\\/fr\\\/planifiez-votre-aventure\\\/temperature\\\/#breadcrumb\"},\"inLanguage\":\"fr-FR\",\"potentialAction\":[{\"@type\":\"ReadAction\",\"target\":[\"https:\\\/\\\/novascotia.com\\\/fr\\\/planifiez-votre-aventure\\\/temperature\\\/\"]}]},{\"@type\":\"ImageObject\",\"inLanguage\":\"fr-FR\",\"@id\":\"https:\\\/\\\/novascotia.com\\\/fr\\\/planifiez-votre-aventure\\\/temperature\\\/#primaryimage\",\"url\":\"https:\\\/\\\/novascotia.com\\\/wp-content\\\/uploads\\\/2024\\\/09\\\/rainbow-skyline-trail-1920x1080-66f8c56a7bfa0.webp\",\"contentUrl\":\"https:\\\/\\\/novascotia.com\\\/wp-content\\\/uploads\\\/2024\\\/09\\\/rainbow-skyline-trail-1920x1080-66f8c56a7bfa0.webp\",\"width\":1920,\"height\":1080},{\"@type\":\"BreadcrumbList\",\"@id\":\"https:\\\/\\\/novascotia.com\\\/fr\\\/planifiez-votre-aventure\\\/temperature\\\/#breadcrumb\",\"itemListElement\":[{\"@type\":\"ListItem\",\"position\":1,\"name\":\"Home\",\"item\":\"https:\\\/\\\/novascotia.com\\\/fr\\\/\"},{\"@type\":\"ListItem\",\"position\":2,\"name\":\"Planifiez votre aventure\",\"item\":\"https:\\\/\\\/novascotia.com\\\/fr\\\/planifiez-votre-aventure\\\/\"},{\"@type\":\"ListItem\",\"position\":3,\"name\":\"Temp\u00e9rature\"}]},{\"@type\":\"WebSite\",\"@id\":\"https:\\\/\\\/novascotia.com\\\/fr\\\/#website\",\"url\":\"https:\\\/\\\/novascotia.com\\\/fr\\\/\",\"name\":\"Tourism Nova Scotia\",\"description\":\"Plan Your Trip to Nova Scotia\",\"potentialAction\":[{\"@type\":\"SearchAction\",\"target\":{\"@type\":\"EntryPoint\",\"urlTemplate\":\"https:\\\/\\\/novascotia.com\\\/fr\\\/?s={search_term_string}\"},\"query-input\":{\"@type\":\"PropertyValueSpecification\",\"valueRequired\":true,\"valueName\":\"search_term_string\"}}],\"inLanguage\":\"fr-FR\"}]}<\/script>\n<!-- \/ Yoast SEO plugin. -->","yoast_head_json":{"title":"Temp\u00e9rature - Tourism Nova Scotia","robots":{"index":"index","follow":"follow","max-snippet":"max-snippet:-1","max-image-preview":"max-image-preview:large","max-video-preview":"max-video-preview:-1"},"canonical":"https:\/\/novascotia.com\/fr\/planifiez-votre-aventure\/temperature\/","og_locale":"fr_FR","og_type":"article","og_title":"Temp\u00e9rature - Tourism Nova Scotia","og_url":"https:\/\/novascotia.com\/fr\/planifiez-votre-aventure\/temperature\/","og_site_name":"Tourism Nova Scotia","article_publisher":"https:\/\/www.facebook.com\/novascotia","article_modified_time":"2024-12-02T15:13:31+00:00","og_image":[{"width":1920,"height":1080,"url":"https:\/\/novascotia.com\/wp-content\/uploads\/2024\/09\/rainbow-skyline-trail-1920x1080-66f8c56a7bfa0.webp","type":"image\/webp"}],"twitter_card":"summary_large_image","twitter_site":"@VisitNovaScotia","twitter_misc":{"Dur\u00e9e de lecture estim\u00e9e":"1 minute"},"schema":{"@context":"https:\/\/schema.org","@graph":[{"@type":"WebPage","@id":"https:\/\/novascotia.com\/fr\/planifiez-votre-aventure\/temperature\/","url":"https:\/\/novascotia.com\/fr\/planifiez-votre-aventure\/temperature\/","name":"Temp\u00e9rature - Tourism Nova Scotia","isPartOf":{"@id":"https:\/\/novascotia.com\/fr\/#website"},"primaryImageOfPage":{"@id":"https:\/\/novascotia.com\/fr\/planifiez-votre-aventure\/temperature\/#primaryimage"},"image":{"@id":"https:\/\/novascotia.com\/fr\/planifiez-votre-aventure\/temperature\/#primaryimage"},"thumbnailUrl":"https:\/\/novascotia.com\/wp-content\/uploads\/2024\/09\/rainbow-skyline-trail-1920x1080-66f8c56a7bfa0.webp","datePublished":"2024-09-25T12:11:38+00:00","dateModified":"2024-12-02T15:13:31+00:00","breadcrumb":{"@id":"https:\/\/novascotia.com\/fr\/planifiez-votre-aventure\/temperature\/#breadcrumb"},"inLanguage":"fr-FR","potentialAction":[{"@type":"ReadAction","target":["https:\/\/novascotia.com\/fr\/planifiez-votre-aventure\/temperature\/"]}]},{"@type":"ImageObject","inLanguage":"fr-FR","@id":"https:\/\/novascotia.com\/fr\/planifiez-votre-aventure\/temperature\/#primaryimage","url":"https:\/\/novascotia.com\/wp-content\/uploads\/2024\/09\/rainbow-skyline-trail-1920x1080-66f8c56a7bfa0.webp","contentUrl":"https:\/\/novascotia.com\/wp-content\/uploads\/2024\/09\/rainbow-skyline-trail-1920x1080-66f8c56a7bfa0.webp","width":1920,"height":1080},{"@type":"BreadcrumbList","@id":"https:\/\/novascotia.com\/fr\/planifiez-votre-aventure\/temperature\/#breadcrumb","itemListElement":[{"@type":"ListItem","position":1,"name":"Home","item":"https:\/\/novascotia.com\/fr\/"},{"@type":"ListItem","position":2,"name":"Planifiez votre aventure","item":"https:\/\/novascotia.com\/fr\/planifiez-votre-aventure\/"},{"@type":"ListItem","position":3,"name":"Temp\u00e9rature"}]},{"@type":"WebSite","@id":"https:\/\/novascotia.com\/fr\/#website","url":"https:\/\/novascotia.com\/fr\/","name":"Tourism Nova Scotia","description":"Plan Your Trip to Nova Scotia","potentialAction":[{"@type":"SearchAction","target":{"@type":"EntryPoint","urlTemplate":"https:\/\/novascotia.com\/fr\/?s={search_term_string}"},"query-input":{"@type":"PropertyValueSpecification","valueRequired":true,"valueName":"search_term_string"}}],"inLanguage":"fr-FR"}]}},"_links":{"self":[{"href":"https:\/\/novascotia.com\/fr\/wp-json\/wp\/v2\/pages\/92206","targetHints":{"allow":["GET"]}}],"collection":[{"href":"https:\/\/novascotia.com\/fr\/wp-json\/wp\/v2\/pages"}],"about":[{"href":"https:\/\/novascotia.com\/fr\/wp-json\/wp\/v2\/types\/page"}],"author":[{"embeddable":true,"href":"https:\/\/novascotia.com\/fr\/wp-json\/wp\/v2\/users\/1"}],"replies":[{"embeddable":true,"href":"https:\/\/novascotia.com\/fr\/wp-json\/wp\/v2\/comments?post=92206"}],"version-history":[{"count":0,"href":"https:\/\/novascotia.com\/fr\/wp-json\/wp\/v2\/pages\/92206\/revisions"}],"up":[{"embeddable":true,"href":"https:\/\/novascotia.com\/fr\/wp-json\/wp\/v2\/pages\/92492"}],"wp:featuredmedia":[{"embeddable":true,"href":"https:\/\/novascotia.com\/fr\/wp-json\/wp\/v2\/media\/58131"}],"wp:attachment":[{"href":"https:\/\/novascotia.com\/fr\/wp-json\/wp\/v2\/media?parent=92206"}],"curies":[{"name":"wp","href":"https:\/\/api.w.org\/{rel}","templated":true}]}}