{"id":95359,"date":"2024-11-20T10:11:09","date_gmt":"2024-11-20T14:11:09","guid":{"rendered":"https:\/\/tns.m5.ca\/?page_id=95359"},"modified":"2024-11-20T10:26:23","modified_gmt":"2024-11-20T14:26:23","slug":"camping","status":"publish","type":"page","link":"https:\/\/novascotia.com\/de\/unsere-top-10-in-nova-scotia\/camping\/","title":{"rendered":"Camping"},"content":{"rendered":"    <section  class=\"section-banner default no-overlay\">\n                                <picture class=\"bg-image\">\n                                                <img decoding=\"async\" width=\"1920\" height=\"1080\" src=\"https:\/\/novascotia.com\/wp-content\/uploads\/2024\/10\/dome-stars-1920x1080-6707f3c5653c7.webp\" class=\"attachment-full size-full\" alt=\"Glamping dome\" srcset=\"https:\/\/novascotia.com\/wp-content\/uploads\/2024\/10\/dome-stars-1920x1080-6707f3c5653c7.webp 1920w, https:\/\/novascotia.com\/wp-content\/uploads\/2024\/10\/dome-stars-1920x1080-6707f3c5653c7-300x169.webp 300w, https:\/\/novascotia.com\/wp-content\/uploads\/2024\/10\/dome-stars-1920x1080-6707f3c5653c7-1024x576.webp 1024w, https:\/\/novascotia.com\/wp-content\/uploads\/2024\/10\/dome-stars-1920x1080-6707f3c5653c7-768x432.webp 768w, https:\/\/novascotia.com\/wp-content\/uploads\/2024\/10\/dome-stars-1920x1080-6707f3c5653c7-1536x864.webp 1536w\" sizes=\"(max-width: 1920px) 100vw, 1920px\" \/>            <\/picture>\n                            <div class=\"container\">\n                <div class=\"inner-holder\">\n                                            <div class=\"content w-large\">\n                                                            <h1>Camping<\/h1>\n                                                                                <\/div>\n                                    <\/div>\n            <\/div>\n            <\/section>\n<section class=\"section-breadcrumb\">\n    <div class=\"container\">\n    <div class=\"breadcrumbs\" typeof=\"BreadcrumbList\" vocab=\"https:\/\/schema.org\/\">\n            <ul class=\"breadcrumbs-list\">\n            <li class=\"home\"><span property=\"itemListElement\" typeof=\"ListItem\"><a property=\"item\" typeof=\"WebPage\" title=\"Go to Tourism Nova Scotia.\" href=\"https:\/\/novascotia.com\/de\/\" class=\"home\" ><span property=\"name\">Home<\/span><\/a><meta property=\"position\" content=\"1\"><\/span><\/li>\n<li class=\"post-root post post-post\"><span property=\"itemListElement\" typeof=\"ListItem\"><a property=\"item\" typeof=\"WebPage\" title=\"Gehe zu Blog.\" href=\"https:\/\/novascotia.com\/de\/blog\/\" class=\"post-root post post-post\" aria-current=\"page\"><span property=\"name\">Blog<\/span><\/a><meta property=\"position\" content=\"2\"><\/span><\/li>\n        <\/ul>\n    <\/div>\n    <\/div>\n<\/section>\n\n\n\n\n<div style=\"height:100px\" aria-hidden=\"true\" class=\"wp-block-spacer\"><\/div>\n\n\n    <section  class=\"section-text-image\">\n        <div class=\"container\">\n            <div class=\"row left\">\n                                    <div class=\"image-box\">\n                        <figure class=\"media-item\">\n                            <img decoding=\"async\" width=\"1280\" height=\"720\" src=\"https:\/\/novascotia.com\/wp-content\/uploads\/2024\/10\/meatcove-camping-1920x1080-6700313ceeb08.webp\" class=\"attachment-full size-full\" alt=\"Meat Cove Camping\" srcset=\"https:\/\/novascotia.com\/wp-content\/uploads\/2024\/10\/meatcove-camping-1920x1080-6700313ceeb08.webp 1280w, https:\/\/novascotia.com\/wp-content\/uploads\/2024\/10\/meatcove-camping-1920x1080-6700313ceeb08-300x169.webp 300w, https:\/\/novascotia.com\/wp-content\/uploads\/2024\/10\/meatcove-camping-1920x1080-6700313ceeb08-1024x576.webp 1024w, https:\/\/novascotia.com\/wp-content\/uploads\/2024\/10\/meatcove-camping-1920x1080-6700313ceeb08-768x432.webp 768w\" sizes=\"(max-width: 1280px) 100vw, 1280px\" \/><!-- image -->\n                                                            <figcaption>Meat Cove Campingplatz<\/figcaption>\n                                                    <\/figure>\n                    <\/div>\n                                                    <div class=\"text-box\">\n                                                <div class=\"MuiGrid-root body MuiGrid-container MuiGrid-item MuiGrid-justify-xs-center MuiGrid-grid-xs-12\">\n<div>\n<p>Viele Reisende, die nach Nova Scotia kommen, erkunden die Provinz auf einer Mietwagenrundreise. Malerische Bed &amp; Breakfast in viktorianischen H\u00e4usern und ganz individuelle Country Inns, Hotels und Motels machen f\u00fcr viele den Charme eines Urlaubes in Nova Scotia aus.<\/p>\n<p>Aber auch Individualisten, die lieber auf Campingpl\u00e4tzen unterwegs sind, kommen hier voll auf Ihre Kosten. So vielseitig wie die Natur, so vielseitig und gro\u00df ist auch das Angebot an Campingpl\u00e4tzen. Ob mitten im kleinen Fischerdorf, mit Meeresblick \u2013 hoch auf einer Klippe oder am Strand &#8211; oder mitten in den W\u00e4ldern im Nationalpark \u2013 Nova Scotia bietet zwei Nationalparks, 20 Provinzparks mit Stellpl\u00e4tzen und \u00fcber einhundert privat gef\u00fchrte Campingpl\u00e4tze.<\/p>\n<p>Ein Verzeichnis aller Campingpl\u00e4tze enth\u00e4lt \u00fcbrigens unser Reiseplaner \u201eDoer\u2019s &amp; Dreamer\u2019s Guide\u201c, den Sie Hier herunterladen k\u00f6nnen: <a href=\"https:\/\/www.novascotia.com\/travel-info\/travel-guide\" target=\"_blank\" rel=\"noopener\">https:\/\/www.novascotia.com\/travel-info\/travel-guide<\/a><\/p>\n<\/div>\n<\/div>\n                                            <\/div>\n                            <\/div>\n        <\/div>\n    <\/section>\n","protected":false},"excerpt":{"rendered":"","protected":false},"author":54,"featured_media":0,"parent":95120,"menu_order":0,"comment_status":"closed","ping_status":"closed","template":"","meta":{"_acf_changed":false,"_searchwp_excluded":"","footnotes":""},"class_list":["post-95359","page","type-page","status-publish","hentry"],"acf":[],"yoast_head":"<!-- This site is optimized with the Yoast SEO plugin v27.5 - https:\/\/yoast.com\/product\/yoast-seo-wordpress\/ -->\n<title>Camping - Tourism Nova Scotia<\/title>\n<meta name=\"robots\" content=\"index, follow, max-snippet:-1, max-image-preview:large, max-video-preview:-1\" \/>\n<link rel=\"canonical\" href=\"https:\/\/novascotia.com\/de\/unsere-top-10-in-nova-scotia\/camping\/\" \/>\n<meta property=\"og:locale\" content=\"de_DE\" \/>\n<meta property=\"og:type\" content=\"article\" \/>\n<meta property=\"og:title\" content=\"Camping - Tourism Nova Scotia\" \/>\n<meta property=\"og:url\" content=\"https:\/\/novascotia.com\/de\/unsere-top-10-in-nova-scotia\/camping\/\" \/>\n<meta property=\"og:site_name\" content=\"Tourism Nova Scotia\" \/>\n<meta property=\"article:publisher\" content=\"https:\/\/www.facebook.com\/novascotia\" \/>\n<meta property=\"article:modified_time\" content=\"2024-11-20T14:26:23+00:00\" \/>\n<meta name=\"twitter:card\" content=\"summary_large_image\" \/>\n<meta name=\"twitter:site\" content=\"@VisitNovaScotia\" \/>\n<script type=\"application\/ld+json\" class=\"yoast-schema-graph\">{\"@context\":\"https:\\\/\\\/schema.org\",\"@graph\":[{\"@type\":\"WebPage\",\"@id\":\"https:\\\/\\\/novascotia.com\\\/de\\\/unsere-top-10-in-nova-scotia\\\/camping\\\/\",\"url\":\"https:\\\/\\\/novascotia.com\\\/de\\\/unsere-top-10-in-nova-scotia\\\/camping\\\/\",\"name\":\"Camping - Tourism Nova Scotia\",\"isPartOf\":{\"@id\":\"https:\\\/\\\/novascotia.com\\\/de\\\/#website\"},\"datePublished\":\"2024-11-20T14:11:09+00:00\",\"dateModified\":\"2024-11-20T14:26:23+00:00\",\"breadcrumb\":{\"@id\":\"https:\\\/\\\/novascotia.com\\\/de\\\/unsere-top-10-in-nova-scotia\\\/camping\\\/#breadcrumb\"},\"inLanguage\":\"de\",\"potentialAction\":[{\"@type\":\"ReadAction\",\"target\":[\"https:\\\/\\\/novascotia.com\\\/de\\\/unsere-top-10-in-nova-scotia\\\/camping\\\/\"]}]},{\"@type\":\"BreadcrumbList\",\"@id\":\"https:\\\/\\\/novascotia.com\\\/de\\\/unsere-top-10-in-nova-scotia\\\/camping\\\/#breadcrumb\",\"itemListElement\":[{\"@type\":\"ListItem\",\"position\":1,\"name\":\"Home\",\"item\":\"https:\\\/\\\/novascotia.com\\\/de\\\/\"},{\"@type\":\"ListItem\",\"position\":2,\"name\":\"Unsere Top 10 in Nova Scotia\",\"item\":\"https:\\\/\\\/novascotia.com\\\/de\\\/unsere-top-10-in-nova-scotia\\\/\"},{\"@type\":\"ListItem\",\"position\":3,\"name\":\"Camping\"}]},{\"@type\":\"WebSite\",\"@id\":\"https:\\\/\\\/novascotia.com\\\/de\\\/#website\",\"url\":\"https:\\\/\\\/novascotia.com\\\/de\\\/\",\"name\":\"Tourism Nova Scotia\",\"description\":\"Plan Your Trip to Nova Scotia\",\"potentialAction\":[{\"@type\":\"SearchAction\",\"target\":{\"@type\":\"EntryPoint\",\"urlTemplate\":\"https:\\\/\\\/novascotia.com\\\/de\\\/?s={search_term_string}\"},\"query-input\":{\"@type\":\"PropertyValueSpecification\",\"valueRequired\":true,\"valueName\":\"search_term_string\"}}],\"inLanguage\":\"de\"}]}<\/script>\n<!-- \/ Yoast SEO plugin. -->","yoast_head_json":{"title":"Camping - Tourism Nova Scotia","robots":{"index":"index","follow":"follow","max-snippet":"max-snippet:-1","max-image-preview":"max-image-preview:large","max-video-preview":"max-video-preview:-1"},"canonical":"https:\/\/novascotia.com\/de\/unsere-top-10-in-nova-scotia\/camping\/","og_locale":"de_DE","og_type":"article","og_title":"Camping - Tourism Nova Scotia","og_url":"https:\/\/novascotia.com\/de\/unsere-top-10-in-nova-scotia\/camping\/","og_site_name":"Tourism Nova Scotia","article_publisher":"https:\/\/www.facebook.com\/novascotia","article_modified_time":"2024-11-20T14:26:23+00:00","twitter_card":"summary_large_image","twitter_site":"@VisitNovaScotia","schema":{"@context":"https:\/\/schema.org","@graph":[{"@type":"WebPage","@id":"https:\/\/novascotia.com\/de\/unsere-top-10-in-nova-scotia\/camping\/","url":"https:\/\/novascotia.com\/de\/unsere-top-10-in-nova-scotia\/camping\/","name":"Camping - Tourism Nova Scotia","isPartOf":{"@id":"https:\/\/novascotia.com\/de\/#website"},"datePublished":"2024-11-20T14:11:09+00:00","dateModified":"2024-11-20T14:26:23+00:00","breadcrumb":{"@id":"https:\/\/novascotia.com\/de\/unsere-top-10-in-nova-scotia\/camping\/#breadcrumb"},"inLanguage":"de","potentialAction":[{"@type":"ReadAction","target":["https:\/\/novascotia.com\/de\/unsere-top-10-in-nova-scotia\/camping\/"]}]},{"@type":"BreadcrumbList","@id":"https:\/\/novascotia.com\/de\/unsere-top-10-in-nova-scotia\/camping\/#breadcrumb","itemListElement":[{"@type":"ListItem","position":1,"name":"Home","item":"https:\/\/novascotia.com\/de\/"},{"@type":"ListItem","position":2,"name":"Unsere Top 10 in Nova Scotia","item":"https:\/\/novascotia.com\/de\/unsere-top-10-in-nova-scotia\/"},{"@type":"ListItem","position":3,"name":"Camping"}]},{"@type":"WebSite","@id":"https:\/\/novascotia.com\/de\/#website","url":"https:\/\/novascotia.com\/de\/","name":"Tourism Nova Scotia","description":"Plan Your Trip to Nova Scotia","potentialAction":[{"@type":"SearchAction","target":{"@type":"EntryPoint","urlTemplate":"https:\/\/novascotia.com\/de\/?s={search_term_string}"},"query-input":{"@type":"PropertyValueSpecification","valueRequired":true,"valueName":"search_term_string"}}],"inLanguage":"de"}]}},"_links":{"self":[{"href":"https:\/\/novascotia.com\/de\/wp-json\/wp\/v2\/pages\/95359","targetHints":{"allow":["GET"]}}],"collection":[{"href":"https:\/\/novascotia.com\/de\/wp-json\/wp\/v2\/pages"}],"about":[{"href":"https:\/\/novascotia.com\/de\/wp-json\/wp\/v2\/types\/page"}],"author":[{"embeddable":true,"href":"https:\/\/novascotia.com\/de\/wp-json\/wp\/v2\/users\/54"}],"replies":[{"embeddable":true,"href":"https:\/\/novascotia.com\/de\/wp-json\/wp\/v2\/comments?post=95359"}],"version-history":[{"count":0,"href":"https:\/\/novascotia.com\/de\/wp-json\/wp\/v2\/pages\/95359\/revisions"}],"up":[{"embeddable":true,"href":"https:\/\/novascotia.com\/de\/wp-json\/wp\/v2\/pages\/95120"}],"wp:attachment":[{"href":"https:\/\/novascotia.com\/de\/wp-json\/wp\/v2\/media?parent=95359"}],"curies":[{"name":"wp","href":"https:\/\/api.w.org\/{rel}","templated":true}]}}