{"id":95321,"date":"2024-11-20T09:44:28","date_gmt":"2024-11-20T13:44:28","guid":{"rendered":"https:\/\/tns.m5.ca\/?page_id=95321"},"modified":"2025-01-06T18:04:48","modified_gmt":"2025-01-06T22:04:48","slug":"peggys-cove","status":"publish","type":"page","link":"https:\/\/novascotia.com\/de\/unsere-top-10-in-nova-scotia\/peggys-cove\/","title":{"rendered":"Peggy&#8217;s Cove"},"content":{"rendered":"    <section  class=\"section-banner default no-overlay\">\n                                <picture class=\"bg-image\">\n                                                <img decoding=\"async\" width=\"2560\" height=\"1707\" src=\"https:\/\/novascotia.com\/wp-content\/uploads\/2024\/11\/Peggys-Cove-IMG_2330.tif-scaled.webp\" class=\"attachment-full size-full\" alt=\"Peggy&#039;s Cove Lighthouse in summer at sunset with a person on the rocks\" srcset=\"https:\/\/novascotia.com\/wp-content\/uploads\/2024\/11\/Peggys-Cove-IMG_2330.tif-scaled.webp 2560w, https:\/\/novascotia.com\/wp-content\/uploads\/2024\/11\/Peggys-Cove-IMG_2330.tif-300x200.webp 300w, https:\/\/novascotia.com\/wp-content\/uploads\/2024\/11\/Peggys-Cove-IMG_2330.tif-1024x683.webp 1024w, https:\/\/novascotia.com\/wp-content\/uploads\/2024\/11\/Peggys-Cove-IMG_2330.tif-768x512.webp 768w, https:\/\/novascotia.com\/wp-content\/uploads\/2024\/11\/Peggys-Cove-IMG_2330.tif-1536x1024.webp 1536w, https:\/\/novascotia.com\/wp-content\/uploads\/2024\/11\/Peggys-Cove-IMG_2330.tif-2048x1366.webp 2048w, https:\/\/novascotia.com\/wp-content\/uploads\/2024\/11\/Peggys-Cove-IMG_2330.tif-320x212.webp 320w\" sizes=\"(max-width: 2560px) 100vw, 2560px\" \/>            <\/picture>\n                            <div class=\"container\">\n                <div class=\"inner-holder\">\n                                            <div class=\"content w-large\">\n                                                            <h1>Peggy&#039;s Cove<\/h1>\n                                                                                <\/div>\n                                    <\/div>\n            <\/div>\n            <\/section>\n<section class=\"section-breadcrumb\">\n    <div class=\"container\">\n    <div class=\"breadcrumbs\" typeof=\"BreadcrumbList\" vocab=\"https:\/\/schema.org\/\">\n            <ul class=\"breadcrumbs-list\">\n            <li class=\"home\"><span property=\"itemListElement\" typeof=\"ListItem\"><a property=\"item\" typeof=\"WebPage\" title=\"Go to Tourism Nova Scotia.\" href=\"https:\/\/novascotia.com\/de\/\" class=\"home\" ><span property=\"name\">Home<\/span><\/a><meta property=\"position\" content=\"1\"><\/span><\/li>\n<li class=\"post-root post post-post\"><span property=\"itemListElement\" typeof=\"ListItem\"><a property=\"item\" typeof=\"WebPage\" title=\"Gehe zu Blog.\" href=\"https:\/\/novascotia.com\/de\/blog\/\" class=\"post-root post post-post\" aria-current=\"page\"><span property=\"name\">Blog<\/span><\/a><meta property=\"position\" content=\"2\"><\/span><\/li>\n        <\/ul>\n    <\/div>\n    <\/div>\n<\/section>\n\n\n\n    <section  class=\"section-text-image\">\n        <div class=\"container\">\n            <div class=\"row left\">\n                                    <div class=\"image-box\">\n                        <figure >\n                            <img decoding=\"async\" width=\"960\" height=\"540\" src=\"https:\/\/novascotia.com\/wp-content\/uploads\/2024\/11\/peggys-cove-village-1920x1080-672a7115679f6.webp\" class=\"attachment-full size-full\" alt=\"Peggy&#039;s Cove fishing village with colourful houses\" srcset=\"https:\/\/novascotia.com\/wp-content\/uploads\/2024\/11\/peggys-cove-village-1920x1080-672a7115679f6.webp 960w, https:\/\/novascotia.com\/wp-content\/uploads\/2024\/11\/peggys-cove-village-1920x1080-672a7115679f6-300x169.webp 300w, https:\/\/novascotia.com\/wp-content\/uploads\/2024\/11\/peggys-cove-village-1920x1080-672a7115679f6-768x432.webp 768w\" sizes=\"(max-width: 960px) 100vw, 960px\" \/><!-- image -->\n                                                    <\/figure>\n                    <\/div>\n                                                    <div class=\"text-box\">\n                                                <div class=\"MuiGrid-root body MuiGrid-container MuiGrid-item MuiGrid-justify-xs-center MuiGrid-grid-xs-12\">\n<div>\n<p>In Nova Scotia gibt es mehr als 160 historische Leuchtt\u00fcrme aber keiner davon wurde so oft fotografiert, wie der Leuchtturm in dem kleinen Fischerdorf Peggy\u2019s Cove. Der Peggy\u2019s Point Leuchtturm, der 1915 gebaut wurde, bewacht auch heute noch die brandenden Wellen und vielen Kutter, die vor der K\u00fcste auf Hummerfang gehen. Klettern Sie \u00fcber einzigartige Felsformationen am Leuchtturm und genie\u00dfen Sie eine wunderbare Aussicht und eine nahezu magische Atmosph\u00e4re, verliehen durch die Kraft des tosenden Atlantiks.<\/p>\n<p>Sightseeing Tagestouren nach Peggy\u2019s Cove sind von Halifax aus buchbar, durch viele Veranstalter wie Ambassatours Gray Line und TayMac Tours.<\/p>\n<\/div>\n<\/div>\n                                            <\/div>\n                            <\/div>\n        <\/div>\n    <\/section>\n\n\n    <section  class=\"section-crowdriff\">\n                    <figure class=\"header-image restrict_height_1\" >\n                                                    <div class=\"instagram-frame\">\n                        <div class=\"head\">\n                            <div class=\"head-icon\">\n                                <a href=\"https:\/\/www.instagram.com\/EntdeckeNovaScotia\" target=\"_blank\">\n                                    <span class=\"accessibility\">Link to Instagram page<\/span>\n                                    <svg width=\"53\" height=\"53\" viewBox=\"0 0 53 53\" fill=\"none\" xmlns=\"http:\/\/www.w3.org\/2000\/svg\" aria-hidden=\"true\"><g fill=\"#2C3967\"><path d=\"M26.505 5.563c6.87 0 7.68.03 10.39.15 2.51.11 3.87.53 4.78.89 1.2.47 2.06 1.02 2.96 1.92.9.9 1.46 1.76 1.92 2.96.35.91.77 2.27.89 4.78.12 2.71.15 3.53.15 10.39 0 6.86-.03 7.68-.15 10.39-.11 2.51-.53 3.87-.89 4.78-.47 1.2-1.02 2.06-1.92 2.96-.9.9-1.76 1.46-2.96 1.92-.91.35-2.27.77-4.78.89-2.71.12-3.52.15-10.39.15-6.87 0-7.68-.03-10.39-.15-2.51-.11-3.87-.53-4.78-.89-1.2-.47-2.06-1.02-2.96-1.92-.9-.9-1.46-1.76-1.92-2.96-.35-.91-.77-2.27-.89-4.78-.12-2.71-.15-3.53-.15-10.39 0-6.86.03-7.68.15-10.39.11-2.51.53-3.87.89-4.78.47-1.2 1.02-2.06 1.92-2.96.9-.9 1.76-1.46 2.96-1.92.91-.35 2.27-.77 4.78-.89 2.71-.12 3.53-.15 10.39-.15Zm0-4.63c-6.98 0-7.86.03-10.6.15-2.74.12-4.61.56-6.24 1.2-1.69.66-3.13 1.54-4.55 2.97-1.43 1.43-2.31 2.86-2.97 4.55-.64 1.64-1.07 3.51-1.2 6.24-.13 2.74-.15 3.62-.15 10.6 0 6.98.03 7.86.15 10.6.12 2.74.56 4.61 1.2 6.24.66 1.69 1.54 3.13 2.97 4.55 1.43 1.43 2.86 2.31 4.55 2.97 1.64.64 3.51 1.07 6.24 1.2 2.74.13 3.62.15 10.6.15 6.98 0 7.86-.03 10.6-.15 2.74-.12 4.61-.56 6.24-1.2 1.69-.66 3.13-1.54 4.55-2.97 1.43-1.43 2.31-2.86 2.97-4.55.64-1.64 1.07-3.51 1.2-6.24.13-2.74.15-3.62.15-10.6 0-6.98-.03-7.86-.15-10.6-.12-2.74-.56-4.61-1.2-6.24-.66-1.69-1.54-3.13-2.97-4.55-1.43-1.43-2.86-2.31-4.55-2.97-1.64-.64-3.51-1.07-6.24-1.2-2.74-.13-3.62-.15-10.6-.15Z\"\/><path d=\"M26.505 13.443c-7.29 0-13.21 5.91-13.21 13.21 0 7.3 5.91 13.21 13.21 13.21 7.3 0 13.21-5.91 13.21-13.21 0-7.3-5.91-13.21-13.21-13.21Zm0 21.78c-4.73 0-8.57-3.84-8.57-8.57s3.84-8.57 8.57-8.57 8.57 3.84 8.57 8.57-3.84 8.57-8.57 8.57ZM40.225 16.012a3.09 3.09 0 1 0 0-6.18 3.09 3.09 0 0 0 0 6.18Z\"\/><\/g><\/svg>\n                                <\/a>\n                            <\/div>\n                                                            <div class=\"head-title\">\n                                    <p>Folgen Sie uns auf @EntdeckeNovaScotia, um mehr zu entdecken.<\/p>\n                                <\/div>\n                                                                                        <div class=\"head-hashtag\">\n                                    <p>\n                                        <strong>\n                                            <a href=\"https:\/\/www.instagram.com\/EntdeckeNovaScotia\" target=\"_blank\">\n                                                #VisitNovaScotia                                            <\/a>\n                                        <\/strong>\n                                    <\/p>\n                                <\/div>\n                                                    <\/div>\n                        <div class=\"body-frame\"><\/div>\n                    <\/div>\n                            <\/figure>\n                            <div class=\"crowdriff-block\">\n                <script id=\"cr-init__2d08879b3dba097a\" src=\"https:\/\/starling.crowdriff.com\/js\/crowdriff.js\" lang=\"de\" async><\/script>            <\/div>\n            <\/section>\n","protected":false},"excerpt":{"rendered":"","protected":false},"author":54,"featured_media":0,"parent":95120,"menu_order":0,"comment_status":"closed","ping_status":"closed","template":"","meta":{"_acf_changed":false,"_searchwp_excluded":"","footnotes":""},"class_list":["post-95321","page","type-page","status-publish","hentry"],"acf":[],"yoast_head":"<!-- This site is optimized with the Yoast SEO plugin v27.5 - https:\/\/yoast.com\/product\/yoast-seo-wordpress\/ -->\n<title>Peggy&#039;s Cove - Tourism Nova Scotia<\/title>\n<meta name=\"robots\" content=\"index, follow, max-snippet:-1, max-image-preview:large, max-video-preview:-1\" \/>\n<link rel=\"canonical\" href=\"https:\/\/novascotia.com\/de\/unsere-top-10-in-nova-scotia\/peggys-cove\/\" \/>\n<meta property=\"og:locale\" content=\"de_DE\" \/>\n<meta property=\"og:type\" content=\"article\" \/>\n<meta property=\"og:title\" content=\"Peggy&#039;s Cove - Tourism Nova Scotia\" \/>\n<meta property=\"og:url\" content=\"https:\/\/novascotia.com\/de\/unsere-top-10-in-nova-scotia\/peggys-cove\/\" \/>\n<meta property=\"og:site_name\" content=\"Tourism Nova Scotia\" \/>\n<meta property=\"article:publisher\" content=\"https:\/\/www.facebook.com\/novascotia\" \/>\n<meta property=\"article:modified_time\" content=\"2025-01-06T22:04:48+00:00\" \/>\n<meta name=\"twitter:card\" content=\"summary_large_image\" \/>\n<meta name=\"twitter:site\" content=\"@VisitNovaScotia\" \/>\n<script type=\"application\/ld+json\" class=\"yoast-schema-graph\">{\"@context\":\"https:\\\/\\\/schema.org\",\"@graph\":[{\"@type\":\"WebPage\",\"@id\":\"https:\\\/\\\/novascotia.com\\\/de\\\/unsere-top-10-in-nova-scotia\\\/peggys-cove\\\/\",\"url\":\"https:\\\/\\\/novascotia.com\\\/de\\\/unsere-top-10-in-nova-scotia\\\/peggys-cove\\\/\",\"name\":\"Peggy's Cove - Tourism Nova Scotia\",\"isPartOf\":{\"@id\":\"https:\\\/\\\/novascotia.com\\\/de\\\/#website\"},\"datePublished\":\"2024-11-20T13:44:28+00:00\",\"dateModified\":\"2025-01-06T22:04:48+00:00\",\"breadcrumb\":{\"@id\":\"https:\\\/\\\/novascotia.com\\\/de\\\/unsere-top-10-in-nova-scotia\\\/peggys-cove\\\/#breadcrumb\"},\"inLanguage\":\"de\",\"potentialAction\":[{\"@type\":\"ReadAction\",\"target\":[\"https:\\\/\\\/novascotia.com\\\/de\\\/unsere-top-10-in-nova-scotia\\\/peggys-cove\\\/\"]}]},{\"@type\":\"BreadcrumbList\",\"@id\":\"https:\\\/\\\/novascotia.com\\\/de\\\/unsere-top-10-in-nova-scotia\\\/peggys-cove\\\/#breadcrumb\",\"itemListElement\":[{\"@type\":\"ListItem\",\"position\":1,\"name\":\"Home\",\"item\":\"https:\\\/\\\/novascotia.com\\\/de\\\/\"},{\"@type\":\"ListItem\",\"position\":2,\"name\":\"Unsere Top 10 in Nova Scotia\",\"item\":\"https:\\\/\\\/novascotia.com\\\/de\\\/unsere-top-10-in-nova-scotia\\\/\"},{\"@type\":\"ListItem\",\"position\":3,\"name\":\"Peggy&#8217;s Cove\"}]},{\"@type\":\"WebSite\",\"@id\":\"https:\\\/\\\/novascotia.com\\\/de\\\/#website\",\"url\":\"https:\\\/\\\/novascotia.com\\\/de\\\/\",\"name\":\"Tourism Nova Scotia\",\"description\":\"Plan Your Trip to Nova Scotia\",\"potentialAction\":[{\"@type\":\"SearchAction\",\"target\":{\"@type\":\"EntryPoint\",\"urlTemplate\":\"https:\\\/\\\/novascotia.com\\\/de\\\/?s={search_term_string}\"},\"query-input\":{\"@type\":\"PropertyValueSpecification\",\"valueRequired\":true,\"valueName\":\"search_term_string\"}}],\"inLanguage\":\"de\"}]}<\/script>\n<!-- \/ Yoast SEO plugin. -->","yoast_head_json":{"title":"Peggy's Cove - Tourism Nova Scotia","robots":{"index":"index","follow":"follow","max-snippet":"max-snippet:-1","max-image-preview":"max-image-preview:large","max-video-preview":"max-video-preview:-1"},"canonical":"https:\/\/novascotia.com\/de\/unsere-top-10-in-nova-scotia\/peggys-cove\/","og_locale":"de_DE","og_type":"article","og_title":"Peggy's Cove - Tourism Nova Scotia","og_url":"https:\/\/novascotia.com\/de\/unsere-top-10-in-nova-scotia\/peggys-cove\/","og_site_name":"Tourism Nova Scotia","article_publisher":"https:\/\/www.facebook.com\/novascotia","article_modified_time":"2025-01-06T22:04:48+00:00","twitter_card":"summary_large_image","twitter_site":"@VisitNovaScotia","schema":{"@context":"https:\/\/schema.org","@graph":[{"@type":"WebPage","@id":"https:\/\/novascotia.com\/de\/unsere-top-10-in-nova-scotia\/peggys-cove\/","url":"https:\/\/novascotia.com\/de\/unsere-top-10-in-nova-scotia\/peggys-cove\/","name":"Peggy's Cove - Tourism Nova Scotia","isPartOf":{"@id":"https:\/\/novascotia.com\/de\/#website"},"datePublished":"2024-11-20T13:44:28+00:00","dateModified":"2025-01-06T22:04:48+00:00","breadcrumb":{"@id":"https:\/\/novascotia.com\/de\/unsere-top-10-in-nova-scotia\/peggys-cove\/#breadcrumb"},"inLanguage":"de","potentialAction":[{"@type":"ReadAction","target":["https:\/\/novascotia.com\/de\/unsere-top-10-in-nova-scotia\/peggys-cove\/"]}]},{"@type":"BreadcrumbList","@id":"https:\/\/novascotia.com\/de\/unsere-top-10-in-nova-scotia\/peggys-cove\/#breadcrumb","itemListElement":[{"@type":"ListItem","position":1,"name":"Home","item":"https:\/\/novascotia.com\/de\/"},{"@type":"ListItem","position":2,"name":"Unsere Top 10 in Nova Scotia","item":"https:\/\/novascotia.com\/de\/unsere-top-10-in-nova-scotia\/"},{"@type":"ListItem","position":3,"name":"Peggy&#8217;s Cove"}]},{"@type":"WebSite","@id":"https:\/\/novascotia.com\/de\/#website","url":"https:\/\/novascotia.com\/de\/","name":"Tourism Nova Scotia","description":"Plan Your Trip to Nova Scotia","potentialAction":[{"@type":"SearchAction","target":{"@type":"EntryPoint","urlTemplate":"https:\/\/novascotia.com\/de\/?s={search_term_string}"},"query-input":{"@type":"PropertyValueSpecification","valueRequired":true,"valueName":"search_term_string"}}],"inLanguage":"de"}]}},"_links":{"self":[{"href":"https:\/\/novascotia.com\/de\/wp-json\/wp\/v2\/pages\/95321","targetHints":{"allow":["GET"]}}],"collection":[{"href":"https:\/\/novascotia.com\/de\/wp-json\/wp\/v2\/pages"}],"about":[{"href":"https:\/\/novascotia.com\/de\/wp-json\/wp\/v2\/types\/page"}],"author":[{"embeddable":true,"href":"https:\/\/novascotia.com\/de\/wp-json\/wp\/v2\/users\/54"}],"replies":[{"embeddable":true,"href":"https:\/\/novascotia.com\/de\/wp-json\/wp\/v2\/comments?post=95321"}],"version-history":[{"count":4,"href":"https:\/\/novascotia.com\/de\/wp-json\/wp\/v2\/pages\/95321\/revisions"}],"predecessor-version":[{"id":107546,"href":"https:\/\/novascotia.com\/de\/wp-json\/wp\/v2\/pages\/95321\/revisions\/107546"}],"up":[{"embeddable":true,"href":"https:\/\/novascotia.com\/de\/wp-json\/wp\/v2\/pages\/95120"}],"wp:attachment":[{"href":"https:\/\/novascotia.com\/de\/wp-json\/wp\/v2\/media?parent=95321"}],"curies":[{"name":"wp","href":"https:\/\/api.w.org\/{rel}","templated":true}]}}