{"id":95276,"date":"2024-11-20T09:02:21","date_gmt":"2024-11-20T13:02:21","guid":{"rendered":"https:\/\/tns.m5.ca\/?page_id=95276"},"modified":"2025-01-21T12:15:54","modified_gmt":"2025-01-21T16:15:54","slug":"hauptstadt-halifax","status":"publish","type":"page","link":"https:\/\/novascotia.com\/de\/unsere-top-10-in-nova-scotia\/hauptstadt-halifax\/","title":{"rendered":"Hauptstadt Halifax"},"content":{"rendered":"    <section  class=\"section-banner default no-overlay\">\n                                <picture class=\"bg-image\">\n                                                <img decoding=\"async\" width=\"2250\" height=\"1500\" src=\"https:\/\/novascotia.com\/wp-content\/uploads\/2025\/01\/Acorn_Art_Photography_IMG_0703_edit.webp\" class=\"attachment-full size-full\" alt=\"two men kayaking in the Halifax harbour\" srcset=\"https:\/\/novascotia.com\/wp-content\/uploads\/2025\/01\/Acorn_Art_Photography_IMG_0703_edit.webp 2250w, https:\/\/novascotia.com\/wp-content\/uploads\/2025\/01\/Acorn_Art_Photography_IMG_0703_edit-300x200.webp 300w, https:\/\/novascotia.com\/wp-content\/uploads\/2025\/01\/Acorn_Art_Photography_IMG_0703_edit-1024x683.webp 1024w, https:\/\/novascotia.com\/wp-content\/uploads\/2025\/01\/Acorn_Art_Photography_IMG_0703_edit-768x512.webp 768w, https:\/\/novascotia.com\/wp-content\/uploads\/2025\/01\/Acorn_Art_Photography_IMG_0703_edit-1536x1024.webp 1536w, https:\/\/novascotia.com\/wp-content\/uploads\/2025\/01\/Acorn_Art_Photography_IMG_0703_edit-2048x1365.webp 2048w, https:\/\/novascotia.com\/wp-content\/uploads\/2025\/01\/Acorn_Art_Photography_IMG_0703_edit-320x212.webp 320w\" sizes=\"(max-width: 2250px) 100vw, 2250px\" style=\"object-position:51% 68%\" \/>            <\/picture>\n                            <div class=\"container\">\n                <div class=\"inner-holder\">\n                                            <div class=\"content w-large\">\n                                                            <h1>Hauptstadt Halifax<\/h1>\n                                                                                <\/div>\n                                    <\/div>\n            <\/div>\n            <\/section>\n<section class=\"section-breadcrumb\">\n    <div class=\"container\">\n    <div class=\"breadcrumbs\" typeof=\"BreadcrumbList\" vocab=\"https:\/\/schema.org\/\">\n            <ul class=\"breadcrumbs-list\">\n            <li class=\"home\"><span property=\"itemListElement\" typeof=\"ListItem\"><a property=\"item\" typeof=\"WebPage\" title=\"Go to Tourism Nova Scotia.\" href=\"https:\/\/novascotia.com\/de\/\" class=\"home\" ><span property=\"name\">Home<\/span><\/a><meta property=\"position\" content=\"1\"><\/span><\/li>\n<li class=\"post-root post post-post\"><span property=\"itemListElement\" typeof=\"ListItem\"><a property=\"item\" typeof=\"WebPage\" title=\"Gehe zu Blog.\" href=\"https:\/\/novascotia.com\/blog\/\" class=\"post-root post post-post\" aria-current=\"page\"><span property=\"name\">Blog<\/span><\/a><meta property=\"position\" content=\"2\"><\/span><\/li>\n        <\/ul>\n    <\/div>\n    <\/div>\n<\/section>\n\n\n\n\n<div style=\"height:100px\" aria-hidden=\"true\" class=\"wp-block-spacer\"><\/div>\n\n\n    <section  class=\"section-text-image\">\n        <div class=\"container\">\n            <div class=\"row left\">\n                                    <div class=\"image-box\">\n                        <figure >\n                            <img decoding=\"async\" width=\"1920\" height=\"1080\" src=\"https:\/\/novascotia.com\/wp-content\/uploads\/2024\/10\/halifax-waterfront-jetski-1920x1080-670427f5e3bc4.webp\" class=\"attachment-full size-full\" alt=\"Jetskiing in Halifax Harbour, Halifax Metro\" srcset=\"https:\/\/novascotia.com\/wp-content\/uploads\/2024\/10\/halifax-waterfront-jetski-1920x1080-670427f5e3bc4.webp 1920w, https:\/\/novascotia.com\/wp-content\/uploads\/2024\/10\/halifax-waterfront-jetski-1920x1080-670427f5e3bc4-300x169.webp 300w, https:\/\/novascotia.com\/wp-content\/uploads\/2024\/10\/halifax-waterfront-jetski-1920x1080-670427f5e3bc4-1024x576.webp 1024w, https:\/\/novascotia.com\/wp-content\/uploads\/2024\/10\/halifax-waterfront-jetski-1920x1080-670427f5e3bc4-768x432.webp 768w, https:\/\/novascotia.com\/wp-content\/uploads\/2024\/10\/halifax-waterfront-jetski-1920x1080-670427f5e3bc4-1536x864.webp 1536w\" sizes=\"(max-width: 1920px) 100vw, 1920px\" \/><!-- image -->\n                                                    <\/figure>\n                    <\/div>\n                                                    <div class=\"text-box\">\n                                                <p>Halifax ist die Hauptstadt Nova Scotias und wirkt auf den ersten Blick mit seinen knapp 400.000 Einwohnern verh\u00e4ltnism\u00e4\u00dfig klein \u2013 doch es gibt so viel zu entdecken. Besonders beliebt ist der historische Hafen der Stadt, den man bequem entlang der Promenade erkunden kann. Beginnen Sie ihre Tour im \u201eCanadian Museum of Immigration\u201c, dem Kanadischen Immigrationsmuseum am Pier 21, welches das Tor zu Kanada f\u00fcr eine Millionen Einwanderer war. Schlendern Sie durch vielseitige Gesch\u00e4fte und Galerien und entdecken Sie einige der besten Restaurants der Stadt.<\/p>\n                                            <\/div>\n                            <\/div>\n        <\/div>\n    <\/section>\n\n\n    <section  class=\"section-text-image\">\n        <div class=\"container\">\n            <div class=\"row right\">\n                                    <div class=\"image-box\">\n                        <figure >\n                            <img decoding=\"async\" width=\"1920\" height=\"1080\" src=\"https:\/\/novascotia.com\/wp-content\/uploads\/2024\/11\/seaport-farmers-market-1920x1080-672a6ccb2678b-1.webp\" class=\"attachment-full size-full\" alt=\"For those who can\u2019t make it to the farm or dock, farmers markets can be found in just about every city and town across Nova Scotia. North America\u2019s oldest farmer&#039;s market can be found in Halifax. While the Halifax Farmer\u2019s Market has been operating for over 260 years, its current Seaport location is relatively new and also one the most modern, hosting farmers and vendors inside an environmentally friendly and sustainable building. The market and its more than 200 vendors is a locavore\u2019s dream, featuring products, Nova Scotian wines and local fruit and vegetables from every corner of the province!\" srcset=\"https:\/\/novascotia.com\/wp-content\/uploads\/2024\/11\/seaport-farmers-market-1920x1080-672a6ccb2678b-1.webp 1920w, https:\/\/novascotia.com\/wp-content\/uploads\/2024\/11\/seaport-farmers-market-1920x1080-672a6ccb2678b-1-300x169.webp 300w, https:\/\/novascotia.com\/wp-content\/uploads\/2024\/11\/seaport-farmers-market-1920x1080-672a6ccb2678b-1-1024x576.webp 1024w, https:\/\/novascotia.com\/wp-content\/uploads\/2024\/11\/seaport-farmers-market-1920x1080-672a6ccb2678b-1-768x432.webp 768w, https:\/\/novascotia.com\/wp-content\/uploads\/2024\/11\/seaport-farmers-market-1920x1080-672a6ccb2678b-1-1536x864.webp 1536w\" sizes=\"(max-width: 1920px) 100vw, 1920px\" \/><!-- image -->\n                                                    <\/figure>\n                    <\/div>\n                                                    <div class=\"text-box\">\n                                                <p>Besuchen Sie den Halifax Seaport Farmers&#8216; Market, den \u00e4ltesten kontinuierlich bestehenden Bauernmarkt in Nordamerika und erfahren Sie mehr \u00fcber die Schifffahrtsgeschichte der Provinz im \u201eMaritime Museum of the Atlantic\u201c, in dem sich auch eine Sonderausstellung zum Ungl\u00fcck der Titanic befindet.<\/p>\n                                            <\/div>\n                            <\/div>\n        <\/div>\n    <\/section>\n\n\n    <section  class=\"section-text-image\">\n        <div class=\"container\">\n            <div class=\"row left\">\n                                    <div class=\"image-box\">\n                        <figure >\n                            <img decoding=\"async\" width=\"2000\" height=\"1500\" src=\"https:\/\/novascotia.com\/wp-content\/uploads\/2024\/11\/Halifax-Pubs-Durty-Nellys-1.webp\" class=\"attachment-full size-full\" alt=\"Two people interact in front of a band at Dirty Nelly&#039;s Pub in Halifax\" srcset=\"https:\/\/novascotia.com\/wp-content\/uploads\/2024\/11\/Halifax-Pubs-Durty-Nellys-1.webp 2000w, https:\/\/novascotia.com\/wp-content\/uploads\/2024\/11\/Halifax-Pubs-Durty-Nellys-1-300x225.webp 300w, https:\/\/novascotia.com\/wp-content\/uploads\/2024\/11\/Halifax-Pubs-Durty-Nellys-1-1024x768.webp 1024w, https:\/\/novascotia.com\/wp-content\/uploads\/2024\/11\/Halifax-Pubs-Durty-Nellys-1-768x576.webp 768w, https:\/\/novascotia.com\/wp-content\/uploads\/2024\/11\/Halifax-Pubs-Durty-Nellys-1-1536x1152.webp 1536w\" sizes=\"(max-width: 2000px) 100vw, 2000px\" \/><!-- image -->\n                                                    <\/figure>\n                    <\/div>\n                                                    <div class=\"text-box\">\n                                                <p>Den Abend l\u00e4sst man am besten in einer der zahlreichen Bars ausklingen. Denn Halifax ist auch Studentenstadt und somit ist hier abends einiges geboten. Angeblich hat die Stadt sogar die h\u00f6chste Dichte an Pubs pro Einwohner in ganz Nordamerika. Fast \u00fcberall wird Live-Musik gespielt und ein stimmungsvoller Abend ist somit garantiert.<\/p>\n                                            <\/div>\n                            <\/div>\n        <\/div>\n    <\/section>\n\n\n    <section  class=\"section-crowdriff\">\n                    <figure class=\"header-image restrict_height_1\" >\n                                                    <div class=\"instagram-frame\">\n                        <div class=\"head\">\n                            <div class=\"head-icon\">\n                                <a href=\"https:\/\/www.instagram.com\/EntdeckeNovaScotia\" target=\"_blank\">\n                                    <span class=\"accessibility\">Link to Instagram page<\/span>\n                                    <svg width=\"53\" height=\"53\" viewBox=\"0 0 53 53\" fill=\"none\" xmlns=\"http:\/\/www.w3.org\/2000\/svg\" aria-hidden=\"true\"><g fill=\"#2C3967\"><path d=\"M26.505 5.563c6.87 0 7.68.03 10.39.15 2.51.11 3.87.53 4.78.89 1.2.47 2.06 1.02 2.96 1.92.9.9 1.46 1.76 1.92 2.96.35.91.77 2.27.89 4.78.12 2.71.15 3.53.15 10.39 0 6.86-.03 7.68-.15 10.39-.11 2.51-.53 3.87-.89 4.78-.47 1.2-1.02 2.06-1.92 2.96-.9.9-1.76 1.46-2.96 1.92-.91.35-2.27.77-4.78.89-2.71.12-3.52.15-10.39.15-6.87 0-7.68-.03-10.39-.15-2.51-.11-3.87-.53-4.78-.89-1.2-.47-2.06-1.02-2.96-1.92-.9-.9-1.46-1.76-1.92-2.96-.35-.91-.77-2.27-.89-4.78-.12-2.71-.15-3.53-.15-10.39 0-6.86.03-7.68.15-10.39.11-2.51.53-3.87.89-4.78.47-1.2 1.02-2.06 1.92-2.96.9-.9 1.76-1.46 2.96-1.92.91-.35 2.27-.77 4.78-.89 2.71-.12 3.53-.15 10.39-.15Zm0-4.63c-6.98 0-7.86.03-10.6.15-2.74.12-4.61.56-6.24 1.2-1.69.66-3.13 1.54-4.55 2.97-1.43 1.43-2.31 2.86-2.97 4.55-.64 1.64-1.07 3.51-1.2 6.24-.13 2.74-.15 3.62-.15 10.6 0 6.98.03 7.86.15 10.6.12 2.74.56 4.61 1.2 6.24.66 1.69 1.54 3.13 2.97 4.55 1.43 1.43 2.86 2.31 4.55 2.97 1.64.64 3.51 1.07 6.24 1.2 2.74.13 3.62.15 10.6.15 6.98 0 7.86-.03 10.6-.15 2.74-.12 4.61-.56 6.24-1.2 1.69-.66 3.13-1.54 4.55-2.97 1.43-1.43 2.31-2.86 2.97-4.55.64-1.64 1.07-3.51 1.2-6.24.13-2.74.15-3.62.15-10.6 0-6.98-.03-7.86-.15-10.6-.12-2.74-.56-4.61-1.2-6.24-.66-1.69-1.54-3.13-2.97-4.55-1.43-1.43-2.86-2.31-4.55-2.97-1.64-.64-3.51-1.07-6.24-1.2-2.74-.13-3.62-.15-10.6-.15Z\"\/><path d=\"M26.505 13.443c-7.29 0-13.21 5.91-13.21 13.21 0 7.3 5.91 13.21 13.21 13.21 7.3 0 13.21-5.91 13.21-13.21 0-7.3-5.91-13.21-13.21-13.21Zm0 21.78c-4.73 0-8.57-3.84-8.57-8.57s3.84-8.57 8.57-8.57 8.57 3.84 8.57 8.57-3.84 8.57-8.57 8.57ZM40.225 16.012a3.09 3.09 0 1 0 0-6.18 3.09 3.09 0 0 0 0 6.18Z\"\/><\/g><\/svg>\n                                <\/a>\n                            <\/div>\n                                                            <div class=\"head-title\">\n                                    <p>Folgen Sie uns auf @EntdeckeNovaScotia, um mehr zu entdecken.<\/p>\n                                <\/div>\n                                                                                        <div class=\"head-hashtag\">\n                                    <p>\n                                        <strong>\n                                            <a href=\"https:\/\/www.instagram.com\/EntdeckeNovaScotia\" target=\"_blank\">\n                                                #VisitNovaScotia                                            <\/a>\n                                        <\/strong>\n                                    <\/p>\n                                <\/div>\n                                                    <\/div>\n                        <div class=\"body-frame\"><\/div>\n                    <\/div>\n                            <\/figure>\n                            <div class=\"crowdriff-block\">\n                <script id=\"cr-init__521e2098e92ad616\" src=\"https:\/\/starling.crowdriff.com\/js\/crowdriff.js\" lang=\"de\" async><\/script>            <\/div>\n            <\/section>\n","protected":false},"excerpt":{"rendered":"","protected":false},"author":54,"featured_media":0,"parent":95120,"menu_order":0,"comment_status":"closed","ping_status":"closed","template":"","meta":{"_acf_changed":false,"_searchwp_excluded":"","footnotes":""},"class_list":["post-95276","page","type-page","status-publish","hentry"],"acf":[],"yoast_head":"<!-- This site is optimized with the Yoast SEO plugin v27.4 - https:\/\/yoast.com\/product\/yoast-seo-wordpress\/ -->\n<title>Hauptstadt Halifax - Tourism Nova Scotia<\/title>\n<meta name=\"robots\" content=\"index, follow, max-snippet:-1, max-image-preview:large, max-video-preview:-1\" \/>\n<link rel=\"canonical\" href=\"https:\/\/novascotia.com\/de\/unsere-top-10-in-nova-scotia\/hauptstadt-halifax\/\" \/>\n<meta property=\"og:locale\" content=\"de_DE\" \/>\n<meta property=\"og:type\" content=\"article\" \/>\n<meta property=\"og:title\" content=\"Hauptstadt Halifax - Tourism Nova Scotia\" \/>\n<meta property=\"og:url\" content=\"https:\/\/novascotia.com\/de\/unsere-top-10-in-nova-scotia\/hauptstadt-halifax\/\" \/>\n<meta property=\"og:site_name\" content=\"Tourism Nova Scotia\" \/>\n<meta property=\"article:publisher\" content=\"https:\/\/www.facebook.com\/novascotia\" \/>\n<meta property=\"article:modified_time\" content=\"2025-01-21T16:15:54+00:00\" \/>\n<meta name=\"twitter:card\" content=\"summary_large_image\" \/>\n<meta name=\"twitter:site\" content=\"@VisitNovaScotia\" \/>\n<script type=\"application\/ld+json\" class=\"yoast-schema-graph\">{\"@context\":\"https:\\\/\\\/schema.org\",\"@graph\":[{\"@type\":\"WebPage\",\"@id\":\"https:\\\/\\\/novascotia.com\\\/de\\\/unsere-top-10-in-nova-scotia\\\/hauptstadt-halifax\\\/\",\"url\":\"https:\\\/\\\/novascotia.com\\\/de\\\/unsere-top-10-in-nova-scotia\\\/hauptstadt-halifax\\\/\",\"name\":\"Hauptstadt Halifax - Tourism Nova Scotia\",\"isPartOf\":{\"@id\":\"https:\\\/\\\/novascotia.com\\\/de\\\/#website\"},\"datePublished\":\"2024-11-20T13:02:21+00:00\",\"dateModified\":\"2025-01-21T16:15:54+00:00\",\"breadcrumb\":{\"@id\":\"https:\\\/\\\/novascotia.com\\\/de\\\/unsere-top-10-in-nova-scotia\\\/hauptstadt-halifax\\\/#breadcrumb\"},\"inLanguage\":\"de\",\"potentialAction\":[{\"@type\":\"ReadAction\",\"target\":[\"https:\\\/\\\/novascotia.com\\\/de\\\/unsere-top-10-in-nova-scotia\\\/hauptstadt-halifax\\\/\"]}]},{\"@type\":\"BreadcrumbList\",\"@id\":\"https:\\\/\\\/novascotia.com\\\/de\\\/unsere-top-10-in-nova-scotia\\\/hauptstadt-halifax\\\/#breadcrumb\",\"itemListElement\":[{\"@type\":\"ListItem\",\"position\":1,\"name\":\"Home\",\"item\":\"https:\\\/\\\/novascotia.com\\\/de\\\/\"},{\"@type\":\"ListItem\",\"position\":2,\"name\":\"Unsere Top 10 in Nova Scotia\",\"item\":\"https:\\\/\\\/novascotia.com\\\/de\\\/unsere-top-10-in-nova-scotia\\\/\"},{\"@type\":\"ListItem\",\"position\":3,\"name\":\"Hauptstadt Halifax\"}]},{\"@type\":\"WebSite\",\"@id\":\"https:\\\/\\\/novascotia.com\\\/de\\\/#website\",\"url\":\"https:\\\/\\\/novascotia.com\\\/de\\\/\",\"name\":\"Tourism Nova Scotia\",\"description\":\"Plan Your Trip to Nova Scotia\",\"potentialAction\":[{\"@type\":\"SearchAction\",\"target\":{\"@type\":\"EntryPoint\",\"urlTemplate\":\"https:\\\/\\\/novascotia.com\\\/de\\\/?s={search_term_string}\"},\"query-input\":{\"@type\":\"PropertyValueSpecification\",\"valueRequired\":true,\"valueName\":\"search_term_string\"}}],\"inLanguage\":\"de\"}]}<\/script>\n<!-- \/ Yoast SEO plugin. -->","yoast_head_json":{"title":"Hauptstadt Halifax - Tourism Nova Scotia","robots":{"index":"index","follow":"follow","max-snippet":"max-snippet:-1","max-image-preview":"max-image-preview:large","max-video-preview":"max-video-preview:-1"},"canonical":"https:\/\/novascotia.com\/de\/unsere-top-10-in-nova-scotia\/hauptstadt-halifax\/","og_locale":"de_DE","og_type":"article","og_title":"Hauptstadt Halifax - Tourism Nova Scotia","og_url":"https:\/\/novascotia.com\/de\/unsere-top-10-in-nova-scotia\/hauptstadt-halifax\/","og_site_name":"Tourism Nova Scotia","article_publisher":"https:\/\/www.facebook.com\/novascotia","article_modified_time":"2025-01-21T16:15:54+00:00","twitter_card":"summary_large_image","twitter_site":"@VisitNovaScotia","schema":{"@context":"https:\/\/schema.org","@graph":[{"@type":"WebPage","@id":"https:\/\/novascotia.com\/de\/unsere-top-10-in-nova-scotia\/hauptstadt-halifax\/","url":"https:\/\/novascotia.com\/de\/unsere-top-10-in-nova-scotia\/hauptstadt-halifax\/","name":"Hauptstadt Halifax - Tourism Nova Scotia","isPartOf":{"@id":"https:\/\/novascotia.com\/de\/#website"},"datePublished":"2024-11-20T13:02:21+00:00","dateModified":"2025-01-21T16:15:54+00:00","breadcrumb":{"@id":"https:\/\/novascotia.com\/de\/unsere-top-10-in-nova-scotia\/hauptstadt-halifax\/#breadcrumb"},"inLanguage":"de","potentialAction":[{"@type":"ReadAction","target":["https:\/\/novascotia.com\/de\/unsere-top-10-in-nova-scotia\/hauptstadt-halifax\/"]}]},{"@type":"BreadcrumbList","@id":"https:\/\/novascotia.com\/de\/unsere-top-10-in-nova-scotia\/hauptstadt-halifax\/#breadcrumb","itemListElement":[{"@type":"ListItem","position":1,"name":"Home","item":"https:\/\/novascotia.com\/de\/"},{"@type":"ListItem","position":2,"name":"Unsere Top 10 in Nova Scotia","item":"https:\/\/novascotia.com\/de\/unsere-top-10-in-nova-scotia\/"},{"@type":"ListItem","position":3,"name":"Hauptstadt Halifax"}]},{"@type":"WebSite","@id":"https:\/\/novascotia.com\/de\/#website","url":"https:\/\/novascotia.com\/de\/","name":"Tourism Nova Scotia","description":"Plan Your Trip to Nova Scotia","potentialAction":[{"@type":"SearchAction","target":{"@type":"EntryPoint","urlTemplate":"https:\/\/novascotia.com\/de\/?s={search_term_string}"},"query-input":{"@type":"PropertyValueSpecification","valueRequired":true,"valueName":"search_term_string"}}],"inLanguage":"de"}]}},"_links":{"self":[{"href":"https:\/\/novascotia.com\/de\/wp-json\/wp\/v2\/pages\/95276","targetHints":{"allow":["GET"]}}],"collection":[{"href":"https:\/\/novascotia.com\/de\/wp-json\/wp\/v2\/pages"}],"about":[{"href":"https:\/\/novascotia.com\/de\/wp-json\/wp\/v2\/types\/page"}],"author":[{"embeddable":true,"href":"https:\/\/novascotia.com\/de\/wp-json\/wp\/v2\/users\/54"}],"replies":[{"embeddable":true,"href":"https:\/\/novascotia.com\/de\/wp-json\/wp\/v2\/comments?post=95276"}],"version-history":[{"count":10,"href":"https:\/\/novascotia.com\/de\/wp-json\/wp\/v2\/pages\/95276\/revisions"}],"predecessor-version":[{"id":110315,"href":"https:\/\/novascotia.com\/de\/wp-json\/wp\/v2\/pages\/95276\/revisions\/110315"}],"up":[{"embeddable":true,"href":"https:\/\/novascotia.com\/de\/wp-json\/wp\/v2\/pages\/95120"}],"wp:attachment":[{"href":"https:\/\/novascotia.com\/de\/wp-json\/wp\/v2\/media?parent=95276"}],"curies":[{"name":"wp","href":"https:\/\/api.w.org\/{rel}","templated":true}]}}