{"id":95154,"date":"2024-11-19T15:36:18","date_gmt":"2024-11-19T19:36:18","guid":{"rendered":"https:\/\/tns.m5.ca\/?page_id=95154"},"modified":"2025-01-06T18:09:14","modified_gmt":"2025-01-06T22:09:14","slug":"der-cabot-trail","status":"publish","type":"page","link":"https:\/\/novascotia.com\/de\/unsere-top-10-in-nova-scotia\/der-cabot-trail\/","title":{"rendered":"Der Cabot Trail"},"content":{"rendered":"    <section  class=\"section-banner default no-overlay\">\n                                <picture class=\"bg-image\">\n                                                <img decoding=\"async\" width=\"1920\" height=\"1080\" src=\"https:\/\/novascotia.com\/wp-content\/uploads\/2024\/10\/CabotTrail-aerial-sunset-1920x1080-1.webp\" class=\"attachment-full size-full\" alt=\"Cabot Trail Aerial Sunset\" srcset=\"https:\/\/novascotia.com\/wp-content\/uploads\/2024\/10\/CabotTrail-aerial-sunset-1920x1080-1.webp 1920w, https:\/\/novascotia.com\/wp-content\/uploads\/2024\/10\/CabotTrail-aerial-sunset-1920x1080-1-300x169.webp 300w, https:\/\/novascotia.com\/wp-content\/uploads\/2024\/10\/CabotTrail-aerial-sunset-1920x1080-1-1024x576.webp 1024w, https:\/\/novascotia.com\/wp-content\/uploads\/2024\/10\/CabotTrail-aerial-sunset-1920x1080-1-768x432.webp 768w, https:\/\/novascotia.com\/wp-content\/uploads\/2024\/10\/CabotTrail-aerial-sunset-1920x1080-1-1536x864.webp 1536w\" sizes=\"(max-width: 1920px) 100vw, 1920px\" \/>            <\/picture>\n                            <div class=\"container\">\n                <div class=\"inner-holder\">\n                                            <div class=\"content w-large\">\n                                                            <h1>Der Cabot Trail<\/h1>\n                                                                                <\/div>\n                                    <\/div>\n            <\/div>\n            <\/section>\n<section class=\"section-breadcrumb\">\n    <div class=\"container\">\n    <div class=\"breadcrumbs\" typeof=\"BreadcrumbList\" vocab=\"https:\/\/schema.org\/\">\n            <ul class=\"breadcrumbs-list\">\n            <li class=\"home\"><span property=\"itemListElement\" typeof=\"ListItem\"><a property=\"item\" typeof=\"WebPage\" title=\"Go to Tourism Nova Scotia.\" href=\"https:\/\/novascotia.com\/de\/\" class=\"home\" ><span property=\"name\">Home<\/span><\/a><meta property=\"position\" content=\"1\"><\/span><\/li>\n<li class=\"post-root post post-post\"><span property=\"itemListElement\" typeof=\"ListItem\"><a property=\"item\" typeof=\"WebPage\" title=\"Gehe zu Blog.\" href=\"https:\/\/novascotia.com\/de\/blog\/\" class=\"post-root post post-post\" aria-current=\"page\"><span property=\"name\">Blog<\/span><\/a><meta property=\"position\" content=\"2\"><\/span><\/li>\n        <\/ul>\n    <\/div>\n    <\/div>\n<\/section>\n\n\n\n    <section  class=\"section-text-image\">\n        <div class=\"container\">\n            <div class=\"row left\">\n                                    <div class=\"image-box\">\n                        <figure >\n                            <img decoding=\"async\" width=\"960\" height=\"540\" src=\"https:\/\/novascotia.com\/wp-content\/uploads\/2024\/11\/skylinetrail-sunset-1920x1080-6734a808590df.webp\" class=\"attachment-full size-full\" alt=\"\" srcset=\"https:\/\/novascotia.com\/wp-content\/uploads\/2024\/11\/skylinetrail-sunset-1920x1080-6734a808590df.webp 960w, https:\/\/novascotia.com\/wp-content\/uploads\/2024\/11\/skylinetrail-sunset-1920x1080-6734a808590df-300x169.webp 300w, https:\/\/novascotia.com\/wp-content\/uploads\/2024\/11\/skylinetrail-sunset-1920x1080-6734a808590df-768x432.webp 768w\" sizes=\"(max-width: 960px) 100vw, 960px\" \/><!-- image -->\n                                                    <\/figure>\n                    <\/div>\n                                                    <div class=\"text-box\">\n                                                <div class=\"MuiGrid-root body MuiGrid-container MuiGrid-item MuiGrid-justify-xs-center MuiGrid-grid-xs-12\">\n<div>\n<p>Das amerikanische \u201eTravel + Leisure\u201d- Magazin nennt die Insel Cape Breton Island eine der Inseln dieser Welt, die man einfach gesehen haben muss. Die nat\u00fcrliche Sch\u00f6nheit des Hochlands bietet die perfekte Kulisse f\u00fcr Outdoor-Aktivit\u00e4ten wie Kajakfahren, Wandern und Radfahren. Zudem findet man hier einige der besten Golfpl\u00e4tze Kanadas und gerade im farbenfrohen Indian Summer ist der rund 300 Kilometer lange Cabot Trail, der sich durch den Nationalpark der Insel schl\u00e4ngelt, ein besonderer Tipp nicht nur unter Motorradfahrern.<\/p>\n<p>Wandern Sie auf dem Skyline Trail, zelten Sie im Cape Breton Highlands Nationalpark und genie\u00dfen Sie die spektakul\u00e4re Aussicht \u00fcber die \u201eHighlands\u201c auf das Meer. Auch kulturell ist Cape Breton besonders, denn hier sind nicht nur die Stra\u00dfenschilder auf G\u00e4lisch, man findet auch noch original schottische Clans, echten Single-Malt Whisky und viele ehemalige Siedlungen der Akadier.<\/p>\n<\/div>\n<\/div>\n                                            <\/div>\n                            <\/div>\n        <\/div>\n    <\/section>\n\n\n    <section  class=\"section-crowdriff\">\n                    <figure class=\"header-image restrict_height_1\" >\n                                                    <div class=\"instagram-frame\">\n                        <div class=\"head\">\n                            <div class=\"head-icon\">\n                                <a href=\"https:\/\/www.instagram.com\/EntdeckeNovaScotia\" target=\"_blank\">\n                                    <span class=\"accessibility\">Link to Instagram page<\/span>\n                                    <svg width=\"53\" height=\"53\" viewBox=\"0 0 53 53\" fill=\"none\" xmlns=\"http:\/\/www.w3.org\/2000\/svg\" aria-hidden=\"true\"><g fill=\"#2C3967\"><path d=\"M26.505 5.563c6.87 0 7.68.03 10.39.15 2.51.11 3.87.53 4.78.89 1.2.47 2.06 1.02 2.96 1.92.9.9 1.46 1.76 1.92 2.96.35.91.77 2.27.89 4.78.12 2.71.15 3.53.15 10.39 0 6.86-.03 7.68-.15 10.39-.11 2.51-.53 3.87-.89 4.78-.47 1.2-1.02 2.06-1.92 2.96-.9.9-1.76 1.46-2.96 1.92-.91.35-2.27.77-4.78.89-2.71.12-3.52.15-10.39.15-6.87 0-7.68-.03-10.39-.15-2.51-.11-3.87-.53-4.78-.89-1.2-.47-2.06-1.02-2.96-1.92-.9-.9-1.46-1.76-1.92-2.96-.35-.91-.77-2.27-.89-4.78-.12-2.71-.15-3.53-.15-10.39 0-6.86.03-7.68.15-10.39.11-2.51.53-3.87.89-4.78.47-1.2 1.02-2.06 1.92-2.96.9-.9 1.76-1.46 2.96-1.92.91-.35 2.27-.77 4.78-.89 2.71-.12 3.53-.15 10.39-.15Zm0-4.63c-6.98 0-7.86.03-10.6.15-2.74.12-4.61.56-6.24 1.2-1.69.66-3.13 1.54-4.55 2.97-1.43 1.43-2.31 2.86-2.97 4.55-.64 1.64-1.07 3.51-1.2 6.24-.13 2.74-.15 3.62-.15 10.6 0 6.98.03 7.86.15 10.6.12 2.74.56 4.61 1.2 6.24.66 1.69 1.54 3.13 2.97 4.55 1.43 1.43 2.86 2.31 4.55 2.97 1.64.64 3.51 1.07 6.24 1.2 2.74.13 3.62.15 10.6.15 6.98 0 7.86-.03 10.6-.15 2.74-.12 4.61-.56 6.24-1.2 1.69-.66 3.13-1.54 4.55-2.97 1.43-1.43 2.31-2.86 2.97-4.55.64-1.64 1.07-3.51 1.2-6.24.13-2.74.15-3.62.15-10.6 0-6.98-.03-7.86-.15-10.6-.12-2.74-.56-4.61-1.2-6.24-.66-1.69-1.54-3.13-2.97-4.55-1.43-1.43-2.86-2.31-4.55-2.97-1.64-.64-3.51-1.07-6.24-1.2-2.74-.13-3.62-.15-10.6-.15Z\"\/><path d=\"M26.505 13.443c-7.29 0-13.21 5.91-13.21 13.21 0 7.3 5.91 13.21 13.21 13.21 7.3 0 13.21-5.91 13.21-13.21 0-7.3-5.91-13.21-13.21-13.21Zm0 21.78c-4.73 0-8.57-3.84-8.57-8.57s3.84-8.57 8.57-8.57 8.57 3.84 8.57 8.57-3.84 8.57-8.57 8.57ZM40.225 16.012a3.09 3.09 0 1 0 0-6.18 3.09 3.09 0 0 0 0 6.18Z\"\/><\/g><\/svg>\n                                <\/a>\n                            <\/div>\n                                                            <div class=\"head-title\">\n                                    <p>Folgen Sie uns auf @EntdeckeNovaScotia, um mehr zu entdecken.<\/p>\n                                <\/div>\n                                                                                        <div class=\"head-hashtag\">\n                                    <p>\n                                        <strong>\n                                            <a href=\"https:\/\/www.instagram.com\/EntdeckeNovaScotia\" target=\"_blank\">\n                                                #VisitNovaScotia                                            <\/a>\n                                        <\/strong>\n                                    <\/p>\n                                <\/div>\n                                                    <\/div>\n                        <div class=\"body-frame\"><\/div>\n                    <\/div>\n                            <\/figure>\n                            <div class=\"crowdriff-block\">\n                <script id=\"cr-init__f15104106db63074\" src=\"https:\/\/starling.crowdriff.com\/js\/crowdriff.js\" lang=\"de\" async><\/script>            <\/div>\n            <\/section>\n","protected":false},"excerpt":{"rendered":"","protected":false},"author":54,"featured_media":0,"parent":95120,"menu_order":0,"comment_status":"closed","ping_status":"closed","template":"","meta":{"_acf_changed":false,"_searchwp_excluded":"","footnotes":""},"class_list":["post-95154","page","type-page","status-publish","hentry"],"acf":[],"yoast_head":"<!-- This site is optimized with the Yoast SEO plugin v27.5 - https:\/\/yoast.com\/product\/yoast-seo-wordpress\/ -->\n<title>Der Cabot Trail - Tourism Nova Scotia<\/title>\n<meta name=\"robots\" content=\"index, follow, max-snippet:-1, max-image-preview:large, max-video-preview:-1\" \/>\n<link rel=\"canonical\" href=\"https:\/\/novascotia.com\/de\/unsere-top-10-in-nova-scotia\/der-cabot-trail\/\" \/>\n<meta property=\"og:locale\" content=\"de_DE\" \/>\n<meta property=\"og:type\" content=\"article\" \/>\n<meta property=\"og:title\" content=\"Der Cabot Trail - Tourism Nova Scotia\" \/>\n<meta property=\"og:url\" content=\"https:\/\/novascotia.com\/de\/unsere-top-10-in-nova-scotia\/der-cabot-trail\/\" \/>\n<meta property=\"og:site_name\" content=\"Tourism Nova Scotia\" \/>\n<meta property=\"article:publisher\" content=\"https:\/\/www.facebook.com\/novascotia\" \/>\n<meta property=\"article:modified_time\" content=\"2025-01-06T22:09:14+00:00\" \/>\n<meta name=\"twitter:card\" content=\"summary_large_image\" \/>\n<meta name=\"twitter:site\" content=\"@VisitNovaScotia\" \/>\n<script type=\"application\/ld+json\" class=\"yoast-schema-graph\">{\"@context\":\"https:\\\/\\\/schema.org\",\"@graph\":[{\"@type\":\"WebPage\",\"@id\":\"https:\\\/\\\/novascotia.com\\\/de\\\/unsere-top-10-in-nova-scotia\\\/der-cabot-trail\\\/\",\"url\":\"https:\\\/\\\/novascotia.com\\\/de\\\/unsere-top-10-in-nova-scotia\\\/der-cabot-trail\\\/\",\"name\":\"Der Cabot Trail - Tourism Nova Scotia\",\"isPartOf\":{\"@id\":\"https:\\\/\\\/novascotia.com\\\/de\\\/#website\"},\"datePublished\":\"2024-11-19T19:36:18+00:00\",\"dateModified\":\"2025-01-06T22:09:14+00:00\",\"breadcrumb\":{\"@id\":\"https:\\\/\\\/novascotia.com\\\/de\\\/unsere-top-10-in-nova-scotia\\\/der-cabot-trail\\\/#breadcrumb\"},\"inLanguage\":\"de\",\"potentialAction\":[{\"@type\":\"ReadAction\",\"target\":[\"https:\\\/\\\/novascotia.com\\\/de\\\/unsere-top-10-in-nova-scotia\\\/der-cabot-trail\\\/\"]}]},{\"@type\":\"BreadcrumbList\",\"@id\":\"https:\\\/\\\/novascotia.com\\\/de\\\/unsere-top-10-in-nova-scotia\\\/der-cabot-trail\\\/#breadcrumb\",\"itemListElement\":[{\"@type\":\"ListItem\",\"position\":1,\"name\":\"Home\",\"item\":\"https:\\\/\\\/novascotia.com\\\/de\\\/\"},{\"@type\":\"ListItem\",\"position\":2,\"name\":\"Unsere Top 10 in Nova Scotia\",\"item\":\"https:\\\/\\\/novascotia.com\\\/de\\\/unsere-top-10-in-nova-scotia\\\/\"},{\"@type\":\"ListItem\",\"position\":3,\"name\":\"Der Cabot Trail\"}]},{\"@type\":\"WebSite\",\"@id\":\"https:\\\/\\\/novascotia.com\\\/de\\\/#website\",\"url\":\"https:\\\/\\\/novascotia.com\\\/de\\\/\",\"name\":\"Tourism Nova Scotia\",\"description\":\"Plan Your Trip to Nova Scotia\",\"potentialAction\":[{\"@type\":\"SearchAction\",\"target\":{\"@type\":\"EntryPoint\",\"urlTemplate\":\"https:\\\/\\\/novascotia.com\\\/de\\\/?s={search_term_string}\"},\"query-input\":{\"@type\":\"PropertyValueSpecification\",\"valueRequired\":true,\"valueName\":\"search_term_string\"}}],\"inLanguage\":\"de\"}]}<\/script>\n<!-- \/ Yoast SEO plugin. -->","yoast_head_json":{"title":"Der Cabot Trail - Tourism Nova Scotia","robots":{"index":"index","follow":"follow","max-snippet":"max-snippet:-1","max-image-preview":"max-image-preview:large","max-video-preview":"max-video-preview:-1"},"canonical":"https:\/\/novascotia.com\/de\/unsere-top-10-in-nova-scotia\/der-cabot-trail\/","og_locale":"de_DE","og_type":"article","og_title":"Der Cabot Trail - Tourism Nova Scotia","og_url":"https:\/\/novascotia.com\/de\/unsere-top-10-in-nova-scotia\/der-cabot-trail\/","og_site_name":"Tourism Nova Scotia","article_publisher":"https:\/\/www.facebook.com\/novascotia","article_modified_time":"2025-01-06T22:09:14+00:00","twitter_card":"summary_large_image","twitter_site":"@VisitNovaScotia","schema":{"@context":"https:\/\/schema.org","@graph":[{"@type":"WebPage","@id":"https:\/\/novascotia.com\/de\/unsere-top-10-in-nova-scotia\/der-cabot-trail\/","url":"https:\/\/novascotia.com\/de\/unsere-top-10-in-nova-scotia\/der-cabot-trail\/","name":"Der Cabot Trail - Tourism Nova Scotia","isPartOf":{"@id":"https:\/\/novascotia.com\/de\/#website"},"datePublished":"2024-11-19T19:36:18+00:00","dateModified":"2025-01-06T22:09:14+00:00","breadcrumb":{"@id":"https:\/\/novascotia.com\/de\/unsere-top-10-in-nova-scotia\/der-cabot-trail\/#breadcrumb"},"inLanguage":"de","potentialAction":[{"@type":"ReadAction","target":["https:\/\/novascotia.com\/de\/unsere-top-10-in-nova-scotia\/der-cabot-trail\/"]}]},{"@type":"BreadcrumbList","@id":"https:\/\/novascotia.com\/de\/unsere-top-10-in-nova-scotia\/der-cabot-trail\/#breadcrumb","itemListElement":[{"@type":"ListItem","position":1,"name":"Home","item":"https:\/\/novascotia.com\/de\/"},{"@type":"ListItem","position":2,"name":"Unsere Top 10 in Nova Scotia","item":"https:\/\/novascotia.com\/de\/unsere-top-10-in-nova-scotia\/"},{"@type":"ListItem","position":3,"name":"Der Cabot Trail"}]},{"@type":"WebSite","@id":"https:\/\/novascotia.com\/de\/#website","url":"https:\/\/novascotia.com\/de\/","name":"Tourism Nova Scotia","description":"Plan Your Trip to Nova Scotia","potentialAction":[{"@type":"SearchAction","target":{"@type":"EntryPoint","urlTemplate":"https:\/\/novascotia.com\/de\/?s={search_term_string}"},"query-input":{"@type":"PropertyValueSpecification","valueRequired":true,"valueName":"search_term_string"}}],"inLanguage":"de"}]}},"_links":{"self":[{"href":"https:\/\/novascotia.com\/de\/wp-json\/wp\/v2\/pages\/95154","targetHints":{"allow":["GET"]}}],"collection":[{"href":"https:\/\/novascotia.com\/de\/wp-json\/wp\/v2\/pages"}],"about":[{"href":"https:\/\/novascotia.com\/de\/wp-json\/wp\/v2\/types\/page"}],"author":[{"embeddable":true,"href":"https:\/\/novascotia.com\/de\/wp-json\/wp\/v2\/users\/54"}],"replies":[{"embeddable":true,"href":"https:\/\/novascotia.com\/de\/wp-json\/wp\/v2\/comments?post=95154"}],"version-history":[{"count":5,"href":"https:\/\/novascotia.com\/de\/wp-json\/wp\/v2\/pages\/95154\/revisions"}],"predecessor-version":[{"id":107549,"href":"https:\/\/novascotia.com\/de\/wp-json\/wp\/v2\/pages\/95154\/revisions\/107549"}],"up":[{"embeddable":true,"href":"https:\/\/novascotia.com\/de\/wp-json\/wp\/v2\/pages\/95120"}],"wp:attachment":[{"href":"https:\/\/novascotia.com\/de\/wp-json\/wp\/v2\/media?parent=95154"}],"curies":[{"name":"wp","href":"https:\/\/api.w.org\/{rel}","templated":true}]}}