{"id":95128,"date":"2024-11-19T15:22:28","date_gmt":"2024-11-19T19:22:28","guid":{"rendered":"https:\/\/tns.m5.ca\/?page_id=95128"},"modified":"2024-12-20T15:20:06","modified_gmt":"2024-12-20T19:20:06","slug":"herbst-in-nova-scotia","status":"publish","type":"page","link":"https:\/\/novascotia.com\/de\/entdecken-sie\/herbst-in-nova-scotia\/","title":{"rendered":"Herbst in Nova Scotia"},"content":{"rendered":"    <section  class=\"section-banner default no-overlay\">\n                                <picture class=\"bg-image\">\n                                                <img decoding=\"async\" width=\"2000\" height=\"1500\" src=\"https:\/\/novascotia.com\/wp-content\/uploads\/2024\/11\/Mahone-Bay-South-Shore-INSPIRING-CONTENT-WATERFRONT-DEVELOPMENT-IMG_2437.webp\" class=\"attachment-full size-full\" alt=\"View of the Three Churches in Mahone Bay over the water in the autumn in Nova Scotia\" srcset=\"https:\/\/novascotia.com\/wp-content\/uploads\/2024\/11\/Mahone-Bay-South-Shore-INSPIRING-CONTENT-WATERFRONT-DEVELOPMENT-IMG_2437.webp 2000w, https:\/\/novascotia.com\/wp-content\/uploads\/2024\/11\/Mahone-Bay-South-Shore-INSPIRING-CONTENT-WATERFRONT-DEVELOPMENT-IMG_2437-300x225.webp 300w, https:\/\/novascotia.com\/wp-content\/uploads\/2024\/11\/Mahone-Bay-South-Shore-INSPIRING-CONTENT-WATERFRONT-DEVELOPMENT-IMG_2437-1024x768.webp 1024w, https:\/\/novascotia.com\/wp-content\/uploads\/2024\/11\/Mahone-Bay-South-Shore-INSPIRING-CONTENT-WATERFRONT-DEVELOPMENT-IMG_2437-768x576.webp 768w, https:\/\/novascotia.com\/wp-content\/uploads\/2024\/11\/Mahone-Bay-South-Shore-INSPIRING-CONTENT-WATERFRONT-DEVELOPMENT-IMG_2437-1536x1152.webp 1536w\" sizes=\"(max-width: 2000px) 100vw, 2000px\" \/>            <\/picture>\n                            <div class=\"container\">\n                <div class=\"inner-holder\">\n                                            <div class=\"content w-large\">\n                                                            <h1>Herbst in Nova Scotia<\/h1>\n                                                                                <\/div>\n                                    <\/div>\n            <\/div>\n            <\/section>\n<section class=\"section-breadcrumb\">\n    <div class=\"container\">\n    <div class=\"breadcrumbs\" typeof=\"BreadcrumbList\" vocab=\"https:\/\/schema.org\/\">\n            <ul class=\"breadcrumbs-list\">\n            <li class=\"home\"><span property=\"itemListElement\" typeof=\"ListItem\"><a property=\"item\" typeof=\"WebPage\" title=\"Go to Tourism Nova Scotia.\" href=\"https:\/\/novascotia.com\/de\/\" class=\"home\" ><span property=\"name\">Home<\/span><\/a><meta property=\"position\" content=\"1\"><\/span><\/li>\n<li class=\"post-root post post-post\"><span property=\"itemListElement\" typeof=\"ListItem\"><a property=\"item\" typeof=\"WebPage\" title=\"Gehe zu Blog.\" href=\"https:\/\/novascotia.com\/de\/blog\/\" class=\"post-root post post-post\" aria-current=\"page\"><span property=\"name\">Blog<\/span><\/a><meta property=\"position\" content=\"2\"><\/span><\/li>\n        <\/ul>\n    <\/div>\n    <\/div>\n<\/section>\n\n\n\n\n<div style=\"height:100px\" aria-hidden=\"true\" class=\"wp-block-spacer\"><\/div>\n\n\n    <section  class=\"section-text-image\">\n        <div class=\"container\">\n            <div class=\"row left\">\n                                    <div class=\"image-box\">\n                        <figure >\n                            <img decoding=\"async\" width=\"1280\" height=\"720\" src=\"https:\/\/novascotia.com\/wp-content\/uploads\/2024\/11\/capesmokey-gondola-1920x1080-67290680e9296.webp\" class=\"attachment-full size-full\" alt=\"\" srcset=\"https:\/\/novascotia.com\/wp-content\/uploads\/2024\/11\/capesmokey-gondola-1920x1080-67290680e9296.webp 1280w, https:\/\/novascotia.com\/wp-content\/uploads\/2024\/11\/capesmokey-gondola-1920x1080-67290680e9296-300x169.webp 300w, https:\/\/novascotia.com\/wp-content\/uploads\/2024\/11\/capesmokey-gondola-1920x1080-67290680e9296-1024x576.webp 1024w, https:\/\/novascotia.com\/wp-content\/uploads\/2024\/11\/capesmokey-gondola-1920x1080-67290680e9296-768x432.webp 768w\" sizes=\"(max-width: 1280px) 100vw, 1280px\" \/><!-- image -->\n                                                    <\/figure>\n                    <\/div>\n                                                    <div class=\"text-box\">\n                                                <div class=\"MuiGrid-root body MuiGrid-container MuiGrid-item MuiGrid-justify-xs-center MuiGrid-grid-xs-12\">\n<div>\n<p>Das Klima in Nova Scotia wird stark von der Lage am Atlantischen Ozean und dem Golfstrom beeinflusst. Mit Durchschnittstemperaturen von 0\u00b0C bis -10\u00b0C sind die Winter verh\u00e4ltnism\u00e4\u00dfig mild, im Sommer steigen die Temperaturen tags\u00fcber im Durchschnitt auf warme 20\u00b0C bis 25\u00b0C.<\/p>\n<p>Ein Hoch gibt es dann meist noch einmal im Herbst: Bei nahezu sommerlichen Temperaturen verwandelt der sogenannte \u201eIndian Summer\u201c die W\u00e4lder Nova Scotias in ein einzigartiges Meer aus leuchtenden Farben. Der Zeitpunkt h\u00e4ngt von den jeweiligen Wetterbedingungen ab und kann leicht variieren. Meistens beginnt diese beliebte Jahreszeit Ende September und dauert bis ca. Ende Oktober.<\/p>\n<p>Wenn Sie vor Ort sind, achten Sie auf jeden Fall auf die vielen Veranstaltungen, wie bspw. das Celtic Colours Festival auf Cape Breton Island, das den farbenfrohen Herbst mit den Kl\u00e4ngen keltischer Musik verbindet und eines der beliebtesten Festivals der Provinz ist.<\/p>\n<\/div>\n<\/div>\n                                            <\/div>\n                            <\/div>\n        <\/div>\n    <\/section>\n\n\n\n<p><\/p>\n","protected":false},"excerpt":{"rendered":"","protected":false},"author":54,"featured_media":0,"parent":95021,"menu_order":0,"comment_status":"closed","ping_status":"closed","template":"","meta":{"_acf_changed":false,"_searchwp_excluded":"","footnotes":""},"class_list":["post-95128","page","type-page","status-publish","hentry"],"acf":[],"yoast_head":"<!-- This site is optimized with the Yoast SEO plugin v27.5 - https:\/\/yoast.com\/product\/yoast-seo-wordpress\/ -->\n<title>Herbst in Nova Scotia - Tourism Nova Scotia<\/title>\n<meta name=\"robots\" content=\"index, follow, max-snippet:-1, max-image-preview:large, max-video-preview:-1\" \/>\n<link rel=\"canonical\" href=\"https:\/\/novascotia.com\/de\/entdecken-sie\/herbst-in-nova-scotia\/\" \/>\n<meta property=\"og:locale\" content=\"de_DE\" \/>\n<meta property=\"og:type\" content=\"article\" \/>\n<meta property=\"og:title\" content=\"Herbst in Nova Scotia - Tourism Nova Scotia\" \/>\n<meta property=\"og:url\" content=\"https:\/\/novascotia.com\/de\/entdecken-sie\/herbst-in-nova-scotia\/\" \/>\n<meta property=\"og:site_name\" content=\"Tourism Nova Scotia\" \/>\n<meta property=\"article:publisher\" content=\"https:\/\/www.facebook.com\/novascotia\" \/>\n<meta property=\"article:modified_time\" content=\"2024-12-20T19:20:06+00:00\" \/>\n<meta name=\"twitter:card\" content=\"summary_large_image\" \/>\n<meta name=\"twitter:site\" content=\"@VisitNovaScotia\" \/>\n<script type=\"application\/ld+json\" class=\"yoast-schema-graph\">{\"@context\":\"https:\\\/\\\/schema.org\",\"@graph\":[{\"@type\":\"WebPage\",\"@id\":\"https:\\\/\\\/novascotia.com\\\/de\\\/entdecken-sie\\\/herbst-in-nova-scotia\\\/\",\"url\":\"https:\\\/\\\/novascotia.com\\\/de\\\/entdecken-sie\\\/herbst-in-nova-scotia\\\/\",\"name\":\"Herbst in Nova Scotia - Tourism Nova Scotia\",\"isPartOf\":{\"@id\":\"https:\\\/\\\/novascotia.com\\\/de\\\/#website\"},\"datePublished\":\"2024-11-19T19:22:28+00:00\",\"dateModified\":\"2024-12-20T19:20:06+00:00\",\"breadcrumb\":{\"@id\":\"https:\\\/\\\/novascotia.com\\\/de\\\/entdecken-sie\\\/herbst-in-nova-scotia\\\/#breadcrumb\"},\"inLanguage\":\"de\",\"potentialAction\":[{\"@type\":\"ReadAction\",\"target\":[\"https:\\\/\\\/novascotia.com\\\/de\\\/entdecken-sie\\\/herbst-in-nova-scotia\\\/\"]}]},{\"@type\":\"BreadcrumbList\",\"@id\":\"https:\\\/\\\/novascotia.com\\\/de\\\/entdecken-sie\\\/herbst-in-nova-scotia\\\/#breadcrumb\",\"itemListElement\":[{\"@type\":\"ListItem\",\"position\":1,\"name\":\"Home\",\"item\":\"https:\\\/\\\/novascotia.com\\\/de\\\/\"},{\"@type\":\"ListItem\",\"position\":2,\"name\":\"Entdecken Sie\",\"item\":\"https:\\\/\\\/novascotia.com\\\/de\\\/entdecken-sie\\\/\"},{\"@type\":\"ListItem\",\"position\":3,\"name\":\"Herbst in Nova Scotia\"}]},{\"@type\":\"WebSite\",\"@id\":\"https:\\\/\\\/novascotia.com\\\/de\\\/#website\",\"url\":\"https:\\\/\\\/novascotia.com\\\/de\\\/\",\"name\":\"Tourism Nova Scotia\",\"description\":\"Plan Your Trip to Nova Scotia\",\"potentialAction\":[{\"@type\":\"SearchAction\",\"target\":{\"@type\":\"EntryPoint\",\"urlTemplate\":\"https:\\\/\\\/novascotia.com\\\/de\\\/?s={search_term_string}\"},\"query-input\":{\"@type\":\"PropertyValueSpecification\",\"valueRequired\":true,\"valueName\":\"search_term_string\"}}],\"inLanguage\":\"de\"}]}<\/script>\n<!-- \/ Yoast SEO plugin. -->","yoast_head_json":{"title":"Herbst in Nova Scotia - Tourism Nova Scotia","robots":{"index":"index","follow":"follow","max-snippet":"max-snippet:-1","max-image-preview":"max-image-preview:large","max-video-preview":"max-video-preview:-1"},"canonical":"https:\/\/novascotia.com\/de\/entdecken-sie\/herbst-in-nova-scotia\/","og_locale":"de_DE","og_type":"article","og_title":"Herbst in Nova Scotia - Tourism Nova Scotia","og_url":"https:\/\/novascotia.com\/de\/entdecken-sie\/herbst-in-nova-scotia\/","og_site_name":"Tourism Nova Scotia","article_publisher":"https:\/\/www.facebook.com\/novascotia","article_modified_time":"2024-12-20T19:20:06+00:00","twitter_card":"summary_large_image","twitter_site":"@VisitNovaScotia","schema":{"@context":"https:\/\/schema.org","@graph":[{"@type":"WebPage","@id":"https:\/\/novascotia.com\/de\/entdecken-sie\/herbst-in-nova-scotia\/","url":"https:\/\/novascotia.com\/de\/entdecken-sie\/herbst-in-nova-scotia\/","name":"Herbst in Nova Scotia - Tourism Nova Scotia","isPartOf":{"@id":"https:\/\/novascotia.com\/de\/#website"},"datePublished":"2024-11-19T19:22:28+00:00","dateModified":"2024-12-20T19:20:06+00:00","breadcrumb":{"@id":"https:\/\/novascotia.com\/de\/entdecken-sie\/herbst-in-nova-scotia\/#breadcrumb"},"inLanguage":"de","potentialAction":[{"@type":"ReadAction","target":["https:\/\/novascotia.com\/de\/entdecken-sie\/herbst-in-nova-scotia\/"]}]},{"@type":"BreadcrumbList","@id":"https:\/\/novascotia.com\/de\/entdecken-sie\/herbst-in-nova-scotia\/#breadcrumb","itemListElement":[{"@type":"ListItem","position":1,"name":"Home","item":"https:\/\/novascotia.com\/de\/"},{"@type":"ListItem","position":2,"name":"Entdecken Sie","item":"https:\/\/novascotia.com\/de\/entdecken-sie\/"},{"@type":"ListItem","position":3,"name":"Herbst in Nova Scotia"}]},{"@type":"WebSite","@id":"https:\/\/novascotia.com\/de\/#website","url":"https:\/\/novascotia.com\/de\/","name":"Tourism Nova Scotia","description":"Plan Your Trip to Nova Scotia","potentialAction":[{"@type":"SearchAction","target":{"@type":"EntryPoint","urlTemplate":"https:\/\/novascotia.com\/de\/?s={search_term_string}"},"query-input":{"@type":"PropertyValueSpecification","valueRequired":true,"valueName":"search_term_string"}}],"inLanguage":"de"}]}},"_links":{"self":[{"href":"https:\/\/novascotia.com\/de\/wp-json\/wp\/v2\/pages\/95128","targetHints":{"allow":["GET"]}}],"collection":[{"href":"https:\/\/novascotia.com\/de\/wp-json\/wp\/v2\/pages"}],"about":[{"href":"https:\/\/novascotia.com\/de\/wp-json\/wp\/v2\/types\/page"}],"author":[{"embeddable":true,"href":"https:\/\/novascotia.com\/de\/wp-json\/wp\/v2\/users\/54"}],"replies":[{"embeddable":true,"href":"https:\/\/novascotia.com\/de\/wp-json\/wp\/v2\/comments?post=95128"}],"version-history":[{"count":2,"href":"https:\/\/novascotia.com\/de\/wp-json\/wp\/v2\/pages\/95128\/revisions"}],"predecessor-version":[{"id":106336,"href":"https:\/\/novascotia.com\/de\/wp-json\/wp\/v2\/pages\/95128\/revisions\/106336"}],"up":[{"embeddable":true,"href":"https:\/\/novascotia.com\/de\/wp-json\/wp\/v2\/pages\/95021"}],"wp:attachment":[{"href":"https:\/\/novascotia.com\/de\/wp-json\/wp\/v2\/media?parent=95128"}],"curies":[{"name":"wp","href":"https:\/\/api.w.org\/{rel}","templated":true}]}}