{"id":95114,"date":"2024-11-19T15:05:18","date_gmt":"2024-11-19T19:05:18","guid":{"rendered":"https:\/\/tns.m5.ca\/?page_id=95114"},"modified":"2024-12-20T15:21:00","modified_gmt":"2024-12-20T19:21:00","slug":"nova-scotia-roadtrips","status":"publish","type":"page","link":"https:\/\/novascotia.com\/de\/entdecken-sie\/nova-scotia-roadtrips\/","title":{"rendered":"Nova Scotia Roadtrips"},"content":{"rendered":"    <section  class=\"section-banner default no-overlay\">\n                                <picture class=\"bg-image\">\n                                                <img decoding=\"async\" width=\"1920\" height=\"1080\" src=\"https:\/\/novascotia.com\/wp-content\/uploads\/2024\/09\/cabottrailinthefall-dcba-1920x1080-66f8cf472a705.webp\" class=\"attachment-full size-full\" alt=\"\" srcset=\"https:\/\/novascotia.com\/wp-content\/uploads\/2024\/09\/cabottrailinthefall-dcba-1920x1080-66f8cf472a705.webp 1920w, https:\/\/novascotia.com\/wp-content\/uploads\/2024\/09\/cabottrailinthefall-dcba-1920x1080-66f8cf472a705-300x169.webp 300w, https:\/\/novascotia.com\/wp-content\/uploads\/2024\/09\/cabottrailinthefall-dcba-1920x1080-66f8cf472a705-1024x576.webp 1024w, https:\/\/novascotia.com\/wp-content\/uploads\/2024\/09\/cabottrailinthefall-dcba-1920x1080-66f8cf472a705-768x432.webp 768w, https:\/\/novascotia.com\/wp-content\/uploads\/2024\/09\/cabottrailinthefall-dcba-1920x1080-66f8cf472a705-1536x864.webp 1536w\" sizes=\"(max-width: 1920px) 100vw, 1920px\" \/>            <\/picture>\n                            <div class=\"container\">\n                <div class=\"inner-holder\">\n                                            <div class=\"content w-large\">\n                                                            <h1>Nova Scotia Roadtrips<\/h1>\n                                                                                <\/div>\n                                    <\/div>\n            <\/div>\n            <\/section>\n<section class=\"section-breadcrumb\">\n    <div class=\"container\">\n    <div class=\"breadcrumbs\" typeof=\"BreadcrumbList\" vocab=\"https:\/\/schema.org\/\">\n            <ul class=\"breadcrumbs-list\">\n            <li class=\"home\"><span property=\"itemListElement\" typeof=\"ListItem\"><a property=\"item\" typeof=\"WebPage\" title=\"Go to Tourism Nova Scotia.\" href=\"https:\/\/novascotia.com\/de\/\" class=\"home\" ><span property=\"name\">Home<\/span><\/a><meta property=\"position\" content=\"1\"><\/span><\/li>\n<li class=\"post-root post post-post\"><span property=\"itemListElement\" typeof=\"ListItem\"><a property=\"item\" typeof=\"WebPage\" title=\"Gehe zu Blog.\" href=\"https:\/\/novascotia.com\/de\/blog\/\" class=\"post-root post post-post\" aria-current=\"page\"><span property=\"name\">Blog<\/span><\/a><meta property=\"position\" content=\"2\"><\/span><\/li>\n        <\/ul>\n    <\/div>\n    <\/div>\n<\/section>\n\n\n\n    <section  class=\"section-text-image\">\n        <div class=\"container\">\n            <div class=\"row left\">\n                                    <div class=\"image-box\">\n                        <figure >\n                            <img decoding=\"async\" width=\"1920\" height=\"1080\" src=\"https:\/\/novascotia.com\/wp-content\/uploads\/2024\/11\/franey-trail-look-off-1920x1080-6729068569933.webp\" class=\"attachment-full size-full\" alt=\"\" srcset=\"https:\/\/novascotia.com\/wp-content\/uploads\/2024\/11\/franey-trail-look-off-1920x1080-6729068569933.webp 1920w, https:\/\/novascotia.com\/wp-content\/uploads\/2024\/11\/franey-trail-look-off-1920x1080-6729068569933-300x169.webp 300w, https:\/\/novascotia.com\/wp-content\/uploads\/2024\/11\/franey-trail-look-off-1920x1080-6729068569933-1024x576.webp 1024w, https:\/\/novascotia.com\/wp-content\/uploads\/2024\/11\/franey-trail-look-off-1920x1080-6729068569933-768x432.webp 768w, https:\/\/novascotia.com\/wp-content\/uploads\/2024\/11\/franey-trail-look-off-1920x1080-6729068569933-1536x864.webp 1536w\" sizes=\"(max-width: 1920px) 100vw, 1920px\" \/><!-- image -->\n                                                    <\/figure>\n                    <\/div>\n                                                    <div class=\"text-box\">\n                                                <p>Nova Scotia eignet sich ganz hervorragend f\u00fcr Road Trips, egal ob klassisch mit dem Auto, gem\u00fctlich mit dem Wohnmobil oder abenteuerlich mit dem Motorrad. Maritimes Flair mit charmanten Hafenorten, menschenleeren Sandstr\u00e4nden, tosenden Wellen und vielen Leuchtt\u00fcrmen erleben Sie bei einer Fahrt entlang der Lighthouse Route.<\/p>\n<p>Wilder wird es auf dem weltber\u00fchmten Cabot Trail, einer der sch\u00f6nsten K\u00fcstenstra\u00dfen der Welt. Hier erwartet Sie die raue Sch\u00f6nheit der Cape Breton Highlands mit gro\u00dfartigen Ausblicken auf die schroffen Klippen und vielleicht sogar den ein oder anderen Elch.<\/p>\n<p>Dadurch, dass Nova Scotia relativ kompakt ist, bleiben die Distanzen auch immer sehr \u00fcberschaubar und man kann sich viel Zeit f\u00fcr Pausen am Wegesrand nehmen.<\/p>\n<p>Zur Planung eines Road Trips sind unser Doers &amp; Dreamers Guide und die dazugeh\u00f6rige Stra\u00dfenkarte sehr n\u00fctzlich. Beides k\u00f6nnen Sie sich kostenlos downloaden.<\/p>\n<p>Bei allen Fragen rund um Reisen nach Nova Scotia, hilft Ihnen unsere Agentur in Deutschland auch gerne pers\u00f6nlich weiter:<\/p>\n<p><strong>Thomas Vogler, Account Manager<br \/>\nTravelMarketing Romberg<\/strong><\/p>\n<p><strong>Telefon:<\/strong> <strong>+49 (0) 211 &#8211; 86 84 25 81<\/strong><br \/>\n<strong>Email:<\/strong> <a href=\"mailto:novascotia@travelmarketing.de\">novascotia@travelmarketing.de<\/a><\/p>\n<p><strong>Facebook:<\/strong> <a href=\"https:\/\/www.novascotia.com\/de\/nova-scotia-entdecken\/www.facebook.com\/EntdeckeNovaScotia\">www.facebook.com\/EntdeckeNovaScotia<\/a><br \/>\n<strong>Instagram:<\/strong>\u00a0<a href=\"http:\/\/www.instagram.com\/entdeckenovascotia\">www.instagram.com\/entdeckenovascotia<\/a><\/p>\n                                            <\/div>\n                            <\/div>\n        <\/div>\n    <\/section>\n","protected":false},"excerpt":{"rendered":"","protected":false},"author":54,"featured_media":0,"parent":95021,"menu_order":0,"comment_status":"closed","ping_status":"closed","template":"","meta":{"_acf_changed":false,"_searchwp_excluded":"","footnotes":""},"class_list":["post-95114","page","type-page","status-publish","hentry"],"acf":[],"yoast_head":"<!-- This site is optimized with the Yoast SEO plugin v27.5 - https:\/\/yoast.com\/product\/yoast-seo-wordpress\/ -->\n<title>Nova Scotia Roadtrips - Tourism Nova Scotia<\/title>\n<meta name=\"robots\" content=\"index, follow, max-snippet:-1, max-image-preview:large, max-video-preview:-1\" \/>\n<link rel=\"canonical\" href=\"https:\/\/novascotia.com\/de\/entdecken-sie\/nova-scotia-roadtrips\/\" \/>\n<meta property=\"og:locale\" content=\"de_DE\" \/>\n<meta property=\"og:type\" content=\"article\" \/>\n<meta property=\"og:title\" content=\"Nova Scotia Roadtrips - Tourism Nova Scotia\" \/>\n<meta property=\"og:url\" content=\"https:\/\/novascotia.com\/de\/entdecken-sie\/nova-scotia-roadtrips\/\" \/>\n<meta property=\"og:site_name\" content=\"Tourism Nova Scotia\" \/>\n<meta property=\"article:publisher\" content=\"https:\/\/www.facebook.com\/novascotia\" \/>\n<meta property=\"article:modified_time\" content=\"2024-12-20T19:21:00+00:00\" \/>\n<meta name=\"twitter:card\" content=\"summary_large_image\" \/>\n<meta name=\"twitter:site\" content=\"@VisitNovaScotia\" \/>\n<script type=\"application\/ld+json\" class=\"yoast-schema-graph\">{\"@context\":\"https:\\\/\\\/schema.org\",\"@graph\":[{\"@type\":\"WebPage\",\"@id\":\"https:\\\/\\\/novascotia.com\\\/de\\\/entdecken-sie\\\/nova-scotia-roadtrips\\\/\",\"url\":\"https:\\\/\\\/novascotia.com\\\/de\\\/entdecken-sie\\\/nova-scotia-roadtrips\\\/\",\"name\":\"Nova Scotia Roadtrips - Tourism Nova Scotia\",\"isPartOf\":{\"@id\":\"https:\\\/\\\/novascotia.com\\\/de\\\/#website\"},\"datePublished\":\"2024-11-19T19:05:18+00:00\",\"dateModified\":\"2024-12-20T19:21:00+00:00\",\"breadcrumb\":{\"@id\":\"https:\\\/\\\/novascotia.com\\\/de\\\/entdecken-sie\\\/nova-scotia-roadtrips\\\/#breadcrumb\"},\"inLanguage\":\"de\",\"potentialAction\":[{\"@type\":\"ReadAction\",\"target\":[\"https:\\\/\\\/novascotia.com\\\/de\\\/entdecken-sie\\\/nova-scotia-roadtrips\\\/\"]}]},{\"@type\":\"BreadcrumbList\",\"@id\":\"https:\\\/\\\/novascotia.com\\\/de\\\/entdecken-sie\\\/nova-scotia-roadtrips\\\/#breadcrumb\",\"itemListElement\":[{\"@type\":\"ListItem\",\"position\":1,\"name\":\"Home\",\"item\":\"https:\\\/\\\/novascotia.com\\\/de\\\/\"},{\"@type\":\"ListItem\",\"position\":2,\"name\":\"Entdecken Sie\",\"item\":\"https:\\\/\\\/novascotia.com\\\/de\\\/entdecken-sie\\\/\"},{\"@type\":\"ListItem\",\"position\":3,\"name\":\"Nova Scotia Roadtrips\"}]},{\"@type\":\"WebSite\",\"@id\":\"https:\\\/\\\/novascotia.com\\\/de\\\/#website\",\"url\":\"https:\\\/\\\/novascotia.com\\\/de\\\/\",\"name\":\"Tourism Nova Scotia\",\"description\":\"Plan Your Trip to Nova Scotia\",\"potentialAction\":[{\"@type\":\"SearchAction\",\"target\":{\"@type\":\"EntryPoint\",\"urlTemplate\":\"https:\\\/\\\/novascotia.com\\\/de\\\/?s={search_term_string}\"},\"query-input\":{\"@type\":\"PropertyValueSpecification\",\"valueRequired\":true,\"valueName\":\"search_term_string\"}}],\"inLanguage\":\"de\"}]}<\/script>\n<!-- \/ Yoast SEO plugin. -->","yoast_head_json":{"title":"Nova Scotia Roadtrips - Tourism Nova Scotia","robots":{"index":"index","follow":"follow","max-snippet":"max-snippet:-1","max-image-preview":"max-image-preview:large","max-video-preview":"max-video-preview:-1"},"canonical":"https:\/\/novascotia.com\/de\/entdecken-sie\/nova-scotia-roadtrips\/","og_locale":"de_DE","og_type":"article","og_title":"Nova Scotia Roadtrips - Tourism Nova Scotia","og_url":"https:\/\/novascotia.com\/de\/entdecken-sie\/nova-scotia-roadtrips\/","og_site_name":"Tourism Nova Scotia","article_publisher":"https:\/\/www.facebook.com\/novascotia","article_modified_time":"2024-12-20T19:21:00+00:00","twitter_card":"summary_large_image","twitter_site":"@VisitNovaScotia","schema":{"@context":"https:\/\/schema.org","@graph":[{"@type":"WebPage","@id":"https:\/\/novascotia.com\/de\/entdecken-sie\/nova-scotia-roadtrips\/","url":"https:\/\/novascotia.com\/de\/entdecken-sie\/nova-scotia-roadtrips\/","name":"Nova Scotia Roadtrips - Tourism Nova Scotia","isPartOf":{"@id":"https:\/\/novascotia.com\/de\/#website"},"datePublished":"2024-11-19T19:05:18+00:00","dateModified":"2024-12-20T19:21:00+00:00","breadcrumb":{"@id":"https:\/\/novascotia.com\/de\/entdecken-sie\/nova-scotia-roadtrips\/#breadcrumb"},"inLanguage":"de","potentialAction":[{"@type":"ReadAction","target":["https:\/\/novascotia.com\/de\/entdecken-sie\/nova-scotia-roadtrips\/"]}]},{"@type":"BreadcrumbList","@id":"https:\/\/novascotia.com\/de\/entdecken-sie\/nova-scotia-roadtrips\/#breadcrumb","itemListElement":[{"@type":"ListItem","position":1,"name":"Home","item":"https:\/\/novascotia.com\/de\/"},{"@type":"ListItem","position":2,"name":"Entdecken Sie","item":"https:\/\/novascotia.com\/de\/entdecken-sie\/"},{"@type":"ListItem","position":3,"name":"Nova Scotia Roadtrips"}]},{"@type":"WebSite","@id":"https:\/\/novascotia.com\/de\/#website","url":"https:\/\/novascotia.com\/de\/","name":"Tourism Nova Scotia","description":"Plan Your Trip to Nova Scotia","potentialAction":[{"@type":"SearchAction","target":{"@type":"EntryPoint","urlTemplate":"https:\/\/novascotia.com\/de\/?s={search_term_string}"},"query-input":{"@type":"PropertyValueSpecification","valueRequired":true,"valueName":"search_term_string"}}],"inLanguage":"de"}]}},"_links":{"self":[{"href":"https:\/\/novascotia.com\/de\/wp-json\/wp\/v2\/pages\/95114","targetHints":{"allow":["GET"]}}],"collection":[{"href":"https:\/\/novascotia.com\/de\/wp-json\/wp\/v2\/pages"}],"about":[{"href":"https:\/\/novascotia.com\/de\/wp-json\/wp\/v2\/types\/page"}],"author":[{"embeddable":true,"href":"https:\/\/novascotia.com\/de\/wp-json\/wp\/v2\/users\/54"}],"replies":[{"embeddable":true,"href":"https:\/\/novascotia.com\/de\/wp-json\/wp\/v2\/comments?post=95114"}],"version-history":[{"count":1,"href":"https:\/\/novascotia.com\/de\/wp-json\/wp\/v2\/pages\/95114\/revisions"}],"predecessor-version":[{"id":106338,"href":"https:\/\/novascotia.com\/de\/wp-json\/wp\/v2\/pages\/95114\/revisions\/106338"}],"up":[{"embeddable":true,"href":"https:\/\/novascotia.com\/de\/wp-json\/wp\/v2\/pages\/95021"}],"wp:attachment":[{"href":"https:\/\/novascotia.com\/de\/wp-json\/wp\/v2\/media?parent=95114"}],"curies":[{"name":"wp","href":"https:\/\/api.w.org\/{rel}","templated":true}]}}