{"id":95102,"date":"2024-11-19T14:49:43","date_gmt":"2024-11-19T18:49:43","guid":{"rendered":"https:\/\/tns.m5.ca\/?page_id=95102"},"modified":"2025-12-11T18:09:11","modified_gmt":"2025-12-11T22:09:11","slug":"kuste-strande","status":"publish","type":"page","link":"https:\/\/novascotia.com\/de\/entdecken-sie\/kuste-strande\/","title":{"rendered":"K\u00fcste &amp; Str\u00e4nde"},"content":{"rendered":"    <section  class=\"section-banner default no-overlay\">\n                                <picture class=\"bg-image\">\n                                                <img decoding=\"async\" width=\"1920\" height=\"1080\" src=\"https:\/\/novascotia.com\/wp-content\/uploads\/2024\/10\/sunrise-surf-lawrencetown-67034dca56792.webp\" class=\"attachment-full size-full\" alt=\"Lawrencetown Beach Provincial Park\" srcset=\"https:\/\/novascotia.com\/wp-content\/uploads\/2024\/10\/sunrise-surf-lawrencetown-67034dca56792.webp 1920w, https:\/\/novascotia.com\/wp-content\/uploads\/2024\/10\/sunrise-surf-lawrencetown-67034dca56792-300x169.webp 300w, https:\/\/novascotia.com\/wp-content\/uploads\/2024\/10\/sunrise-surf-lawrencetown-67034dca56792-1024x576.webp 1024w, https:\/\/novascotia.com\/wp-content\/uploads\/2024\/10\/sunrise-surf-lawrencetown-67034dca56792-768x432.webp 768w, https:\/\/novascotia.com\/wp-content\/uploads\/2024\/10\/sunrise-surf-lawrencetown-67034dca56792-1536x864.webp 1536w\" sizes=\"(max-width: 1920px) 100vw, 1920px\" \/>            <\/picture>\n                            <div class=\"container\">\n                <div class=\"inner-holder\">\n                                            <div class=\"content w-large\">\n                                                            <h1>K\u00fcste &amp; Str\u00e4nde<\/h1>\n                                                                                <\/div>\n                                    <\/div>\n            <\/div>\n            <\/section>\n<section class=\"section-breadcrumb\">\n    <div class=\"container\">\n    <div class=\"breadcrumbs\" typeof=\"BreadcrumbList\" vocab=\"https:\/\/schema.org\/\">\n            <ul class=\"breadcrumbs-list\">\n            <li class=\"home\"><span property=\"itemListElement\" typeof=\"ListItem\"><a property=\"item\" typeof=\"WebPage\" title=\"Go to Tourism Nova Scotia.\" href=\"https:\/\/novascotia.com\/de\/\" class=\"home\" ><span property=\"name\">Home<\/span><\/a><meta property=\"position\" content=\"1\"><\/span><\/li>\n<li class=\"post-root post post-post\"><span property=\"itemListElement\" typeof=\"ListItem\"><a property=\"item\" typeof=\"WebPage\" title=\"Gehe zu Blog.\" href=\"https:\/\/novascotia.com\/de\/blog\/\" class=\"post-root post post-post\" aria-current=\"page\"><span property=\"name\">Blog<\/span><\/a><meta property=\"position\" content=\"2\"><\/span><\/li>\n        <\/ul>\n    <\/div>\n    <\/div>\n<\/section>\n\n\n\n\n<div style=\"height:100px\" aria-hidden=\"true\" class=\"wp-block-spacer\"><\/div>\n\n\n    <section  class=\"section-text-image\">\n        <div class=\"container\">\n            <div class=\"row left\">\n                                    <div class=\"image-box\">\n                        <figure >\n                            <img decoding=\"async\" width=\"2000\" height=\"1500\" src=\"https:\/\/novascotia.com\/wp-content\/uploads\/2025\/12\/010-3-10268_tif_NovaScotia.com_2000x1500.jpg\" class=\"attachment-full size-full\" alt=\"With more warm-water ocean beaches than anywhere else in Atlantic Canada, this shore is Beach Country.\" srcset=\"https:\/\/novascotia.com\/wp-content\/uploads\/2025\/12\/010-3-10268_tif_NovaScotia.com_2000x1500.jpg 2000w, https:\/\/novascotia.com\/wp-content\/uploads\/2025\/12\/010-3-10268_tif_NovaScotia.com_2000x1500-300x225.jpg 300w, https:\/\/novascotia.com\/wp-content\/uploads\/2025\/12\/010-3-10268_tif_NovaScotia.com_2000x1500-1024x768.jpg 1024w, https:\/\/novascotia.com\/wp-content\/uploads\/2025\/12\/010-3-10268_tif_NovaScotia.com_2000x1500-768x576.jpg 768w, https:\/\/novascotia.com\/wp-content\/uploads\/2025\/12\/010-3-10268_tif_NovaScotia.com_2000x1500-1536x1152.jpg 1536w\" sizes=\"(max-width: 2000px) 100vw, 2000px\" \/><!-- image -->\n                                                    <\/figure>\n                    <\/div>\n                                                    <div class=\"text-box\">\n                                                <div class=\"MuiGrid-root body MuiGrid-container MuiGrid-item MuiGrid-justify-xs-center MuiGrid-grid-xs-12\">\n<div>\n<p>Eher untypisch f\u00fcr den klassischen Kanadaurlaub, aber sehr typisch f\u00fcr Nova Scotia: Aufgrund der enormen K\u00fcstenl\u00e4nge von rund 13.300 Kilometern findet man in der gesamten Provinz vom feinsandigen und kilometerlangen Sandstrand bis zu kleinen Buchten alles, was man f\u00fcr einen entspannten Tag am Strand ben\u00f6tigt.<\/p>\n<p>Bauen Sie Sandburgen, fliegen Sie Drachen, machen Sie einen Surf-Kurs oder spazieren Sie einfach nur barfu\u00df durch den feinen Sand. Lassen Sie Ihre Seele baumeln und atmen Sie die salzige Luft des Atlantiks. Gerade im Hochsommer ist Nova Scotia eine ausgezeichnete Badedestination, nicht nur f\u00fcr Familien.<\/p>\n<\/div>\n<\/div>\n                                            <\/div>\n                            <\/div>\n        <\/div>\n    <\/section>\n","protected":false},"excerpt":{"rendered":"","protected":false},"author":54,"featured_media":0,"parent":95021,"menu_order":0,"comment_status":"closed","ping_status":"closed","template":"","meta":{"_acf_changed":false,"_searchwp_excluded":"","footnotes":""},"class_list":["post-95102","page","type-page","status-publish","hentry"],"acf":[],"yoast_head":"<!-- This site is optimized with the Yoast SEO plugin v27.5 - https:\/\/yoast.com\/product\/yoast-seo-wordpress\/ -->\n<title>K\u00fcste &amp; Str\u00e4nde - Tourism Nova Scotia<\/title>\n<meta name=\"robots\" content=\"index, follow, max-snippet:-1, max-image-preview:large, max-video-preview:-1\" \/>\n<link rel=\"canonical\" href=\"https:\/\/novascotia.com\/de\/entdecken-sie\/kuste-strande\/\" \/>\n<meta property=\"og:locale\" content=\"de_DE\" \/>\n<meta property=\"og:type\" content=\"article\" \/>\n<meta property=\"og:title\" content=\"K\u00fcste &amp; Str\u00e4nde - Tourism Nova Scotia\" \/>\n<meta property=\"og:url\" content=\"https:\/\/novascotia.com\/de\/entdecken-sie\/kuste-strande\/\" \/>\n<meta property=\"og:site_name\" content=\"Tourism Nova Scotia\" \/>\n<meta property=\"article:publisher\" content=\"https:\/\/www.facebook.com\/novascotia\" \/>\n<meta property=\"article:modified_time\" content=\"2025-12-11T22:09:11+00:00\" \/>\n<meta name=\"twitter:card\" content=\"summary_large_image\" \/>\n<meta name=\"twitter:site\" content=\"@VisitNovaScotia\" \/>\n<script type=\"application\/ld+json\" class=\"yoast-schema-graph\">{\"@context\":\"https:\\\/\\\/schema.org\",\"@graph\":[{\"@type\":\"WebPage\",\"@id\":\"https:\\\/\\\/novascotia.com\\\/de\\\/entdecken-sie\\\/kuste-strande\\\/\",\"url\":\"https:\\\/\\\/novascotia.com\\\/de\\\/entdecken-sie\\\/kuste-strande\\\/\",\"name\":\"K\u00fcste &amp; Str\u00e4nde - Tourism Nova Scotia\",\"isPartOf\":{\"@id\":\"https:\\\/\\\/novascotia.com\\\/de\\\/#website\"},\"datePublished\":\"2024-11-19T18:49:43+00:00\",\"dateModified\":\"2025-12-11T22:09:11+00:00\",\"breadcrumb\":{\"@id\":\"https:\\\/\\\/novascotia.com\\\/de\\\/entdecken-sie\\\/kuste-strande\\\/#breadcrumb\"},\"inLanguage\":\"de\",\"potentialAction\":[{\"@type\":\"ReadAction\",\"target\":[\"https:\\\/\\\/novascotia.com\\\/de\\\/entdecken-sie\\\/kuste-strande\\\/\"]}]},{\"@type\":\"BreadcrumbList\",\"@id\":\"https:\\\/\\\/novascotia.com\\\/de\\\/entdecken-sie\\\/kuste-strande\\\/#breadcrumb\",\"itemListElement\":[{\"@type\":\"ListItem\",\"position\":1,\"name\":\"Home\",\"item\":\"https:\\\/\\\/novascotia.com\\\/de\\\/\"},{\"@type\":\"ListItem\",\"position\":2,\"name\":\"Entdecken Sie\",\"item\":\"https:\\\/\\\/novascotia.com\\\/de\\\/entdecken-sie\\\/\"},{\"@type\":\"ListItem\",\"position\":3,\"name\":\"K\u00fcste &amp; Str\u00e4nde\"}]},{\"@type\":\"WebSite\",\"@id\":\"https:\\\/\\\/novascotia.com\\\/de\\\/#website\",\"url\":\"https:\\\/\\\/novascotia.com\\\/de\\\/\",\"name\":\"Tourism Nova Scotia\",\"description\":\"Plan Your Trip to Nova Scotia\",\"potentialAction\":[{\"@type\":\"SearchAction\",\"target\":{\"@type\":\"EntryPoint\",\"urlTemplate\":\"https:\\\/\\\/novascotia.com\\\/de\\\/?s={search_term_string}\"},\"query-input\":{\"@type\":\"PropertyValueSpecification\",\"valueRequired\":true,\"valueName\":\"search_term_string\"}}],\"inLanguage\":\"de\"}]}<\/script>\n<!-- \/ Yoast SEO plugin. -->","yoast_head_json":{"title":"K\u00fcste &amp; Str\u00e4nde - Tourism Nova Scotia","robots":{"index":"index","follow":"follow","max-snippet":"max-snippet:-1","max-image-preview":"max-image-preview:large","max-video-preview":"max-video-preview:-1"},"canonical":"https:\/\/novascotia.com\/de\/entdecken-sie\/kuste-strande\/","og_locale":"de_DE","og_type":"article","og_title":"K\u00fcste &amp; Str\u00e4nde - Tourism Nova Scotia","og_url":"https:\/\/novascotia.com\/de\/entdecken-sie\/kuste-strande\/","og_site_name":"Tourism Nova Scotia","article_publisher":"https:\/\/www.facebook.com\/novascotia","article_modified_time":"2025-12-11T22:09:11+00:00","twitter_card":"summary_large_image","twitter_site":"@VisitNovaScotia","schema":{"@context":"https:\/\/schema.org","@graph":[{"@type":"WebPage","@id":"https:\/\/novascotia.com\/de\/entdecken-sie\/kuste-strande\/","url":"https:\/\/novascotia.com\/de\/entdecken-sie\/kuste-strande\/","name":"K\u00fcste &amp; Str\u00e4nde - Tourism Nova Scotia","isPartOf":{"@id":"https:\/\/novascotia.com\/de\/#website"},"datePublished":"2024-11-19T18:49:43+00:00","dateModified":"2025-12-11T22:09:11+00:00","breadcrumb":{"@id":"https:\/\/novascotia.com\/de\/entdecken-sie\/kuste-strande\/#breadcrumb"},"inLanguage":"de","potentialAction":[{"@type":"ReadAction","target":["https:\/\/novascotia.com\/de\/entdecken-sie\/kuste-strande\/"]}]},{"@type":"BreadcrumbList","@id":"https:\/\/novascotia.com\/de\/entdecken-sie\/kuste-strande\/#breadcrumb","itemListElement":[{"@type":"ListItem","position":1,"name":"Home","item":"https:\/\/novascotia.com\/de\/"},{"@type":"ListItem","position":2,"name":"Entdecken Sie","item":"https:\/\/novascotia.com\/de\/entdecken-sie\/"},{"@type":"ListItem","position":3,"name":"K\u00fcste &amp; Str\u00e4nde"}]},{"@type":"WebSite","@id":"https:\/\/novascotia.com\/de\/#website","url":"https:\/\/novascotia.com\/de\/","name":"Tourism Nova Scotia","description":"Plan Your Trip to Nova Scotia","potentialAction":[{"@type":"SearchAction","target":{"@type":"EntryPoint","urlTemplate":"https:\/\/novascotia.com\/de\/?s={search_term_string}"},"query-input":{"@type":"PropertyValueSpecification","valueRequired":true,"valueName":"search_term_string"}}],"inLanguage":"de"}]}},"_links":{"self":[{"href":"https:\/\/novascotia.com\/de\/wp-json\/wp\/v2\/pages\/95102","targetHints":{"allow":["GET"]}}],"collection":[{"href":"https:\/\/novascotia.com\/de\/wp-json\/wp\/v2\/pages"}],"about":[{"href":"https:\/\/novascotia.com\/de\/wp-json\/wp\/v2\/types\/page"}],"author":[{"embeddable":true,"href":"https:\/\/novascotia.com\/de\/wp-json\/wp\/v2\/users\/54"}],"replies":[{"embeddable":true,"href":"https:\/\/novascotia.com\/de\/wp-json\/wp\/v2\/comments?post=95102"}],"version-history":[{"count":2,"href":"https:\/\/novascotia.com\/de\/wp-json\/wp\/v2\/pages\/95102\/revisions"}],"predecessor-version":[{"id":149069,"href":"https:\/\/novascotia.com\/de\/wp-json\/wp\/v2\/pages\/95102\/revisions\/149069"}],"up":[{"embeddable":true,"href":"https:\/\/novascotia.com\/de\/wp-json\/wp\/v2\/pages\/95021"}],"wp:attachment":[{"href":"https:\/\/novascotia.com\/de\/wp-json\/wp\/v2\/media?parent=95102"}],"curies":[{"name":"wp","href":"https:\/\/api.w.org\/{rel}","templated":true}]}}