{"id":95093,"date":"2024-11-19T14:45:44","date_gmt":"2024-11-19T18:45:44","guid":{"rendered":"https:\/\/tns.m5.ca\/?page_id=95093"},"modified":"2024-11-19T14:46:05","modified_gmt":"2024-11-19T18:46:05","slug":"outdoor-abenteuer","status":"publish","type":"page","link":"https:\/\/novascotia.com\/de\/entdecken-sie\/outdoor-abenteuer\/","title":{"rendered":"Outdoor-Abenteuer"},"content":{"rendered":"    <section  class=\"section-banner default no-overlay\">\n                                <picture class=\"bg-image\">\n                                                <img decoding=\"async\" width=\"1920\" height=\"1080\" src=\"https:\/\/novascotia.com\/wp-content\/uploads\/2024\/04\/skyline-trail-sunset-person-1920x1080-67034dc2b7c64.webp\" class=\"attachment-full size-full\" alt=\"Skyline Trail, Cape Breton Highlands National Park\" srcset=\"https:\/\/novascotia.com\/wp-content\/uploads\/2024\/04\/skyline-trail-sunset-person-1920x1080-67034dc2b7c64.webp 1920w, https:\/\/novascotia.com\/wp-content\/uploads\/2024\/04\/skyline-trail-sunset-person-1920x1080-67034dc2b7c64-300x169.webp 300w, https:\/\/novascotia.com\/wp-content\/uploads\/2024\/04\/skyline-trail-sunset-person-1920x1080-67034dc2b7c64-1024x576.webp 1024w, https:\/\/novascotia.com\/wp-content\/uploads\/2024\/04\/skyline-trail-sunset-person-1920x1080-67034dc2b7c64-768x432.webp 768w, https:\/\/novascotia.com\/wp-content\/uploads\/2024\/04\/skyline-trail-sunset-person-1920x1080-67034dc2b7c64-1536x864.webp 1536w\" sizes=\"(max-width: 1920px) 100vw, 1920px\" \/>            <\/picture>\n                            <div class=\"container\">\n                <div class=\"inner-holder\">\n                                            <div class=\"content w-large\">\n                                                            <h1>Outdoor-Abenteuer<\/h1>\n                                                                                <\/div>\n                                    <\/div>\n            <\/div>\n            <\/section>\n<section class=\"section-breadcrumb\">\n    <div class=\"container\">\n    <div class=\"breadcrumbs\" typeof=\"BreadcrumbList\" vocab=\"https:\/\/schema.org\/\">\n            <ul class=\"breadcrumbs-list\">\n            <li class=\"home\"><span property=\"itemListElement\" typeof=\"ListItem\"><a property=\"item\" typeof=\"WebPage\" title=\"Go to Tourism Nova Scotia.\" href=\"https:\/\/novascotia.com\/de\/\" class=\"home\" ><span property=\"name\">Home<\/span><\/a><meta property=\"position\" content=\"1\"><\/span><\/li>\n<li class=\"post-root post post-post\"><span property=\"itemListElement\" typeof=\"ListItem\"><a property=\"item\" typeof=\"WebPage\" title=\"Gehe zu Blog.\" href=\"https:\/\/novascotia.com\/de\/blog\/\" class=\"post-root post post-post\" aria-current=\"page\"><span property=\"name\">Blog<\/span><\/a><meta property=\"position\" content=\"2\"><\/span><\/li>\n        <\/ul>\n    <\/div>\n    <\/div>\n<\/section>\n\n\n\n\n<div style=\"height:100px\" aria-hidden=\"true\" class=\"wp-block-spacer\"><\/div>\n\n\n    <section  class=\"section-text-image\">\n        <div class=\"container\">\n            <div class=\"row left\">\n                                    <div class=\"image-box\">\n                        <figure >\n                            <img decoding=\"async\" width=\"800\" height=\"530\" src=\"https:\/\/novascotia.com\/wp-content\/uploads\/2024\/10\/Canoeing-in-Keji_SM_10_33437.webp\" class=\"attachment-full size-full\" alt=\"\" srcset=\"https:\/\/novascotia.com\/wp-content\/uploads\/2024\/10\/Canoeing-in-Keji_SM_10_33437.webp 800w, https:\/\/novascotia.com\/wp-content\/uploads\/2024\/10\/Canoeing-in-Keji_SM_10_33437-300x199.webp 300w, https:\/\/novascotia.com\/wp-content\/uploads\/2024\/10\/Canoeing-in-Keji_SM_10_33437-768x509.webp 768w, https:\/\/novascotia.com\/wp-content\/uploads\/2024\/10\/Canoeing-in-Keji_SM_10_33437-320x212.webp 320w\" sizes=\"(max-width: 800px) 100vw, 800px\" \/><!-- image -->\n                                                    <\/figure>\n                    <\/div>\n                                                    <div class=\"text-box\">\n                                                <p>F\u00fcr Naturliebhaber h\u00e4lt Nova Scotia ein vielf\u00e4ltiges Angebot an Outdooraktivit\u00e4ten und Sportm\u00f6glichkeiten bereit: Die ausgedehnten K\u00fcstenstriche und Seenlandschaften werden mit dem Kanu oder Kajak erforscht und Wanderer genie\u00dfen die weitl\u00e4ufigen Waldgebiete der beiden Nationalparks &#8211; Kejimkujik Nationalpark im S\u00fcden und Cape Breton Highlands Nationalpark im Norden \u2013 sowie der \u00fcber 120 Provinzparks, in denen man nicht selten Elche und Wei\u00dfkopfseeadler zu sehen bekommt. In K\u00fcstenn\u00e4he kann man auch Ausschau nach Walen halten, die sich hier gerne in den Sommermonaten aufhalten.<\/p>\n                                            <\/div>\n                            <\/div>\n        <\/div>\n    <\/section>\n\n\n    <section  class=\"section-text-image\">\n        <div class=\"container\">\n            <div class=\"row right\">\n                                    <div class=\"image-box\">\n                        <figure >\n                            <img decoding=\"async\" width=\"960\" height=\"540\" src=\"https:\/\/novascotia.com\/wp-content\/uploads\/2024\/11\/kejiseaside-beach-friends-1920x1080-672cddb937c7c.webp\" class=\"attachment-full size-full\" alt=\"Kejimkujik National Park Seaside\" srcset=\"https:\/\/novascotia.com\/wp-content\/uploads\/2024\/11\/kejiseaside-beach-friends-1920x1080-672cddb937c7c.webp 960w, https:\/\/novascotia.com\/wp-content\/uploads\/2024\/11\/kejiseaside-beach-friends-1920x1080-672cddb937c7c-300x169.webp 300w, https:\/\/novascotia.com\/wp-content\/uploads\/2024\/11\/kejiseaside-beach-friends-1920x1080-672cddb937c7c-768x432.webp 768w\" sizes=\"(max-width: 960px) 100vw, 960px\" \/><!-- image -->\n                                                    <\/figure>\n                    <\/div>\n                                                    <div class=\"text-box\">\n                                                <p>Ein besonderer Tipp ist der Kejimkujik Seaside Nationalpark, welcher zum Nationalpark im Landesinneren geh\u00f6rt. Dieses direkt am Atlantik gelegene Naturschutzgebiet bietet traumhafte Str\u00e4nde und aus der Ferne kann man Robben und viele gesch\u00fctzte Vogelarten beobachten, die hier die Ruhe und Unber\u00fchrtheit der Natur genie\u00dfen.<\/p>\n                                            <\/div>\n                            <\/div>\n        <\/div>\n    <\/section>\n\n\n    <section  class=\"section-text-image\">\n        <div class=\"container\">\n            <div class=\"row left\">\n                                    <div class=\"image-box\">\n                        <figure >\n                            <img decoding=\"async\" width=\"1920\" height=\"1080\" src=\"https:\/\/novascotia.com\/wp-content\/uploads\/2024\/11\/tidal-bore-rafting-laughing-1920x1080-6729229d42e7e.webp\" class=\"attachment-full size-full\" alt=\"\" srcset=\"https:\/\/novascotia.com\/wp-content\/uploads\/2024\/11\/tidal-bore-rafting-laughing-1920x1080-6729229d42e7e.webp 1920w, https:\/\/novascotia.com\/wp-content\/uploads\/2024\/11\/tidal-bore-rafting-laughing-1920x1080-6729229d42e7e-300x169.webp 300w, https:\/\/novascotia.com\/wp-content\/uploads\/2024\/11\/tidal-bore-rafting-laughing-1920x1080-6729229d42e7e-1024x576.webp 1024w, https:\/\/novascotia.com\/wp-content\/uploads\/2024\/11\/tidal-bore-rafting-laughing-1920x1080-6729229d42e7e-768x432.webp 768w, https:\/\/novascotia.com\/wp-content\/uploads\/2024\/11\/tidal-bore-rafting-laughing-1920x1080-6729229d42e7e-1536x864.webp 1536w\" sizes=\"(max-width: 1920px) 100vw, 1920px\" \/><!-- image -->\n                                                    <\/figure>\n                    <\/div>\n                                                    <div class=\"text-box\">\n                                                <div class=\"MuiGrid-root body MuiGrid-container MuiGrid-item MuiGrid-justify-xs-center MuiGrid-grid-xs-12\">\n<div>\n<p>Ein wahres Naturwunder, welches man auf einer Rundreise durch Nova Scotia gesehen haben muss, ist die Bay of Fundy. In dieser Bucht wurde der bisher h\u00f6chste Gezeitenwechsel der Welt verzeichnet, mit einem Unterschied zwischen Ebbe und Flut von bis zu 16 Metern.<\/p>\n<p>Das ist nicht nur landschaftlich spektakul\u00e4r, sondern bietet auch Platz f\u00fcr ein ganz besonderes Abenteuer, was man so nur in Nova Scotia erleben kann: Beim Tidal Bore Rafting reiten mutige Abenteurer in einem motorisierten Schlauchboot durch die T\u00e4ler und \u00fcber die K\u00e4mme der Gezeitenwelle, die bei Einsetzen der Flut den Shubenacadie River flussaufw\u00e4rts rollt und die Flie\u00dfrichtung des Flusses umdreht. Die Gezeitenwellen nehmen eine H\u00f6he von ein bis f\u00fcnf Metern an und versprechen ein feuchtfr\u00f6hliches Abenteuer von Mai bis Oktober.<\/p>\n<\/div>\n<\/div>\n                                            <\/div>\n                            <\/div>\n        <\/div>\n    <\/section>\n","protected":false},"excerpt":{"rendered":"","protected":false},"author":54,"featured_media":0,"parent":95021,"menu_order":0,"comment_status":"closed","ping_status":"closed","template":"","meta":{"_acf_changed":false,"_searchwp_excluded":"","footnotes":""},"class_list":["post-95093","page","type-page","status-publish","hentry"],"acf":[],"yoast_head":"<!-- This site is optimized with the Yoast SEO plugin v27.5 - https:\/\/yoast.com\/product\/yoast-seo-wordpress\/ -->\n<title>Outdoor-Abenteuer - Tourism Nova Scotia<\/title>\n<meta name=\"robots\" content=\"index, follow, max-snippet:-1, max-image-preview:large, max-video-preview:-1\" \/>\n<link rel=\"canonical\" href=\"https:\/\/novascotia.com\/de\/entdecken-sie\/outdoor-abenteuer\/\" \/>\n<meta property=\"og:locale\" content=\"de_DE\" \/>\n<meta property=\"og:type\" content=\"article\" \/>\n<meta property=\"og:title\" content=\"Outdoor-Abenteuer - Tourism Nova Scotia\" \/>\n<meta property=\"og:url\" content=\"https:\/\/novascotia.com\/de\/entdecken-sie\/outdoor-abenteuer\/\" \/>\n<meta property=\"og:site_name\" content=\"Tourism Nova Scotia\" \/>\n<meta property=\"article:publisher\" content=\"https:\/\/www.facebook.com\/novascotia\" \/>\n<meta property=\"article:modified_time\" content=\"2024-11-19T18:46:05+00:00\" \/>\n<meta name=\"twitter:card\" content=\"summary_large_image\" \/>\n<meta name=\"twitter:site\" content=\"@VisitNovaScotia\" \/>\n<script type=\"application\/ld+json\" class=\"yoast-schema-graph\">{\"@context\":\"https:\\\/\\\/schema.org\",\"@graph\":[{\"@type\":\"WebPage\",\"@id\":\"https:\\\/\\\/novascotia.com\\\/de\\\/entdecken-sie\\\/outdoor-abenteuer\\\/\",\"url\":\"https:\\\/\\\/novascotia.com\\\/de\\\/entdecken-sie\\\/outdoor-abenteuer\\\/\",\"name\":\"Outdoor-Abenteuer - Tourism Nova Scotia\",\"isPartOf\":{\"@id\":\"https:\\\/\\\/novascotia.com\\\/de\\\/#website\"},\"datePublished\":\"2024-11-19T18:45:44+00:00\",\"dateModified\":\"2024-11-19T18:46:05+00:00\",\"breadcrumb\":{\"@id\":\"https:\\\/\\\/novascotia.com\\\/de\\\/entdecken-sie\\\/outdoor-abenteuer\\\/#breadcrumb\"},\"inLanguage\":\"de\",\"potentialAction\":[{\"@type\":\"ReadAction\",\"target\":[\"https:\\\/\\\/novascotia.com\\\/de\\\/entdecken-sie\\\/outdoor-abenteuer\\\/\"]}]},{\"@type\":\"BreadcrumbList\",\"@id\":\"https:\\\/\\\/novascotia.com\\\/de\\\/entdecken-sie\\\/outdoor-abenteuer\\\/#breadcrumb\",\"itemListElement\":[{\"@type\":\"ListItem\",\"position\":1,\"name\":\"Home\",\"item\":\"https:\\\/\\\/novascotia.com\\\/de\\\/\"},{\"@type\":\"ListItem\",\"position\":2,\"name\":\"Entdecken Sie\",\"item\":\"https:\\\/\\\/novascotia.com\\\/de\\\/entdecken-sie\\\/\"},{\"@type\":\"ListItem\",\"position\":3,\"name\":\"Outdoor-Abenteuer\"}]},{\"@type\":\"WebSite\",\"@id\":\"https:\\\/\\\/novascotia.com\\\/de\\\/#website\",\"url\":\"https:\\\/\\\/novascotia.com\\\/de\\\/\",\"name\":\"Tourism Nova Scotia\",\"description\":\"Plan Your Trip to Nova Scotia\",\"potentialAction\":[{\"@type\":\"SearchAction\",\"target\":{\"@type\":\"EntryPoint\",\"urlTemplate\":\"https:\\\/\\\/novascotia.com\\\/de\\\/?s={search_term_string}\"},\"query-input\":{\"@type\":\"PropertyValueSpecification\",\"valueRequired\":true,\"valueName\":\"search_term_string\"}}],\"inLanguage\":\"de\"}]}<\/script>\n<!-- \/ Yoast SEO plugin. -->","yoast_head_json":{"title":"Outdoor-Abenteuer - Tourism Nova Scotia","robots":{"index":"index","follow":"follow","max-snippet":"max-snippet:-1","max-image-preview":"max-image-preview:large","max-video-preview":"max-video-preview:-1"},"canonical":"https:\/\/novascotia.com\/de\/entdecken-sie\/outdoor-abenteuer\/","og_locale":"de_DE","og_type":"article","og_title":"Outdoor-Abenteuer - Tourism Nova Scotia","og_url":"https:\/\/novascotia.com\/de\/entdecken-sie\/outdoor-abenteuer\/","og_site_name":"Tourism Nova Scotia","article_publisher":"https:\/\/www.facebook.com\/novascotia","article_modified_time":"2024-11-19T18:46:05+00:00","twitter_card":"summary_large_image","twitter_site":"@VisitNovaScotia","schema":{"@context":"https:\/\/schema.org","@graph":[{"@type":"WebPage","@id":"https:\/\/novascotia.com\/de\/entdecken-sie\/outdoor-abenteuer\/","url":"https:\/\/novascotia.com\/de\/entdecken-sie\/outdoor-abenteuer\/","name":"Outdoor-Abenteuer - Tourism Nova Scotia","isPartOf":{"@id":"https:\/\/novascotia.com\/de\/#website"},"datePublished":"2024-11-19T18:45:44+00:00","dateModified":"2024-11-19T18:46:05+00:00","breadcrumb":{"@id":"https:\/\/novascotia.com\/de\/entdecken-sie\/outdoor-abenteuer\/#breadcrumb"},"inLanguage":"de","potentialAction":[{"@type":"ReadAction","target":["https:\/\/novascotia.com\/de\/entdecken-sie\/outdoor-abenteuer\/"]}]},{"@type":"BreadcrumbList","@id":"https:\/\/novascotia.com\/de\/entdecken-sie\/outdoor-abenteuer\/#breadcrumb","itemListElement":[{"@type":"ListItem","position":1,"name":"Home","item":"https:\/\/novascotia.com\/de\/"},{"@type":"ListItem","position":2,"name":"Entdecken Sie","item":"https:\/\/novascotia.com\/de\/entdecken-sie\/"},{"@type":"ListItem","position":3,"name":"Outdoor-Abenteuer"}]},{"@type":"WebSite","@id":"https:\/\/novascotia.com\/de\/#website","url":"https:\/\/novascotia.com\/de\/","name":"Tourism Nova Scotia","description":"Plan Your Trip to Nova Scotia","potentialAction":[{"@type":"SearchAction","target":{"@type":"EntryPoint","urlTemplate":"https:\/\/novascotia.com\/de\/?s={search_term_string}"},"query-input":{"@type":"PropertyValueSpecification","valueRequired":true,"valueName":"search_term_string"}}],"inLanguage":"de"}]}},"_links":{"self":[{"href":"https:\/\/novascotia.com\/de\/wp-json\/wp\/v2\/pages\/95093","targetHints":{"allow":["GET"]}}],"collection":[{"href":"https:\/\/novascotia.com\/de\/wp-json\/wp\/v2\/pages"}],"about":[{"href":"https:\/\/novascotia.com\/de\/wp-json\/wp\/v2\/types\/page"}],"author":[{"embeddable":true,"href":"https:\/\/novascotia.com\/de\/wp-json\/wp\/v2\/users\/54"}],"replies":[{"embeddable":true,"href":"https:\/\/novascotia.com\/de\/wp-json\/wp\/v2\/comments?post=95093"}],"version-history":[{"count":0,"href":"https:\/\/novascotia.com\/de\/wp-json\/wp\/v2\/pages\/95093\/revisions"}],"up":[{"embeddable":true,"href":"https:\/\/novascotia.com\/de\/wp-json\/wp\/v2\/pages\/95021"}],"wp:attachment":[{"href":"https:\/\/novascotia.com\/de\/wp-json\/wp\/v2\/media?parent=95093"}],"curies":[{"name":"wp","href":"https:\/\/api.w.org\/{rel}","templated":true}]}}