{"id":95079,"date":"2024-11-19T14:42:39","date_gmt":"2024-11-19T18:42:39","guid":{"rendered":"https:\/\/tns.m5.ca\/?page_id=95079"},"modified":"2025-12-11T17:59:54","modified_gmt":"2025-12-11T21:59:54","slug":"staedte-ortschaften","status":"publish","type":"page","link":"https:\/\/novascotia.com\/de\/entdecken-sie\/staedte-ortschaften\/","title":{"rendered":"St\u00e4dte &amp; Ortschaften"},"content":{"rendered":"    <section  class=\"section-banner default no-overlay\">\n                                <picture class=\"bg-image\">\n                                                <img decoding=\"async\" width=\"1920\" height=\"1080\" src=\"https:\/\/novascotia.com\/wp-content\/uploads\/2024\/11\/halifax-waterfront-couple-sailboat-1920x1080-672cd2460ed75.webp\" class=\"attachment-full size-full\" alt=\"A couple sit in chairs along the Halifax Waterfront watching a sail boat sail by\" srcset=\"https:\/\/novascotia.com\/wp-content\/uploads\/2024\/11\/halifax-waterfront-couple-sailboat-1920x1080-672cd2460ed75.webp 1920w, https:\/\/novascotia.com\/wp-content\/uploads\/2024\/11\/halifax-waterfront-couple-sailboat-1920x1080-672cd2460ed75-300x169.webp 300w, https:\/\/novascotia.com\/wp-content\/uploads\/2024\/11\/halifax-waterfront-couple-sailboat-1920x1080-672cd2460ed75-1024x576.webp 1024w, https:\/\/novascotia.com\/wp-content\/uploads\/2024\/11\/halifax-waterfront-couple-sailboat-1920x1080-672cd2460ed75-768x432.webp 768w, https:\/\/novascotia.com\/wp-content\/uploads\/2024\/11\/halifax-waterfront-couple-sailboat-1920x1080-672cd2460ed75-1536x864.webp 1536w\" sizes=\"(max-width: 1920px) 100vw, 1920px\" \/>            <\/picture>\n                            <div class=\"container\">\n                <div class=\"inner-holder\">\n                                            <div class=\"content w-large\">\n                                                            <h1>St\u00e4dte &amp; Ortschaften<\/h1>\n                                                        <p>Die Provinz Nova Scotia ist bekannt f\u00fcr ihre charmanten St\u00e4dte und malerischen Ortschaften. Von der historischen Hafenstadt Halifax \u00fcber das farbenfrohe Lunenburg, ein UNESCO-Weltkulturerbe, bis hin zu den idyllischen Fischerd\u00f6rfern entlang des Cabot Trail \u2013 jede Gemeinde erz\u00e4hlt ihre eigene Geschichte. <\/p>\n                        <\/div>\n                                    <\/div>\n            <\/div>\n            <\/section>\n<section class=\"section-breadcrumb\">\n    <div class=\"container\">\n    <div class=\"breadcrumbs\" typeof=\"BreadcrumbList\" vocab=\"https:\/\/schema.org\/\">\n            <ul class=\"breadcrumbs-list\">\n            <li class=\"home\"><span property=\"itemListElement\" typeof=\"ListItem\"><a property=\"item\" typeof=\"WebPage\" title=\"Go to Tourism Nova Scotia.\" href=\"https:\/\/novascotia.com\/de\/\" class=\"home\" ><span property=\"name\">Home<\/span><\/a><meta property=\"position\" content=\"1\"><\/span><\/li>\n<li class=\"post-root post post-post\"><span property=\"itemListElement\" typeof=\"ListItem\"><a property=\"item\" typeof=\"WebPage\" title=\"Gehe zu Blog.\" href=\"https:\/\/novascotia.com\/de\/blog\/\" class=\"post-root post post-post\" aria-current=\"page\"><span property=\"name\">Blog<\/span><\/a><meta property=\"position\" content=\"2\"><\/span><\/li>\n        <\/ul>\n    <\/div>\n    <\/div>\n<\/section>\n\n\n\n\n<div style=\"height:100px\" aria-hidden=\"true\" class=\"wp-block-spacer\"><\/div>\n\n\n    <section  class=\"section-text-image\">\n        <div class=\"container\">\n            <div class=\"row left\">\n                                    <div class=\"image-box\">\n                        <figure >\n                            <img decoding=\"async\" width=\"2000\" height=\"1333\" src=\"https:\/\/novascotia.com\/wp-content\/uploads\/2025\/12\/010-3-5169_tif.jpg\" class=\"attachment-full size-full\" alt=\"peggy&#039;s cove colorful fishing village\" srcset=\"https:\/\/novascotia.com\/wp-content\/uploads\/2025\/12\/010-3-5169_tif.jpg 2000w, https:\/\/novascotia.com\/wp-content\/uploads\/2025\/12\/010-3-5169_tif-300x200.jpg 300w, https:\/\/novascotia.com\/wp-content\/uploads\/2025\/12\/010-3-5169_tif-1024x682.jpg 1024w, https:\/\/novascotia.com\/wp-content\/uploads\/2025\/12\/010-3-5169_tif-768x512.jpg 768w, https:\/\/novascotia.com\/wp-content\/uploads\/2025\/12\/010-3-5169_tif-1536x1024.jpg 1536w, https:\/\/novascotia.com\/wp-content\/uploads\/2025\/12\/010-3-5169_tif-320x212.jpg 320w\" sizes=\"(max-width: 2000px) 100vw, 2000px\" \/><!-- image -->\n                                                    <\/figure>\n                    <\/div>\n                                                    <div class=\"text-box\">\n                                                <p>Die Mischung aus maritimem Flair, kultureller Vielfalt und nat\u00fcrlicher Sch\u00f6nheit macht Nova Scotias St\u00e4dte und D\u00f6rfer zu einem unvergleichlichen Erlebnis. Entdecken Sie lebendige M\u00e4rkte, historische St\u00e4tten und die herzliche Gastfreundschaft, die diese Provinz so einzigartig macht.<\/p>\n<p>Bekannt ist Nova Scotia f\u00fcr seine unz\u00e4hligen Leuchtt\u00fcrme und Fischerd\u00f6rfchen, die der Provinz einen ganz besonders gem\u00fctlichen Charme verleihen. Am bekanntesten sind hier wohl Peggy\u2019s Cove mit dem ber\u00fchmten Leuchtturm und Lunenburg mit seinen kunterbunten H\u00e4userfassaden.<\/p>\n                                            <\/div>\n                            <\/div>\n        <\/div>\n    <\/section>\n\n\n    <section  class=\"section-text-image\">\n        <div class=\"container\">\n            <div class=\"row right\">\n                                    <div class=\"image-box\">\n                        <figure >\n                            <img decoding=\"async\" width=\"2000\" height=\"1500\" src=\"https:\/\/novascotia.com\/wp-content\/uploads\/2024\/11\/Halifax-Citadel.tif-2.webp\" class=\"attachment-full size-full\" alt=\"Ariel view of down town halifax\" srcset=\"https:\/\/novascotia.com\/wp-content\/uploads\/2024\/11\/Halifax-Citadel.tif-2.webp 2000w, https:\/\/novascotia.com\/wp-content\/uploads\/2024\/11\/Halifax-Citadel.tif-2-300x225.webp 300w, https:\/\/novascotia.com\/wp-content\/uploads\/2024\/11\/Halifax-Citadel.tif-2-1024x768.webp 1024w, https:\/\/novascotia.com\/wp-content\/uploads\/2024\/11\/Halifax-Citadel.tif-2-768x576.webp 768w, https:\/\/novascotia.com\/wp-content\/uploads\/2024\/11\/Halifax-Citadel.tif-2-1536x1152.webp 1536w\" sizes=\"(max-width: 2000px) 100vw, 2000px\" \/><!-- image -->\n                                                    <\/figure>\n                    <\/div>\n                                                    <div class=\"text-box\">\n                                                <div class=\"MuiGrid-root body MuiGrid-container MuiGrid-item MuiGrid-justify-xs-center MuiGrid-grid-xs-12\">\n<div>\n<p>Hauptstadt und gleichzeitig gr\u00f6\u00dfte Stadt der Provinz ist Halifax. Die Stadt mischt geschickt die Vergangenheit mit der Gegenwart, wodurch eine Skyline entstanden ist, die die Architektur des 18. und 19. Jahrhunderts mit modernen Bauten aus Stahl und Glas vereint. Tag und Nacht pulsiert das Stadtzentrum mit dem Rhythmus lokaler Musik und dem Leben, das eine kosmopolitische Gro\u00dfstadt charakterisiert \u2013 denn Halifax ist auch Heimat mehrerer Universit\u00e4ten und entsprechend pr\u00e4gen auch Studenten das Stadtbild.<\/p>\n<p>Das Herz von Halifax eignet sich mit seinen baumbestandenen Stra\u00dfen, Restaurants, Galerien, Bibliotheken und Museen perfekt, um es zu Fu\u00df zu erkunden. Einladende Stra\u00dfencaf\u00e9s verf\u00fchren dazu, einige Stunden inmitten von Parks in historischer Umgebung zu verbringen, immer mit dem gesch\u00e4ftigen Hafen im Hintergrund, wo Schiffe aus allen Teilen der Welt abgefertigt werden und der gleichzeitig auch Heimat des \u201eMaritime Museum of the Atlantic\u201c ist, in dem der Besucher neben 20.000 Exponaten rund um die Geschichte der Seefahrt auch Fundst\u00fccke der versunkenen Titanic findet.<\/p>\n<p>Einen \u00dcberblick \u00fcber alle St\u00e4dte, Orte und Gemeinden finden Sie sehr ausf\u00fchrlich in <strong><a href=\"https:\/\/novascotia.com\/travel-info\/travel-guide\" target=\"_blank\" rel=\"noopener\">unserem digitalen Reiseplaner<\/a><\/strong>, der Ihnen gleichzeitig auch noch viele Tipps f\u00fcr die jeweiligen Regionen gibt und somit einem abwechslungsreichen Urlaub nichts im Wege stehen l\u00e4sst.<\/p>\n<\/div>\n<\/div>\n                                            <\/div>\n                            <\/div>\n        <\/div>\n    <\/section>\n","protected":false},"excerpt":{"rendered":"","protected":false},"author":54,"featured_media":0,"parent":95021,"menu_order":0,"comment_status":"closed","ping_status":"closed","template":"","meta":{"_acf_changed":false,"_searchwp_excluded":"","footnotes":""},"class_list":["post-95079","page","type-page","status-publish","hentry"],"acf":[],"yoast_head":"<!-- This site is optimized with the Yoast SEO plugin v27.5 - https:\/\/yoast.com\/product\/yoast-seo-wordpress\/ -->\n<title>St\u00e4dte &amp; Ortschaften - Tourism Nova Scotia<\/title>\n<meta name=\"robots\" content=\"index, follow, max-snippet:-1, max-image-preview:large, max-video-preview:-1\" \/>\n<link rel=\"canonical\" href=\"https:\/\/novascotia.com\/de\/entdecken-sie\/staedte-ortschaften\/\" \/>\n<meta property=\"og:locale\" content=\"de_DE\" \/>\n<meta property=\"og:type\" content=\"article\" \/>\n<meta property=\"og:title\" content=\"St\u00e4dte &amp; Ortschaften - Tourism Nova Scotia\" \/>\n<meta property=\"og:url\" content=\"https:\/\/novascotia.com\/de\/entdecken-sie\/staedte-ortschaften\/\" \/>\n<meta property=\"og:site_name\" content=\"Tourism Nova Scotia\" \/>\n<meta property=\"article:publisher\" content=\"https:\/\/www.facebook.com\/novascotia\" \/>\n<meta property=\"article:modified_time\" content=\"2025-12-11T21:59:54+00:00\" \/>\n<meta name=\"twitter:card\" content=\"summary_large_image\" \/>\n<meta name=\"twitter:site\" content=\"@VisitNovaScotia\" \/>\n<script type=\"application\/ld+json\" class=\"yoast-schema-graph\">{\"@context\":\"https:\\\/\\\/schema.org\",\"@graph\":[{\"@type\":\"WebPage\",\"@id\":\"https:\\\/\\\/novascotia.com\\\/de\\\/entdecken-sie\\\/staedte-ortschaften\\\/\",\"url\":\"https:\\\/\\\/novascotia.com\\\/de\\\/entdecken-sie\\\/staedte-ortschaften\\\/\",\"name\":\"St\u00e4dte &amp; Ortschaften - Tourism Nova Scotia\",\"isPartOf\":{\"@id\":\"https:\\\/\\\/novascotia.com\\\/de\\\/#website\"},\"datePublished\":\"2024-11-19T18:42:39+00:00\",\"dateModified\":\"2025-12-11T21:59:54+00:00\",\"breadcrumb\":{\"@id\":\"https:\\\/\\\/novascotia.com\\\/de\\\/entdecken-sie\\\/staedte-ortschaften\\\/#breadcrumb\"},\"inLanguage\":\"de\",\"potentialAction\":[{\"@type\":\"ReadAction\",\"target\":[\"https:\\\/\\\/novascotia.com\\\/de\\\/entdecken-sie\\\/staedte-ortschaften\\\/\"]}]},{\"@type\":\"BreadcrumbList\",\"@id\":\"https:\\\/\\\/novascotia.com\\\/de\\\/entdecken-sie\\\/staedte-ortschaften\\\/#breadcrumb\",\"itemListElement\":[{\"@type\":\"ListItem\",\"position\":1,\"name\":\"Home\",\"item\":\"https:\\\/\\\/novascotia.com\\\/de\\\/\"},{\"@type\":\"ListItem\",\"position\":2,\"name\":\"Entdecken Sie\",\"item\":\"https:\\\/\\\/novascotia.com\\\/de\\\/entdecken-sie\\\/\"},{\"@type\":\"ListItem\",\"position\":3,\"name\":\"St\u00e4dte &amp; Ortschaften\"}]},{\"@type\":\"WebSite\",\"@id\":\"https:\\\/\\\/novascotia.com\\\/de\\\/#website\",\"url\":\"https:\\\/\\\/novascotia.com\\\/de\\\/\",\"name\":\"Tourism Nova Scotia\",\"description\":\"Plan Your Trip to Nova Scotia\",\"potentialAction\":[{\"@type\":\"SearchAction\",\"target\":{\"@type\":\"EntryPoint\",\"urlTemplate\":\"https:\\\/\\\/novascotia.com\\\/de\\\/?s={search_term_string}\"},\"query-input\":{\"@type\":\"PropertyValueSpecification\",\"valueRequired\":true,\"valueName\":\"search_term_string\"}}],\"inLanguage\":\"de\"}]}<\/script>\n<!-- \/ Yoast SEO plugin. -->","yoast_head_json":{"title":"St\u00e4dte &amp; Ortschaften - Tourism Nova Scotia","robots":{"index":"index","follow":"follow","max-snippet":"max-snippet:-1","max-image-preview":"max-image-preview:large","max-video-preview":"max-video-preview:-1"},"canonical":"https:\/\/novascotia.com\/de\/entdecken-sie\/staedte-ortschaften\/","og_locale":"de_DE","og_type":"article","og_title":"St\u00e4dte &amp; Ortschaften - Tourism Nova Scotia","og_url":"https:\/\/novascotia.com\/de\/entdecken-sie\/staedte-ortschaften\/","og_site_name":"Tourism Nova Scotia","article_publisher":"https:\/\/www.facebook.com\/novascotia","article_modified_time":"2025-12-11T21:59:54+00:00","twitter_card":"summary_large_image","twitter_site":"@VisitNovaScotia","schema":{"@context":"https:\/\/schema.org","@graph":[{"@type":"WebPage","@id":"https:\/\/novascotia.com\/de\/entdecken-sie\/staedte-ortschaften\/","url":"https:\/\/novascotia.com\/de\/entdecken-sie\/staedte-ortschaften\/","name":"St\u00e4dte &amp; Ortschaften - Tourism Nova Scotia","isPartOf":{"@id":"https:\/\/novascotia.com\/de\/#website"},"datePublished":"2024-11-19T18:42:39+00:00","dateModified":"2025-12-11T21:59:54+00:00","breadcrumb":{"@id":"https:\/\/novascotia.com\/de\/entdecken-sie\/staedte-ortschaften\/#breadcrumb"},"inLanguage":"de","potentialAction":[{"@type":"ReadAction","target":["https:\/\/novascotia.com\/de\/entdecken-sie\/staedte-ortschaften\/"]}]},{"@type":"BreadcrumbList","@id":"https:\/\/novascotia.com\/de\/entdecken-sie\/staedte-ortschaften\/#breadcrumb","itemListElement":[{"@type":"ListItem","position":1,"name":"Home","item":"https:\/\/novascotia.com\/de\/"},{"@type":"ListItem","position":2,"name":"Entdecken Sie","item":"https:\/\/novascotia.com\/de\/entdecken-sie\/"},{"@type":"ListItem","position":3,"name":"St\u00e4dte &amp; Ortschaften"}]},{"@type":"WebSite","@id":"https:\/\/novascotia.com\/de\/#website","url":"https:\/\/novascotia.com\/de\/","name":"Tourism Nova Scotia","description":"Plan Your Trip to Nova Scotia","potentialAction":[{"@type":"SearchAction","target":{"@type":"EntryPoint","urlTemplate":"https:\/\/novascotia.com\/de\/?s={search_term_string}"},"query-input":{"@type":"PropertyValueSpecification","valueRequired":true,"valueName":"search_term_string"}}],"inLanguage":"de"}]}},"_links":{"self":[{"href":"https:\/\/novascotia.com\/de\/wp-json\/wp\/v2\/pages\/95079","targetHints":{"allow":["GET"]}}],"collection":[{"href":"https:\/\/novascotia.com\/de\/wp-json\/wp\/v2\/pages"}],"about":[{"href":"https:\/\/novascotia.com\/de\/wp-json\/wp\/v2\/types\/page"}],"author":[{"embeddable":true,"href":"https:\/\/novascotia.com\/de\/wp-json\/wp\/v2\/users\/54"}],"replies":[{"embeddable":true,"href":"https:\/\/novascotia.com\/de\/wp-json\/wp\/v2\/comments?post=95079"}],"version-history":[{"count":2,"href":"https:\/\/novascotia.com\/de\/wp-json\/wp\/v2\/pages\/95079\/revisions"}],"predecessor-version":[{"id":149065,"href":"https:\/\/novascotia.com\/de\/wp-json\/wp\/v2\/pages\/95079\/revisions\/149065"}],"up":[{"embeddable":true,"href":"https:\/\/novascotia.com\/de\/wp-json\/wp\/v2\/pages\/95021"}],"wp:attachment":[{"href":"https:\/\/novascotia.com\/de\/wp-json\/wp\/v2\/media?parent=95079"}],"curies":[{"name":"wp","href":"https:\/\/api.w.org\/{rel}","templated":true}]}}