{"id":95076,"date":"2024-11-19T14:34:14","date_gmt":"2024-11-19T18:34:14","guid":{"rendered":"https:\/\/tns.m5.ca\/?page_id=95076"},"modified":"2024-12-03T08:56:10","modified_gmt":"2024-12-03T12:56:10","slug":"kultur-und-geschichte","status":"publish","type":"page","link":"https:\/\/novascotia.com\/de\/entdecken-sie\/kultur-und-geschichte\/","title":{"rendered":"Kultur und Geschichte"},"content":{"rendered":"    <section  class=\"section-banner default no-overlay\">\n                                <picture class=\"bg-image\">\n                                                <img decoding=\"async\" width=\"1920\" height=\"1080\" src=\"https:\/\/novascotia.com\/wp-content\/uploads\/2024\/11\/fortress-of-louisbourg-1920x1080-672909d2176e4.webp\" class=\"attachment-full size-full\" alt=\"\" srcset=\"https:\/\/novascotia.com\/wp-content\/uploads\/2024\/11\/fortress-of-louisbourg-1920x1080-672909d2176e4.webp 1920w, https:\/\/novascotia.com\/wp-content\/uploads\/2024\/11\/fortress-of-louisbourg-1920x1080-672909d2176e4-300x169.webp 300w, https:\/\/novascotia.com\/wp-content\/uploads\/2024\/11\/fortress-of-louisbourg-1920x1080-672909d2176e4-1024x576.webp 1024w, https:\/\/novascotia.com\/wp-content\/uploads\/2024\/11\/fortress-of-louisbourg-1920x1080-672909d2176e4-768x432.webp 768w, https:\/\/novascotia.com\/wp-content\/uploads\/2024\/11\/fortress-of-louisbourg-1920x1080-672909d2176e4-1536x864.webp 1536w\" sizes=\"(max-width: 1920px) 100vw, 1920px\" \/>            <\/picture>\n                            <div class=\"container\">\n                <div class=\"inner-holder\">\n                                            <div class=\"content w-large\">\n                                                            <h1>Kultur und Geschichte<\/h1>\n                                                        <p>Wir sind stolz darauf, das zu bewahren, was unsere vielf\u00e4ltigen historischen kultur und geschichte einzigartig und faszinierend macht. Die Traditionen unserer Mi\u2019kmaq und Einfl\u00fcsse von Akadiern, Afrikanern, G\u00e4len und Nova Scotians sind im Alltag lebendig. Erleben Sie auf Ihrer Reise durch Nova Scotia, wie die tiefen Wurzeln unserer Gr\u00fcnder unsere Gegenwart und Zukunft pr\u00e4gen.<\/p>\n                        <\/div>\n                                    <\/div>\n            <\/div>\n            <\/section>\n<section class=\"section-breadcrumb\">\n    <div class=\"container\">\n    <div class=\"breadcrumbs\" typeof=\"BreadcrumbList\" vocab=\"https:\/\/schema.org\/\">\n            <ul class=\"breadcrumbs-list\">\n            <li class=\"home\"><span property=\"itemListElement\" typeof=\"ListItem\"><a property=\"item\" typeof=\"WebPage\" title=\"Go to Tourism Nova Scotia.\" href=\"https:\/\/novascotia.com\/de\/\" class=\"home\" ><span property=\"name\">Home<\/span><\/a><meta property=\"position\" content=\"1\"><\/span><\/li>\n<li class=\"post-root post post-post\"><span property=\"itemListElement\" typeof=\"ListItem\"><a property=\"item\" typeof=\"WebPage\" title=\"Gehe zu Blog.\" href=\"https:\/\/novascotia.com\/de\/blog\/\" class=\"post-root post post-post\" aria-current=\"page\"><span property=\"name\">Blog<\/span><\/a><meta property=\"position\" content=\"2\"><\/span><\/li>\n        <\/ul>\n    <\/div>\n    <\/div>\n<\/section>\n\n\n\n\n<div style=\"height:100px\" aria-hidden=\"true\" class=\"wp-block-spacer\"><\/div>\n\n\n    <section  class=\"section-text-image\">\n        <div class=\"container\">\n            <div class=\"row left\">\n                                    <div class=\"image-box\">\n                        <figure >\n                            <img decoding=\"async\" width=\"1920\" height=\"1080\" src=\"https:\/\/novascotia.com\/wp-content\/uploads\/2024\/10\/cabot-trail-1920x1080-6703d501d038f.webp\" class=\"attachment-full size-full\" alt=\"Cabot Trail\" srcset=\"https:\/\/novascotia.com\/wp-content\/uploads\/2024\/10\/cabot-trail-1920x1080-6703d501d038f.webp 1920w, https:\/\/novascotia.com\/wp-content\/uploads\/2024\/10\/cabot-trail-1920x1080-6703d501d038f-300x169.webp 300w, https:\/\/novascotia.com\/wp-content\/uploads\/2024\/10\/cabot-trail-1920x1080-6703d501d038f-1024x576.webp 1024w, https:\/\/novascotia.com\/wp-content\/uploads\/2024\/10\/cabot-trail-1920x1080-6703d501d038f-768x432.webp 768w, https:\/\/novascotia.com\/wp-content\/uploads\/2024\/10\/cabot-trail-1920x1080-6703d501d038f-1536x864.webp 1536w\" sizes=\"(max-width: 1920px) 100vw, 1920px\" \/><!-- image -->\n                                                    <\/figure>\n                    <\/div>\n                                                    <div class=\"text-box\">\n                                                <div class=\"MuiGrid-root body MuiGrid-container MuiGrid-item MuiGrid-justify-xs-center MuiGrid-grid-xs-12\">\n<div>\n<p>Das Volk der Mi&#8217;kmaq ist auf dieser zerkl\u00fcfteten, vom Meer durchzogenen Halbinsel zuhause. Ihre Kunst, Musik, Sprache und Spiritualit\u00e4t sind nur einen Trommelschlag entfernt.<\/p>\n<p>Aber auch die Kultur der Akadier ist tief in Nova Scotia verwurzelt, als Erbe der unerschrockenen franz\u00f6sischen Siedler, die im siebzehnten Jahrhundert zum ersten Mal nach Nova Scotia kamen und sich dort niederlie\u00dfen. Den Franzosen folgten, nicht immer in harmonischer Koexistenz, die Briten, die Zehntausende von g\u00e4lischsprachigen Siedlern aus Irland und Schottland mitbrachten.<\/p>\n<p>Die &#8222;New England Planters&#8220;, die schwarzen Loyalisten, die nach dem Unabh\u00e4ngigkeitskrieg die Vereinigten Staaten von Amerika verlie\u00dfen, und die Maroons aus Jamaika &#8211; sie alle tragen bis heute zur einzigartigen Identit\u00e4t und zum Charakter von Nova Scotia bei.<\/p>\n<p>\u00dcberall in Nova Scotia gibt es K\u00fcnstler, die einzigartige Kunstwerke herstellen, die von unserer Geschichte, Kultur und Landschaft inspiriert sind. Entlang des Cabot Trail gibt es etablierte Kunsthandwerker, die bekannt sind f\u00fcr T\u00f6pferei oder Fotografie, f\u00fcr Werke aus Silber, Glas und Holz &#8211; und nat\u00fcrlich darf hier auch der klassische \u201cKiltmaker\u201d nicht fehlen. Die South Shore ist bekannt f\u00fcr Handgefertigtes aus Zinn, T\u00f6pferei, Teppiche und Glasmalerei.<\/p>\n<p>Unsere Kultur ist in unserem t\u00e4glichen Leben verwurzelt. Sie ist auch Teil unserer Theaterst\u00fccke, unserer Filme, unserer Musik und unserer Kunstwerke.<\/p>\n<\/div>\n<\/div>\n                                            <\/div>\n                            <\/div>\n        <\/div>\n    <\/section>\n\n\n    <section  class=\"section-text-image\">\n        <div class=\"container\">\n            <div class=\"row right\">\n                                    <div class=\"image-box\">\n                        <figure >\n                            <img decoding=\"async\" width=\"1920\" height=\"1080\" src=\"https:\/\/novascotia.com\/wp-content\/uploads\/2024\/10\/lunenburg-skyline-sunset-1920x1080-672127c8216fe.webp\" class=\"attachment-full size-full\" alt=\"View of the Lunenburg Waterfront with colorful buildings and sailboats in the harbor.\" srcset=\"https:\/\/novascotia.com\/wp-content\/uploads\/2024\/10\/lunenburg-skyline-sunset-1920x1080-672127c8216fe.webp 1920w, https:\/\/novascotia.com\/wp-content\/uploads\/2024\/10\/lunenburg-skyline-sunset-1920x1080-672127c8216fe-300x169.webp 300w, https:\/\/novascotia.com\/wp-content\/uploads\/2024\/10\/lunenburg-skyline-sunset-1920x1080-672127c8216fe-1024x576.webp 1024w, https:\/\/novascotia.com\/wp-content\/uploads\/2024\/10\/lunenburg-skyline-sunset-1920x1080-672127c8216fe-768x432.webp 768w, https:\/\/novascotia.com\/wp-content\/uploads\/2024\/10\/lunenburg-skyline-sunset-1920x1080-672127c8216fe-1536x864.webp 1536w\" sizes=\"(max-width: 1920px) 100vw, 1920px\" \/><!-- image -->\n                                                    <\/figure>\n                    <\/div>\n                                                    <div class=\"text-box\">\n                                                <p>Auch deutsche Einfl\u00fcsse pr\u00e4gen die Region. Im S\u00fcden der Provinz gibt es beispielsweise ein East Berlin und ein West Berlin. Einer der bekanntesten Orte Nova Scotias \u2013 Lunenburg \u2013 wurde von deutschen Auswanderern mitbegr\u00fcndet und an einigen H\u00e4usern sind dort noch heute deutsche Inschriften zu sehen.<\/p>\n                                            <\/div>\n                            <\/div>\n        <\/div>\n    <\/section>\n","protected":false},"excerpt":{"rendered":"","protected":false},"author":54,"featured_media":0,"parent":95021,"menu_order":0,"comment_status":"closed","ping_status":"closed","template":"","meta":{"_acf_changed":false,"_searchwp_excluded":"","footnotes":""},"class_list":["post-95076","page","type-page","status-publish","hentry"],"acf":[],"yoast_head":"<!-- This site is optimized with the Yoast SEO plugin v27.5 - https:\/\/yoast.com\/product\/yoast-seo-wordpress\/ -->\n<title>Kultur und Geschichte - Tourism Nova Scotia<\/title>\n<meta name=\"robots\" content=\"index, follow, max-snippet:-1, max-image-preview:large, max-video-preview:-1\" \/>\n<link rel=\"canonical\" href=\"https:\/\/novascotia.com\/de\/entdecken-sie\/kultur-und-geschichte\/\" \/>\n<meta property=\"og:locale\" content=\"de_DE\" \/>\n<meta property=\"og:type\" content=\"article\" \/>\n<meta property=\"og:title\" content=\"Kultur und Geschichte - Tourism Nova Scotia\" \/>\n<meta property=\"og:url\" content=\"https:\/\/novascotia.com\/de\/entdecken-sie\/kultur-und-geschichte\/\" \/>\n<meta property=\"og:site_name\" content=\"Tourism Nova Scotia\" \/>\n<meta property=\"article:publisher\" content=\"https:\/\/www.facebook.com\/novascotia\" \/>\n<meta property=\"article:modified_time\" content=\"2024-12-03T12:56:10+00:00\" \/>\n<meta name=\"twitter:card\" content=\"summary_large_image\" \/>\n<meta name=\"twitter:site\" content=\"@VisitNovaScotia\" \/>\n<script type=\"application\/ld+json\" class=\"yoast-schema-graph\">{\"@context\":\"https:\\\/\\\/schema.org\",\"@graph\":[{\"@type\":\"WebPage\",\"@id\":\"https:\\\/\\\/novascotia.com\\\/de\\\/entdecken-sie\\\/kultur-und-geschichte\\\/\",\"url\":\"https:\\\/\\\/novascotia.com\\\/de\\\/entdecken-sie\\\/kultur-und-geschichte\\\/\",\"name\":\"Kultur und Geschichte - Tourism Nova Scotia\",\"isPartOf\":{\"@id\":\"https:\\\/\\\/novascotia.com\\\/de\\\/#website\"},\"datePublished\":\"2024-11-19T18:34:14+00:00\",\"dateModified\":\"2024-12-03T12:56:10+00:00\",\"breadcrumb\":{\"@id\":\"https:\\\/\\\/novascotia.com\\\/de\\\/entdecken-sie\\\/kultur-und-geschichte\\\/#breadcrumb\"},\"inLanguage\":\"de\",\"potentialAction\":[{\"@type\":\"ReadAction\",\"target\":[\"https:\\\/\\\/novascotia.com\\\/de\\\/entdecken-sie\\\/kultur-und-geschichte\\\/\"]}]},{\"@type\":\"BreadcrumbList\",\"@id\":\"https:\\\/\\\/novascotia.com\\\/de\\\/entdecken-sie\\\/kultur-und-geschichte\\\/#breadcrumb\",\"itemListElement\":[{\"@type\":\"ListItem\",\"position\":1,\"name\":\"Home\",\"item\":\"https:\\\/\\\/novascotia.com\\\/de\\\/\"},{\"@type\":\"ListItem\",\"position\":2,\"name\":\"Entdecken Sie\",\"item\":\"https:\\\/\\\/novascotia.com\\\/de\\\/entdecken-sie\\\/\"},{\"@type\":\"ListItem\",\"position\":3,\"name\":\"Kultur und Geschichte\"}]},{\"@type\":\"WebSite\",\"@id\":\"https:\\\/\\\/novascotia.com\\\/de\\\/#website\",\"url\":\"https:\\\/\\\/novascotia.com\\\/de\\\/\",\"name\":\"Tourism Nova Scotia\",\"description\":\"Plan Your Trip to Nova Scotia\",\"potentialAction\":[{\"@type\":\"SearchAction\",\"target\":{\"@type\":\"EntryPoint\",\"urlTemplate\":\"https:\\\/\\\/novascotia.com\\\/de\\\/?s={search_term_string}\"},\"query-input\":{\"@type\":\"PropertyValueSpecification\",\"valueRequired\":true,\"valueName\":\"search_term_string\"}}],\"inLanguage\":\"de\"}]}<\/script>\n<!-- \/ Yoast SEO plugin. -->","yoast_head_json":{"title":"Kultur und Geschichte - Tourism Nova Scotia","robots":{"index":"index","follow":"follow","max-snippet":"max-snippet:-1","max-image-preview":"max-image-preview:large","max-video-preview":"max-video-preview:-1"},"canonical":"https:\/\/novascotia.com\/de\/entdecken-sie\/kultur-und-geschichte\/","og_locale":"de_DE","og_type":"article","og_title":"Kultur und Geschichte - Tourism Nova Scotia","og_url":"https:\/\/novascotia.com\/de\/entdecken-sie\/kultur-und-geschichte\/","og_site_name":"Tourism Nova Scotia","article_publisher":"https:\/\/www.facebook.com\/novascotia","article_modified_time":"2024-12-03T12:56:10+00:00","twitter_card":"summary_large_image","twitter_site":"@VisitNovaScotia","schema":{"@context":"https:\/\/schema.org","@graph":[{"@type":"WebPage","@id":"https:\/\/novascotia.com\/de\/entdecken-sie\/kultur-und-geschichte\/","url":"https:\/\/novascotia.com\/de\/entdecken-sie\/kultur-und-geschichte\/","name":"Kultur und Geschichte - Tourism Nova Scotia","isPartOf":{"@id":"https:\/\/novascotia.com\/de\/#website"},"datePublished":"2024-11-19T18:34:14+00:00","dateModified":"2024-12-03T12:56:10+00:00","breadcrumb":{"@id":"https:\/\/novascotia.com\/de\/entdecken-sie\/kultur-und-geschichte\/#breadcrumb"},"inLanguage":"de","potentialAction":[{"@type":"ReadAction","target":["https:\/\/novascotia.com\/de\/entdecken-sie\/kultur-und-geschichte\/"]}]},{"@type":"BreadcrumbList","@id":"https:\/\/novascotia.com\/de\/entdecken-sie\/kultur-und-geschichte\/#breadcrumb","itemListElement":[{"@type":"ListItem","position":1,"name":"Home","item":"https:\/\/novascotia.com\/de\/"},{"@type":"ListItem","position":2,"name":"Entdecken Sie","item":"https:\/\/novascotia.com\/de\/entdecken-sie\/"},{"@type":"ListItem","position":3,"name":"Kultur und Geschichte"}]},{"@type":"WebSite","@id":"https:\/\/novascotia.com\/de\/#website","url":"https:\/\/novascotia.com\/de\/","name":"Tourism Nova Scotia","description":"Plan Your Trip to Nova Scotia","potentialAction":[{"@type":"SearchAction","target":{"@type":"EntryPoint","urlTemplate":"https:\/\/novascotia.com\/de\/?s={search_term_string}"},"query-input":{"@type":"PropertyValueSpecification","valueRequired":true,"valueName":"search_term_string"}}],"inLanguage":"de"}]}},"_links":{"self":[{"href":"https:\/\/novascotia.com\/de\/wp-json\/wp\/v2\/pages\/95076","targetHints":{"allow":["GET"]}}],"collection":[{"href":"https:\/\/novascotia.com\/de\/wp-json\/wp\/v2\/pages"}],"about":[{"href":"https:\/\/novascotia.com\/de\/wp-json\/wp\/v2\/types\/page"}],"author":[{"embeddable":true,"href":"https:\/\/novascotia.com\/de\/wp-json\/wp\/v2\/users\/54"}],"replies":[{"embeddable":true,"href":"https:\/\/novascotia.com\/de\/wp-json\/wp\/v2\/comments?post=95076"}],"version-history":[{"count":0,"href":"https:\/\/novascotia.com\/de\/wp-json\/wp\/v2\/pages\/95076\/revisions"}],"up":[{"embeddable":true,"href":"https:\/\/novascotia.com\/de\/wp-json\/wp\/v2\/pages\/95021"}],"wp:attachment":[{"href":"https:\/\/novascotia.com\/de\/wp-json\/wp\/v2\/media?parent=95076"}],"curies":[{"name":"wp","href":"https:\/\/api.w.org\/{rel}","templated":true}]}}