{"id":95021,"date":"2024-11-19T14:19:06","date_gmt":"2024-11-19T18:19:06","guid":{"rendered":"https:\/\/tns.m5.ca\/?page_id=95021"},"modified":"2024-11-20T10:52:44","modified_gmt":"2024-11-20T14:52:44","slug":"entdecken-sie","status":"publish","type":"page","link":"https:\/\/novascotia.com\/de\/entdecken-sie\/","title":{"rendered":"Entdecken Sie"},"content":{"rendered":"    <section  class=\"section-banner default no-overlay\">\n                                <picture class=\"bg-image\">\n                                                <img decoding=\"async\" width=\"1920\" height=\"1080\" src=\"https:\/\/novascotia.com\/wp-content\/uploads\/2024\/11\/fundy-cliffside-yoga-kayaking-1920x1080-673cd4da12302.webp\" class=\"attachment-full size-full\" alt=\"\" srcset=\"https:\/\/novascotia.com\/wp-content\/uploads\/2024\/11\/fundy-cliffside-yoga-kayaking-1920x1080-673cd4da12302.webp 1920w, https:\/\/novascotia.com\/wp-content\/uploads\/2024\/11\/fundy-cliffside-yoga-kayaking-1920x1080-673cd4da12302-300x169.webp 300w, https:\/\/novascotia.com\/wp-content\/uploads\/2024\/11\/fundy-cliffside-yoga-kayaking-1920x1080-673cd4da12302-1024x576.webp 1024w, https:\/\/novascotia.com\/wp-content\/uploads\/2024\/11\/fundy-cliffside-yoga-kayaking-1920x1080-673cd4da12302-768x432.webp 768w, https:\/\/novascotia.com\/wp-content\/uploads\/2024\/11\/fundy-cliffside-yoga-kayaking-1920x1080-673cd4da12302-1536x864.webp 1536w\" sizes=\"(max-width: 1920px) 100vw, 1920px\" \/>            <\/picture>\n                            <div class=\"container\">\n                <div class=\"inner-holder\">\n                                            <div class=\"content w-large\">\n                                                            <h1>Entdecken Sie<\/h1>\n                                                        <p>eine Provinz Kanadas, die alle Ihre Sinne anspricht. Schlie\u00dfen Sie Ihre Augen. Lauschen Sie dem Meeresrauschen, das \u00fcberall pr\u00e4sent ist: an den K\u00fcstenorten, den malerischen Sandstr\u00e4nden, kleinen Fischerd\u00f6rfern, \u00fcber den Weing\u00fctern und den H\u00fcgeln der Highlands im Norden. Jeder Moment birgt eine neue \u00dcberraschung. Die Freude \u00fcber das Unerwartete. Die Kl\u00e4nge, Panoramen, Aromen und Geschichten von Orten und Menschen, von denen Sie nie erwartet h\u00e4tten, dass sie so viel zu bieten haben.<\/p>\n                        <\/div>\n                                    <\/div>\n            <\/div>\n            <\/section>\n<section class=\"section-breadcrumb\">\n    <div class=\"container\">\n    <div class=\"breadcrumbs\" typeof=\"BreadcrumbList\" vocab=\"https:\/\/schema.org\/\">\n            <ul class=\"breadcrumbs-list\">\n            <li class=\"home\"><span property=\"itemListElement\" typeof=\"ListItem\"><a property=\"item\" typeof=\"WebPage\" title=\"Go to Tourism Nova Scotia.\" href=\"https:\/\/novascotia.com\/de\/\" class=\"home\" ><span property=\"name\">Home<\/span><\/a><meta property=\"position\" content=\"1\"><\/span><\/li>\n<li class=\"post-root post post-post\"><span property=\"itemListElement\" typeof=\"ListItem\"><a property=\"item\" typeof=\"WebPage\" title=\"Gehe zu Blog.\" href=\"https:\/\/novascotia.com\/de\/blog\/\" class=\"post-root post post-post\" aria-current=\"page\"><span property=\"name\">Blog<\/span><\/a><meta property=\"position\" content=\"2\"><\/span><\/li>\n        <\/ul>\n    <\/div>\n    <\/div>\n<\/section>\n\n\n\n\n    <section  class=\"section-cards-grid  \">\n        <div class=\"container\">\n                                        <div class=\"cards-grid three-mod \">\n                                                                                                <div class=\"card-block\">\n                                                                    <figure>\n                                        <img decoding=\"async\" width=\"960\" height=\"540\" src=\"https:\/\/novascotia.com\/wp-content\/uploads\/2024\/11\/blomidon-estate-winery-annapolis-valley-1920x1080-673cd4d9a1ec8.webp\" class=\"attachment-full size-full\" alt=\"Essen &amp; Trinken\" srcset=\"https:\/\/novascotia.com\/wp-content\/uploads\/2024\/11\/blomidon-estate-winery-annapolis-valley-1920x1080-673cd4d9a1ec8.webp 960w, https:\/\/novascotia.com\/wp-content\/uploads\/2024\/11\/blomidon-estate-winery-annapolis-valley-1920x1080-673cd4d9a1ec8-300x169.webp 300w, https:\/\/novascotia.com\/wp-content\/uploads\/2024\/11\/blomidon-estate-winery-annapolis-valley-1920x1080-673cd4d9a1ec8-768x432.webp 768w\" sizes=\"(max-width: 960px) 100vw, 960px\" \/>                                    <\/figure>\n                                                                                                    <div class=\"entry-body\">\n                                                                                    <h3>Essen &amp; Trinken<\/h3>\n                                                                                                                                                                    <a class=\"btn\" href=\"\/de\/entdecken-sie\/essen-trinken\/\" target=\"_self\">\n                                                Mehr Erfahren                                            <\/a>\n                                                                            <\/div>\n                                                            <\/div>\n                                                                                                                        <div class=\"card-block\">\n                                                                    <figure>\n                                        <img decoding=\"async\" width=\"960\" height=\"540\" src=\"https:\/\/novascotia.com\/wp-content\/uploads\/2024\/11\/louisbourg-cannons-1920x1080-673cd4d8a6879.webp\" class=\"attachment-full size-full\" alt=\"\" srcset=\"https:\/\/novascotia.com\/wp-content\/uploads\/2024\/11\/louisbourg-cannons-1920x1080-673cd4d8a6879.webp 960w, https:\/\/novascotia.com\/wp-content\/uploads\/2024\/11\/louisbourg-cannons-1920x1080-673cd4d8a6879-300x169.webp 300w, https:\/\/novascotia.com\/wp-content\/uploads\/2024\/11\/louisbourg-cannons-1920x1080-673cd4d8a6879-768x432.webp 768w\" sizes=\"(max-width: 960px) 100vw, 960px\" \/>                                    <\/figure>\n                                                                                                    <div class=\"entry-body\">\n                                                                                    <h3>Kultur &amp; Geschichte<\/h3>\n                                                                                                                                                                    <a class=\"btn\" href=\"\/de\/entdecken-sie\/kultur-und-geschichte\/\" target=\"_self\">\n                                                Mehr Erfahren                                            <\/a>\n                                                                            <\/div>\n                                                            <\/div>\n                                                                                                                        <div class=\"card-block\">\n                                                                    <figure>\n                                        <img decoding=\"async\" width=\"960\" height=\"540\" src=\"https:\/\/novascotia.com\/wp-content\/uploads\/2024\/11\/halifaxskyline-sunset-1920x1080-673cd4d859cd2.webp\" class=\"attachment-full size-full\" alt=\"\" srcset=\"https:\/\/novascotia.com\/wp-content\/uploads\/2024\/11\/halifaxskyline-sunset-1920x1080-673cd4d859cd2.webp 960w, https:\/\/novascotia.com\/wp-content\/uploads\/2024\/11\/halifaxskyline-sunset-1920x1080-673cd4d859cd2-300x169.webp 300w, https:\/\/novascotia.com\/wp-content\/uploads\/2024\/11\/halifaxskyline-sunset-1920x1080-673cd4d859cd2-768x432.webp 768w\" sizes=\"(max-width: 960px) 100vw, 960px\" \/>                                    <\/figure>\n                                                                                                    <div class=\"entry-body\">\n                                                                                    <h3>St\u00e4dte &amp; Ortschaften<\/h3>\n                                                                                                                                                                    <a class=\"btn\" href=\"\/de\/entdecken-sie\/staedte-ortschaften\/\" target=\"_self\">\n                                                Mehr Erfahren                                            <\/a>\n                                                                            <\/div>\n                                                            <\/div>\n                                                                                                                        <div class=\"card-block\">\n                                                                    <figure>\n                                        <img decoding=\"async\" width=\"960\" height=\"540\" src=\"https:\/\/novascotia.com\/wp-content\/uploads\/2024\/11\/franeytrail-1920x1080-673cd4d76fdf5.webp\" class=\"attachment-full size-full\" alt=\"Outdoor-Abenteuer\" srcset=\"https:\/\/novascotia.com\/wp-content\/uploads\/2024\/11\/franeytrail-1920x1080-673cd4d76fdf5.webp 960w, https:\/\/novascotia.com\/wp-content\/uploads\/2024\/11\/franeytrail-1920x1080-673cd4d76fdf5-300x169.webp 300w, https:\/\/novascotia.com\/wp-content\/uploads\/2024\/11\/franeytrail-1920x1080-673cd4d76fdf5-768x432.webp 768w\" sizes=\"(max-width: 960px) 100vw, 960px\" \/>                                    <\/figure>\n                                                                                                    <div class=\"entry-body\">\n                                                                                    <h3>Outdoor-Abenteuer<\/h3>\n                                                                                                                                                                    <a class=\"btn\" href=\"\/de\/entdecken-sie\/outdoor-abenteuer\/\" target=\"_self\">\n                                                Mehr Erfahren                                            <\/a>\n                                                                            <\/div>\n                                                            <\/div>\n                                                                                                                        <div class=\"card-block\">\n                                                                    <figure>\n                                        <img decoding=\"async\" width=\"960\" height=\"540\" src=\"https:\/\/novascotia.com\/wp-content\/uploads\/2024\/11\/lawrencetown-beach-lone-surfer-golden-1920x1080-673cd4d723c7e.webp\" class=\"attachment-full size-full\" alt=\"Str\u00e4nde &amp; Meeresk\u00fcste\" srcset=\"https:\/\/novascotia.com\/wp-content\/uploads\/2024\/11\/lawrencetown-beach-lone-surfer-golden-1920x1080-673cd4d723c7e.webp 960w, https:\/\/novascotia.com\/wp-content\/uploads\/2024\/11\/lawrencetown-beach-lone-surfer-golden-1920x1080-673cd4d723c7e-300x169.webp 300w, https:\/\/novascotia.com\/wp-content\/uploads\/2024\/11\/lawrencetown-beach-lone-surfer-golden-1920x1080-673cd4d723c7e-768x432.webp 768w\" sizes=\"(max-width: 960px) 100vw, 960px\" \/>                                    <\/figure>\n                                                                                                    <div class=\"entry-body\">\n                                                                                    <h3>Str\u00e4nde &amp; Meeresk\u00fcste<\/h3>\n                                                                                                                                                                    <a class=\"btn\" href=\"\/de\/entdecken-sie\/straende-meereskueste\/\" target=\"_self\">\n                                                Mehr Erfahren                                            <\/a>\n                                                                            <\/div>\n                                                            <\/div>\n                                                                                                                        <div class=\"card-block\">\n                                                                    <figure>\n                                        <img decoding=\"async\" width=\"960\" height=\"540\" src=\"https:\/\/novascotia.com\/wp-content\/uploads\/2024\/11\/cabottrailinthefall-dcba-1920x1080-673cd4d5ce121.webp\" class=\"attachment-full size-full\" alt=\"Nova Scotia Roadtrips\" srcset=\"https:\/\/novascotia.com\/wp-content\/uploads\/2024\/11\/cabottrailinthefall-dcba-1920x1080-673cd4d5ce121.webp 960w, https:\/\/novascotia.com\/wp-content\/uploads\/2024\/11\/cabottrailinthefall-dcba-1920x1080-673cd4d5ce121-300x169.webp 300w, https:\/\/novascotia.com\/wp-content\/uploads\/2024\/11\/cabottrailinthefall-dcba-1920x1080-673cd4d5ce121-768x432.webp 768w\" sizes=\"(max-width: 960px) 100vw, 960px\" \/>                                    <\/figure>\n                                                                                                    <div class=\"entry-body\">\n                                                                                    <h3>Nova Scotia Roadtrips<\/h3>\n                                                                                                                                                                    <a class=\"btn\" href=\"\/de\/entdecken-sie\/nova-scotia-roadtrips\/\" target=\"_self\">\n                                                Mehr Erfahren                                            <\/a>\n                                                                            <\/div>\n                                                            <\/div>\n                                                                                                                        <div class=\"card-block\">\n                                                                    <figure>\n                                        <img decoding=\"async\" width=\"2000\" height=\"1500\" src=\"https:\/\/novascotia.com\/wp-content\/uploads\/2024\/11\/Mahone-Bay-South-Shore-INSPIRING-CONTENT-WATERFRONT-DEVELOPMENT-IMG_2437.webp\" class=\"attachment-full size-full\" alt=\"View of the Three Churches in Mahone Bay over the water in the autumn in Nova Scotia\" srcset=\"https:\/\/novascotia.com\/wp-content\/uploads\/2024\/11\/Mahone-Bay-South-Shore-INSPIRING-CONTENT-WATERFRONT-DEVELOPMENT-IMG_2437.webp 2000w, https:\/\/novascotia.com\/wp-content\/uploads\/2024\/11\/Mahone-Bay-South-Shore-INSPIRING-CONTENT-WATERFRONT-DEVELOPMENT-IMG_2437-300x225.webp 300w, https:\/\/novascotia.com\/wp-content\/uploads\/2024\/11\/Mahone-Bay-South-Shore-INSPIRING-CONTENT-WATERFRONT-DEVELOPMENT-IMG_2437-1024x768.webp 1024w, https:\/\/novascotia.com\/wp-content\/uploads\/2024\/11\/Mahone-Bay-South-Shore-INSPIRING-CONTENT-WATERFRONT-DEVELOPMENT-IMG_2437-768x576.webp 768w, https:\/\/novascotia.com\/wp-content\/uploads\/2024\/11\/Mahone-Bay-South-Shore-INSPIRING-CONTENT-WATERFRONT-DEVELOPMENT-IMG_2437-1536x1152.webp 1536w\" sizes=\"(max-width: 2000px) 100vw, 2000px\" \/>                                    <\/figure>\n                                                                                                    <div class=\"entry-body\">\n                                                                                    <h3>Der leuchtende Herbst in Nova Scotia<\/h3>\n                                                                                                                                                                    <a class=\"btn\" href=\"\/de\/entdecken-sie\/der-leuchtende-herbst-in-nova-scotia\/\" target=\"_self\">\n                                                Mehr Erfahren                                            <\/a>\n                                                                            <\/div>\n                                                            <\/div>\n                                                            <\/div>\n                    <\/div>\n    <\/section>\n","protected":false},"excerpt":{"rendered":"","protected":false},"author":54,"featured_media":0,"parent":0,"menu_order":0,"comment_status":"closed","ping_status":"closed","template":"","meta":{"_acf_changed":false,"_searchwp_excluded":"","footnotes":""},"class_list":["post-95021","page","type-page","status-publish","hentry"],"acf":[],"yoast_head":"<!-- This site is optimized with the Yoast SEO plugin v27.5 - https:\/\/yoast.com\/product\/yoast-seo-wordpress\/ -->\n<title>Entdecken Sie - Tourism Nova Scotia<\/title>\n<meta name=\"robots\" content=\"index, follow, max-snippet:-1, max-image-preview:large, max-video-preview:-1\" \/>\n<link rel=\"canonical\" href=\"https:\/\/novascotia.com\/de\/entdecken-sie\/\" \/>\n<meta property=\"og:locale\" content=\"de_DE\" \/>\n<meta property=\"og:type\" content=\"article\" \/>\n<meta property=\"og:title\" content=\"Entdecken Sie - Tourism Nova Scotia\" \/>\n<meta property=\"og:url\" content=\"https:\/\/novascotia.com\/de\/entdecken-sie\/\" \/>\n<meta property=\"og:site_name\" content=\"Tourism Nova Scotia\" \/>\n<meta property=\"article:publisher\" content=\"https:\/\/www.facebook.com\/novascotia\" \/>\n<meta property=\"article:modified_time\" content=\"2024-11-20T14:52:44+00:00\" \/>\n<meta name=\"twitter:card\" content=\"summary_large_image\" \/>\n<meta name=\"twitter:site\" content=\"@VisitNovaScotia\" \/>\n<script type=\"application\/ld+json\" class=\"yoast-schema-graph\">{\"@context\":\"https:\\\/\\\/schema.org\",\"@graph\":[{\"@type\":\"WebPage\",\"@id\":\"https:\\\/\\\/novascotia.com\\\/de\\\/entdecken-sie\\\/\",\"url\":\"https:\\\/\\\/novascotia.com\\\/de\\\/entdecken-sie\\\/\",\"name\":\"Entdecken Sie - Tourism Nova Scotia\",\"isPartOf\":{\"@id\":\"https:\\\/\\\/novascotia.com\\\/de\\\/#website\"},\"datePublished\":\"2024-11-19T18:19:06+00:00\",\"dateModified\":\"2024-11-20T14:52:44+00:00\",\"breadcrumb\":{\"@id\":\"https:\\\/\\\/novascotia.com\\\/de\\\/entdecken-sie\\\/#breadcrumb\"},\"inLanguage\":\"de\",\"potentialAction\":[{\"@type\":\"ReadAction\",\"target\":[\"https:\\\/\\\/novascotia.com\\\/de\\\/entdecken-sie\\\/\"]}]},{\"@type\":\"BreadcrumbList\",\"@id\":\"https:\\\/\\\/novascotia.com\\\/de\\\/entdecken-sie\\\/#breadcrumb\",\"itemListElement\":[{\"@type\":\"ListItem\",\"position\":1,\"name\":\"Home\",\"item\":\"https:\\\/\\\/novascotia.com\\\/de\\\/\"},{\"@type\":\"ListItem\",\"position\":2,\"name\":\"Entdecken Sie\"}]},{\"@type\":\"WebSite\",\"@id\":\"https:\\\/\\\/novascotia.com\\\/de\\\/#website\",\"url\":\"https:\\\/\\\/novascotia.com\\\/de\\\/\",\"name\":\"Tourism Nova Scotia\",\"description\":\"Plan Your Trip to Nova Scotia\",\"potentialAction\":[{\"@type\":\"SearchAction\",\"target\":{\"@type\":\"EntryPoint\",\"urlTemplate\":\"https:\\\/\\\/novascotia.com\\\/de\\\/?s={search_term_string}\"},\"query-input\":{\"@type\":\"PropertyValueSpecification\",\"valueRequired\":true,\"valueName\":\"search_term_string\"}}],\"inLanguage\":\"de\"}]}<\/script>\n<!-- \/ Yoast SEO plugin. -->","yoast_head_json":{"title":"Entdecken Sie - Tourism Nova Scotia","robots":{"index":"index","follow":"follow","max-snippet":"max-snippet:-1","max-image-preview":"max-image-preview:large","max-video-preview":"max-video-preview:-1"},"canonical":"https:\/\/novascotia.com\/de\/entdecken-sie\/","og_locale":"de_DE","og_type":"article","og_title":"Entdecken Sie - Tourism Nova Scotia","og_url":"https:\/\/novascotia.com\/de\/entdecken-sie\/","og_site_name":"Tourism Nova Scotia","article_publisher":"https:\/\/www.facebook.com\/novascotia","article_modified_time":"2024-11-20T14:52:44+00:00","twitter_card":"summary_large_image","twitter_site":"@VisitNovaScotia","schema":{"@context":"https:\/\/schema.org","@graph":[{"@type":"WebPage","@id":"https:\/\/novascotia.com\/de\/entdecken-sie\/","url":"https:\/\/novascotia.com\/de\/entdecken-sie\/","name":"Entdecken Sie - Tourism Nova Scotia","isPartOf":{"@id":"https:\/\/novascotia.com\/de\/#website"},"datePublished":"2024-11-19T18:19:06+00:00","dateModified":"2024-11-20T14:52:44+00:00","breadcrumb":{"@id":"https:\/\/novascotia.com\/de\/entdecken-sie\/#breadcrumb"},"inLanguage":"de","potentialAction":[{"@type":"ReadAction","target":["https:\/\/novascotia.com\/de\/entdecken-sie\/"]}]},{"@type":"BreadcrumbList","@id":"https:\/\/novascotia.com\/de\/entdecken-sie\/#breadcrumb","itemListElement":[{"@type":"ListItem","position":1,"name":"Home","item":"https:\/\/novascotia.com\/de\/"},{"@type":"ListItem","position":2,"name":"Entdecken Sie"}]},{"@type":"WebSite","@id":"https:\/\/novascotia.com\/de\/#website","url":"https:\/\/novascotia.com\/de\/","name":"Tourism Nova Scotia","description":"Plan Your Trip to Nova Scotia","potentialAction":[{"@type":"SearchAction","target":{"@type":"EntryPoint","urlTemplate":"https:\/\/novascotia.com\/de\/?s={search_term_string}"},"query-input":{"@type":"PropertyValueSpecification","valueRequired":true,"valueName":"search_term_string"}}],"inLanguage":"de"}]}},"_links":{"self":[{"href":"https:\/\/novascotia.com\/de\/wp-json\/wp\/v2\/pages\/95021","targetHints":{"allow":["GET"]}}],"collection":[{"href":"https:\/\/novascotia.com\/de\/wp-json\/wp\/v2\/pages"}],"about":[{"href":"https:\/\/novascotia.com\/de\/wp-json\/wp\/v2\/types\/page"}],"author":[{"embeddable":true,"href":"https:\/\/novascotia.com\/de\/wp-json\/wp\/v2\/users\/54"}],"replies":[{"embeddable":true,"href":"https:\/\/novascotia.com\/de\/wp-json\/wp\/v2\/comments?post=95021"}],"version-history":[{"count":0,"href":"https:\/\/novascotia.com\/de\/wp-json\/wp\/v2\/pages\/95021\/revisions"}],"wp:attachment":[{"href":"https:\/\/novascotia.com\/de\/wp-json\/wp\/v2\/media?parent=95021"}],"curies":[{"name":"wp","href":"https:\/\/api.w.org\/{rel}","templated":true}]}}